{"id":4256,"date":"2024-12-02T12:37:46","date_gmt":"2024-12-02T11:37:46","guid":{"rendered":"https:\/\/www.vogelsanginstitut.at\/at\/?page_id=4256"},"modified":"2024-12-02T13:05:01","modified_gmt":"2024-12-02T12:05:01","slug":"fuehrung-durch-den-dom-zu-st-stephan-mit-domarchivar-reinhard-gruber-duplicate-1","status":"publish","type":"page","link":"https:\/\/www.vogelsanginstitut.at\/at\/?page_id=4256","title":{"rendered":"Forschungen aus dem Archiv. Richard Weiskirchner: Ein zu Unrecht (fast) vergessener Wiener B\u00fcrgermeister"},"content":{"rendered":"\n<p><\/p>\n\n\n\n<p><strong>Forschungen aus dem Archiv<\/strong><\/p>\n\n\n\n<p><strong>Richard Weiskirchner. Ein zu Unrecht (fast) vergessener Wiener B\u00fcrgermeister.<\/strong><br><strong>\u201eMein Programm hei\u00dft Dr. Karl Lueger\u201c<\/strong> Vortrag von Prof. Mag. Christian Mertens<\/p>\n\n\n\n<p><strong>Donnerstag, 26. November 2024<\/strong><\/p>\n\n\n\n<p>Richard Weiskirchner bestimmte als \u201eKriegsb\u00fcrgermeister\u201c und als (Nach-) Nachfolger Karl Luegers, des \u00dcbervaters der Christlichsozialen Partei, das Schicksal der Stadt Wien von 1912 bis 1919 entscheidend mit. Am Vorabend des Ersten Weltkrieges blieb sein politischer Spielraum jedoch beschr\u00e4nkt. Dar\u00fcber hinaus war Weiskirchner erst aus einem Diadochenkampf zu Luegers Nachfolger geworden. Dieser Geburtsfehler blieb Weiskirchner anhaften. Als hoher Beamter des Wiener Rathauses, als Pragmatiker &#8211; wie ihn sein Biograph Christian Mertens bezeichnet \u2013 lag sein Verdienst eher darin, eine Partei, die in eine extrem gef\u00e4hrliche Schieflage gekommen war und ihre Identit\u00e4t und den Sinn im Zusammenhalt suchte, zu f\u00fchren.<\/p>\n\n\n\n<p>Die Christlichsoziale Partei war durch Luegers Tod ihres Zentrums und ihrer Identifikationsfigur beraubt. Immerhin gelang es Weiskirchner, die Talfahrt der bis 1911 erfolgsverw\u00f6hnten Christlichsozialen Partei zu verlangsamen \u2013 oder wie manche es interpretieren &#8211; zu stoppen. Als B\u00fcrgermeister der Reichs-, Haupt- und Residenzstadt Wien konnte Weiskirchner sehr wenige seiner gro\u00dfen und im Grunde ehrgeizigen Pl\u00e4ne umsetzen. Egal ob dies eine U-Bahn f\u00fcr Wien war oder der Bau zus\u00e4tzlicher Donaubr\u00fccken. Der Ausbruch des ersten Weltkrieges brachte weitere extreme Not und allgemeinen Mangel \u00fcber Wien.<\/p>\n\n\n\n<p>Symbolisch ist \u201eseine Stra\u00dfe\u201c im Stadtplan Wiens zu sehen. Als verl\u00e4ngerte Landstrasser Hauptstra\u00dfe f\u00fchrt die Weiskirchnerstra\u00dfe direkt hin &#8211; nur durch den Ring getrennt \u2013 zum Lueger-Platz und zum Lueger-Denkmal.<\/p>\n\n\n\n<p>Der Vortragende Mag. Christian Mertens, stv. Leiter der Wienbibliothek und einer der f\u00fchrenden Historiker zur Geschichte der Christdemokratie in \u00d6sterreich und in Europa, f\u00fchrte anhand seines 2006 erschienen Buches \u00fcber Richard Weiskirchner kenntnisreich und voller Anekdoten (inklusive Karikaturen der Zeit!) durch diesen Abend an dem mehr als 35 Besucher teilnahmen. Die \u201eWeiskirchner-Biographie\u201c war seinerzeit mit Hilfe umfangreicher Quellen aus dem Archiv des KvVI entstanden.\u00a0<\/p>\n\n\n\n<figure class=\"wp-block-image size-full\"><img decoding=\"async\" src=\"https:\/\/www.vogelsanginstitut.at\/at\/wp-content\/uploads\/2024\/12\/kvvi_mertens.jpg\" alt=\"\" class=\"wp-image-4257\"\/><\/figure>\n\n\n\n<p>Christian Mertens bei seinem Vortrag \u00fcber B\u00fcrgermeister Richard Weiskirchner.<\/p>\n\n\n\n<p><\/p>\n\n\n\n<p><\/p>\n\n\n\n<p><\/p>\n","protected":false},"excerpt":{"rendered":"<p>Richard Weiskirchner bestimmte als \u201eKriegsb\u00fcrgermeister\u201c und als (Nach-) Nachfolger Karl Luegers, des \u00dcbervaters der Christlichsozialen Partei, das Schicksal der Stadt Wien von 1912 bis 1919 entscheidend mit. Am Vorabend des Ersten Weltkrieges blieb sein politischer Spielraum jedoch beschr\u00e4nkt. Dar\u00fcber hinaus war Weiskirchner erst aus einem Diadochenkampf zu Luegers Nachfolger geworden. Dieser Geburtsfehler blieb Weiskirchner anhaften. Als hoher Beamter des Wiener Rathauses, als Pragmatiker &#8211; wie ihn sein Biograph Christian Mertens bezeichnet \u2013 lag sein Verdienst eher darin, eine Partei, die in eine extrem gef\u00e4hrliche Schieflage gekommen war und ihre Identit\u00e4t und den Sinn im Zusammenhalt suchte, zu f\u00fchren. <a href=\"https:\/\/www.vogelsanginstitut.at\/at\/?page_id=4256\">>>Weiterlesen<\/a><\/p>\n","protected":false},"author":1,"featured_media":4257,"parent":0,"menu_order":0,"comment_status":"closed","ping_status":"closed","template":"","meta":{"footnotes":""},"_links":{"self":[{"href":"https:\/\/www.vogelsanginstitut.at\/at\/index.php?rest_route=\/wp\/v2\/pages\/4256"}],"collection":[{"href":"https:\/\/www.vogelsanginstitut.at\/at\/index.php?rest_route=\/wp\/v2\/pages"}],"about":[{"href":"https:\/\/www.vogelsanginstitut.at\/at\/index.php?rest_route=\/wp\/v2\/types\/page"}],"author":[{"embeddable":true,"href":"https:\/\/www.vogelsanginstitut.at\/at\/index.php?rest_route=\/wp\/v2\/users\/1"}],"replies":[{"embeddable":true,"href":"https:\/\/www.vogelsanginstitut.at\/at\/index.php?rest_route=%2Fwp%2Fv2%2Fcomments&post=4256"}],"version-history":[{"count":2,"href":"https:\/\/www.vogelsanginstitut.at\/at\/index.php?rest_route=\/wp\/v2\/pages\/4256\/revisions"}],"predecessor-version":[{"id":4262,"href":"https:\/\/www.vogelsanginstitut.at\/at\/index.php?rest_route=\/wp\/v2\/pages\/4256\/revisions\/4262"}],"wp:featuredmedia":[{"embeddable":true,"href":"https:\/\/www.vogelsanginstitut.at\/at\/index.php?rest_route=\/wp\/v2\/media\/4257"}],"wp:attachment":[{"href":"https:\/\/www.vogelsanginstitut.at\/at\/index.php?rest_route=%2Fwp%2Fv2%2Fmedia&parent=4256"}],"curies":[{"name":"wp","href":"https:\/\/api.w.org\/{rel}","templated":true}]}}