{"id":4117,"date":"2024-06-10T10:36:05","date_gmt":"2024-06-10T08:36:05","guid":{"rendered":"https:\/\/www.vogelsanginstitut.at\/at\/?page_id=4117"},"modified":"2024-06-10T10:56:38","modified_gmt":"2024-06-10T08:56:38","slug":"fuehrungen-durch-das-filmarchiv-austria-im-mai-2024","status":"publish","type":"page","link":"https:\/\/www.vogelsanginstitut.at\/at\/?page_id=4117","title":{"rendered":"F\u00fchrungen durch das Filmarchiv Austria im Mai 2024"},"content":{"rendered":"\n<p><strong>F\u00fchrungen durch das Filmarchiv Austria im Mai 2024<\/strong><\/p>\n\n\n\n<p>An zwei Tagen \u2013 Donnerstag, 16. Mai und Donnerstag, 23. Mai 2024 \u2013 veranstaltete das Karl von Vogelsang-Institut Exkursionen durch das Filmarchiv Austria. Grundlage dieser beiden Veranstaltungen war der Umstand, dass das Institut vor mittlerweile mehr als 25 Jahren seine eigene, umfangreiche Sammlung von historischen Filmbest\u00e4nden (1949-1975) an das Filmarchiv ausgelagert hat. Die Eigentums- und Nutzungsrechte verblieben beim Karl von Vogelsang-Institut.<\/p>\n\n\n\n<p>Zun\u00e4chst fand eine F\u00fchrung am 16. Mai durch die technischen Einrichtungen des Filmarchivs im Wiener Augarten statt. DI Florian Wrobel f\u00fchrte kompetent und detailreich durch die Stationen von Restaurierung und Digitalisierung historischer Filme. Es ergaben sich zahlreiche Gelegenheiten, Mitarbeitern des Filmarchivs bei ihren beeindruckenden Arbeiten am Schneide- und Kopiertisch \u00fcber die \u201eSchulter sehen&#8221; zu k\u00f6nnen. (Die Anschaffungskosten von zentralen Ger\u00e4ten k\u00f6nnen ebenso als beeindruckend angesehen werden: Alleine der modernste Film-Digitalisierer hat einen Wert von &nbsp;800.000 Euro.)<\/p>\n\n\n\n<p>Am 23. Mai f\u00fchrte uns der zweite Standort des Filmarchivs nach Laxenburg. Im Hochsicherheits-Depot lagern hunderttausende Rollen von Nitrofilmen, deren \u00e4lteste Best\u00e4nde aus dem 19. Jahrhundert stammen. Direktor Dr. Nikolaus Wostry f\u00fchrte mit Leidenschaft und Fachkenntnis durch die modernsten Depots des Filmarchivs. Das Depot gilt allgemein f\u00fcr Besucher als gesperrt und wurde ausnahmsweise f\u00fcr unsere F\u00fchrung zug\u00e4nglich gemacht.<\/p>\n\n\n\n<p>Darunter befinden sich hunderte Nitrofilme der \u00d6VP aus der Sammlung des Karl von Vogelsang-Instituts. Besonderes Augenmerk zogen die Pr\u00e4sentationen historischer Filmprojektoren und die urspr\u00fcnglichen Techniken von \u201eKinematographen&#8221; auf sich. Die beiden F\u00fchrungen durch das Filmarchiv Austria haben unterstrichen, dass unser Blick auf das 20. Jahrhundert ma\u00dfgeblich durch Filme und Bilder bestimmt wurde und wird.<\/p>\n\n\n\n<p>Zu beiden Terminen kamen je 20 Teilnehmer. Weitere Exkursionen zu historischen Forschungseinrichtungen werden auch in Zukunft Interessierten angeboten werden.<\/p>\n\n\n\n<figure class=\"wp-block-image size-large\"><img loading=\"lazy\" decoding=\"async\" width=\"1024\" height=\"768\" src=\"https:\/\/www.vogelsanginstitut.at\/at\/wp-content\/uploads\/2024\/06\/filmarchiv1-1024x768.png\" alt=\"\" class=\"wp-image-4118\" srcset=\"https:\/\/www.vogelsanginstitut.at\/at\/wp-content\/uploads\/2024\/06\/filmarchiv1-1024x768.png 1024w, https:\/\/www.vogelsanginstitut.at\/at\/wp-content\/uploads\/2024\/06\/filmarchiv1-300x225.png 300w, https:\/\/www.vogelsanginstitut.at\/at\/wp-content\/uploads\/2024\/06\/filmarchiv1-768x576.png 768w, https:\/\/www.vogelsanginstitut.at\/at\/wp-content\/uploads\/2024\/06\/filmarchiv1-1536x1152.png 1536w, https:\/\/www.vogelsanginstitut.at\/at\/wp-content\/uploads\/2024\/06\/filmarchiv1.png 2000w\" sizes=\"(max-width: 1024px) 100vw, 1024px\" \/><\/figure>\n\n\n\n<p>Im Schneideraum des Filmarchivs im Augarten.<br>F\u00fcr die Restaurierung von einer Minute Film wird im Schnitt eine Woche Arbeit am Schneidetisch ben\u00f6tigt.<\/p>\n\n\n\n<figure class=\"wp-block-image size-large\"><img loading=\"lazy\" decoding=\"async\" width=\"1024\" height=\"768\" src=\"https:\/\/www.vogelsanginstitut.at\/at\/wp-content\/uploads\/2024\/06\/filmarchiv2-1024x768.png\" alt=\"\" class=\"wp-image-4119\" srcset=\"https:\/\/www.vogelsanginstitut.at\/at\/wp-content\/uploads\/2024\/06\/filmarchiv2-1024x768.png 1024w, https:\/\/www.vogelsanginstitut.at\/at\/wp-content\/uploads\/2024\/06\/filmarchiv2-300x225.png 300w, https:\/\/www.vogelsanginstitut.at\/at\/wp-content\/uploads\/2024\/06\/filmarchiv2-768x576.png 768w, https:\/\/www.vogelsanginstitut.at\/at\/wp-content\/uploads\/2024\/06\/filmarchiv2-1536x1152.png 1536w, https:\/\/www.vogelsanginstitut.at\/at\/wp-content\/uploads\/2024\/06\/filmarchiv2-2048x1536.png 2048w\" sizes=\"(max-width: 1024px) 100vw, 1024px\" \/><\/figure>\n\n\n\n<p>Im Filmarchiv Austria wird eine der umfangreichsten Sammlungen an Filmplakaten und Filmprogrammen verwahrt.<\/p>\n\n\n\n<figure class=\"wp-block-image size-large\"><img loading=\"lazy\" decoding=\"async\" width=\"1024\" height=\"768\" src=\"https:\/\/www.vogelsanginstitut.at\/at\/wp-content\/uploads\/2024\/06\/filmarchiv3-1024x768.png\" alt=\"\" class=\"wp-image-4120\" srcset=\"https:\/\/www.vogelsanginstitut.at\/at\/wp-content\/uploads\/2024\/06\/filmarchiv3-1024x768.png 1024w, https:\/\/www.vogelsanginstitut.at\/at\/wp-content\/uploads\/2024\/06\/filmarchiv3-300x225.png 300w, https:\/\/www.vogelsanginstitut.at\/at\/wp-content\/uploads\/2024\/06\/filmarchiv3-768x576.png 768w, https:\/\/www.vogelsanginstitut.at\/at\/wp-content\/uploads\/2024\/06\/filmarchiv3-1536x1152.png 1536w, https:\/\/www.vogelsanginstitut.at\/at\/wp-content\/uploads\/2024\/06\/filmarchiv3.png 2000w\" sizes=\"(max-width: 1024px) 100vw, 1024px\" \/><\/figure>\n\n\n\n<p>Analoges Filmmaterial wird aufw\u00e4ndig restauriert um anschlie\u00dfend digitalisiert zu werden.<\/p>\n\n\n\n<figure class=\"wp-block-image size-large\"><img loading=\"lazy\" decoding=\"async\" width=\"768\" height=\"1024\" src=\"https:\/\/www.vogelsanginstitut.at\/at\/wp-content\/uploads\/2024\/06\/filmarchiv4-768x1024.png\" alt=\"\" class=\"wp-image-4121\" srcset=\"https:\/\/www.vogelsanginstitut.at\/at\/wp-content\/uploads\/2024\/06\/filmarchiv4-768x1024.png 768w, https:\/\/www.vogelsanginstitut.at\/at\/wp-content\/uploads\/2024\/06\/filmarchiv4-225x300.png 225w, https:\/\/www.vogelsanginstitut.at\/at\/wp-content\/uploads\/2024\/06\/filmarchiv4-1152x1536.png 1152w, https:\/\/www.vogelsanginstitut.at\/at\/wp-content\/uploads\/2024\/06\/filmarchiv4.png 1500w\" sizes=\"(max-width: 768px) 100vw, 768px\" \/><\/figure>\n\n\n\n<p>Dr. Nikolaus Wostry pr\u00e4sentiert eine der \u00e4ltesten Filmrollen des Filmarchivs.<br>Ein privater Film aus dem Besitz von Kaiser Karl I. aus dem Jahre 1917.<\/p>\n\n\n\n<figure class=\"wp-block-image size-large\"><img loading=\"lazy\" decoding=\"async\" width=\"1024\" height=\"768\" src=\"https:\/\/www.vogelsanginstitut.at\/at\/wp-content\/uploads\/2024\/06\/filmarchiv5-1024x768.png\" alt=\"\" class=\"wp-image-4122\" srcset=\"https:\/\/www.vogelsanginstitut.at\/at\/wp-content\/uploads\/2024\/06\/filmarchiv5-1024x768.png 1024w, https:\/\/www.vogelsanginstitut.at\/at\/wp-content\/uploads\/2024\/06\/filmarchiv5-300x225.png 300w, https:\/\/www.vogelsanginstitut.at\/at\/wp-content\/uploads\/2024\/06\/filmarchiv5-768x576.png 768w, https:\/\/www.vogelsanginstitut.at\/at\/wp-content\/uploads\/2024\/06\/filmarchiv5-1536x1152.png 1536w, https:\/\/www.vogelsanginstitut.at\/at\/wp-content\/uploads\/2024\/06\/filmarchiv5.png 2000w\" sizes=\"(max-width: 1024px) 100vw, 1024px\" \/><\/figure>\n\n\n\n<p>Pr\u00e4sentation historischer Filmtechniken.<br>Das Medium Film entwickelte sich aus zahlreichen Innovationen und Erfindungen.<\/p>\n\n\n\n<figure class=\"wp-block-image size-large\"><img loading=\"lazy\" decoding=\"async\" width=\"1024\" height=\"768\" src=\"https:\/\/www.vogelsanginstitut.at\/at\/wp-content\/uploads\/2024\/06\/filmarchiv6-1024x768.png\" alt=\"\" class=\"wp-image-4123\" srcset=\"https:\/\/www.vogelsanginstitut.at\/at\/wp-content\/uploads\/2024\/06\/filmarchiv6-1024x768.png 1024w, https:\/\/www.vogelsanginstitut.at\/at\/wp-content\/uploads\/2024\/06\/filmarchiv6-300x225.png 300w, https:\/\/www.vogelsanginstitut.at\/at\/wp-content\/uploads\/2024\/06\/filmarchiv6-768x576.png 768w, https:\/\/www.vogelsanginstitut.at\/at\/wp-content\/uploads\/2024\/06\/filmarchiv6-1536x1152.png 1536w, https:\/\/www.vogelsanginstitut.at\/at\/wp-content\/uploads\/2024\/06\/filmarchiv6.png 2000w\" sizes=\"(max-width: 1024px) 100vw, 1024px\" \/><\/figure>\n\n\n\n<p>Das Nitrofilmdepot gilt als Hochsicherheitslager und weist besondere Klima- und Lagerungsbedingungen auf.<br>Aus diesem Grund werden die Materialien au\u00dferhalb des verbauten Gebiets gelagert.<br>Das Depot gilt f\u00fcr Besucher als gesperrt und wurde ausnahmsweise f\u00fcr unsere F\u00fchrung zug\u00e4nglich gemacht.<\/p>\n","protected":false},"excerpt":{"rendered":"<p>An zwei Tagen \u2013 Donnerstag, 16. Mai und Donnerstag, 23. Mai 2024 \u2013 veranstaltete das Karl von Vogelsang-Institut Exkursionen durch das Filmarchiv Austria. Grundlage dieser beiden Veranstaltungen war der Umstand, dass das Institut vor mittlerweile mehr als 25 Jahren seine eigene, umfangreiche Sammlung von historischen Filmbest\u00e4nden (1949-1975) an das Filmarchiv ausgelagert hat. Die Eigentums- und Nutzungsrechte verblieben beim Karl von Vogelsang-Institut.<\/p>\n<p>Zun\u00e4chst fand eine F\u00fchrung am 16. Mai durch die technischen Einrichtungen des Filmarchivs im Wiener Augarten statt. DI Florian Wrobel f\u00fchrte kompetent und detailreich durch die Stationen von Restaurierung und Digitalisierung historischer Filme. Es ergaben sich zahlreiche Gelegenheiten, Mitarbeitern des Filmarchivs bei ihren beeindruckenden Arbeiten am Schneide- und Kopiertisch \u00fcber die \u201eSchulter sehen&#8221; zu k\u00f6nnen. (Die Anschaffungskosten von zentralen Ger\u00e4ten k\u00f6nnen ebenso als beeindruckend angesehen werden: Alleine der modernste Film-Digitalisierer hat einen Wert von \u00a0800.000 Euro.)  <a href=\"https:\/\/www.vogelsanginstitut.at\/at\/?page_id=4117\">>>weiterlesen<\/a><\/p>\n","protected":false},"author":1,"featured_media":4122,"parent":0,"menu_order":0,"comment_status":"closed","ping_status":"closed","template":"","meta":{"footnotes":""},"_links":{"self":[{"href":"https:\/\/www.vogelsanginstitut.at\/at\/index.php?rest_route=\/wp\/v2\/pages\/4117"}],"collection":[{"href":"https:\/\/www.vogelsanginstitut.at\/at\/index.php?rest_route=\/wp\/v2\/pages"}],"about":[{"href":"https:\/\/www.vogelsanginstitut.at\/at\/index.php?rest_route=\/wp\/v2\/types\/page"}],"author":[{"embeddable":true,"href":"https:\/\/www.vogelsanginstitut.at\/at\/index.php?rest_route=\/wp\/v2\/users\/1"}],"replies":[{"embeddable":true,"href":"https:\/\/www.vogelsanginstitut.at\/at\/index.php?rest_route=%2Fwp%2Fv2%2Fcomments&post=4117"}],"version-history":[{"count":4,"href":"https:\/\/www.vogelsanginstitut.at\/at\/index.php?rest_route=\/wp\/v2\/pages\/4117\/revisions"}],"predecessor-version":[{"id":4129,"href":"https:\/\/www.vogelsanginstitut.at\/at\/index.php?rest_route=\/wp\/v2\/pages\/4117\/revisions\/4129"}],"wp:featuredmedia":[{"embeddable":true,"href":"https:\/\/www.vogelsanginstitut.at\/at\/index.php?rest_route=\/wp\/v2\/media\/4122"}],"wp:attachment":[{"href":"https:\/\/www.vogelsanginstitut.at\/at\/index.php?rest_route=%2Fwp%2Fv2%2Fmedia&parent=4117"}],"curies":[{"name":"wp","href":"https:\/\/api.w.org\/{rel}","templated":true}]}}