{"id":1611,"date":"2019-04-30T14:34:09","date_gmt":"2019-04-30T12:34:09","guid":{"rendered":"http:\/\/www.vogelsanginstitut.at\/at\/?page_id=1611"},"modified":"2019-09-25T09:51:32","modified_gmt":"2019-09-25T07:51:32","slug":"1611-2","status":"publish","type":"page","link":"https:\/\/www.vogelsanginstitut.at\/at\/?page_id=1611","title":{"rendered":"Plattform"},"content":{"rendered":"\n<p><img loading=\"lazy\" decoding=\"async\" width=\"450\" height=\"77\" class=\"wp-image-1619\" style=\"width: 450px;\" src=\"http:\/\/www.vogelsanginstitut.at\/at\/wp-content\/uploads\/2019\/05\/plattform_logo.jpg\" alt=\"\" srcset=\"https:\/\/www.vogelsanginstitut.at\/at\/wp-content\/uploads\/2019\/05\/plattform_logo.jpg 1050w, https:\/\/www.vogelsanginstitut.at\/at\/wp-content\/uploads\/2019\/05\/plattform_logo-300x51.jpg 300w, https:\/\/www.vogelsanginstitut.at\/at\/wp-content\/uploads\/2019\/05\/plattform_logo-768x132.jpg 768w, https:\/\/www.vogelsanginstitut.at\/at\/wp-content\/uploads\/2019\/05\/plattform_logo-1024x176.jpg 1024w\" sizes=\"(max-width: 450px) 100vw, 450px\" \/><\/p>\n\n\n\n<p>Die Plattform zeithistorischer politischen Archive setzt sich aus vier Partnerinstituten &#8211; das Karl von Vogelsang-Institut, das Kreisky-Archiv, die Wilfried-Haslauer-Bibliothek und der Verein f\u00fcr Geschichte der ArbeiterInnenbewegung \u2013 zusammen. <\/p>\n\n\n\n<p>Im Juni 2011 hat der damalige Wissenschafts- und Forschungsminister Univ.-Prof. Dr. Karlheinz T\u00f6chterle die Konstituierung der Plattform in der \u00d6sterreichischen Akademie der Wissenschaften bekanntgegeben. Mit der Gr\u00fcndung einer Plattform zeithistorischer politischen Archive wurde jene S\u00e4ule des Drei-S\u00e4ulen-Modells umgesetzt, das im Herbst 2010 die Basissubventionen im Bereich der au\u00dferuniversit\u00e4ren Forschungseinrichtungen abl\u00f6ste. Die in dieser Plattform zusammengefassten wissenschaftlichen Institute kn\u00fcpfen an ihre bisherigen T\u00e4tigkeiten unter Nutzung ihrer \u00fcber Jahrzehnte erworbenen Kompetenzen, ihrer internationalen Netzwerke und ihrer wissenschaftlichen Ressourcen an.<br><\/p>\n\n\n\n<p>Ziel und Aufgabe der Plattform ist es, die wertvollen Forschungsinfrastrukturen im Bereich der politischen Zeitgeschichte des gesamten 20. Jahrhunderts zu sichern, zu bewahren und zug\u00e4nglich zu machen. Die Archivbest\u00e4nde werden in hochvernetzter, transdisziplin\u00e4rer Forschung erschlossen und die Ergebnisse der Scientific Community und einer interessierten \u00d6ffentlichkeit zur Verf\u00fcgung gestellt.<\/p>\n\n\n\n<p>Zur Plattform-Website bitte <a href=\"http:\/\/zeithistorische-archive.at\/\">hier <\/a>klicken.<\/p>\n","protected":false},"excerpt":{"rendered":"<p>Die Plattform zeithistorischer politischen Archive setzt sich aus vier Partnerinstituten &#8211; das Karl von Vogelsang-Institut, das Kreisky-Archiv, die Wilfried-Haslauer-Bibliothek und der Verein f\u00fcr Geschichte der ArbeiterInnenbewegung \u2013 zusammen. Im Juni &#8230;<\/p>\n","protected":false},"author":1,"featured_media":0,"parent":0,"menu_order":0,"comment_status":"closed","ping_status":"closed","template":"","meta":{"footnotes":""},"_links":{"self":[{"href":"https:\/\/www.vogelsanginstitut.at\/at\/index.php?rest_route=\/wp\/v2\/pages\/1611"}],"collection":[{"href":"https:\/\/www.vogelsanginstitut.at\/at\/index.php?rest_route=\/wp\/v2\/pages"}],"about":[{"href":"https:\/\/www.vogelsanginstitut.at\/at\/index.php?rest_route=\/wp\/v2\/types\/page"}],"author":[{"embeddable":true,"href":"https:\/\/www.vogelsanginstitut.at\/at\/index.php?rest_route=\/wp\/v2\/users\/1"}],"replies":[{"embeddable":true,"href":"https:\/\/www.vogelsanginstitut.at\/at\/index.php?rest_route=%2Fwp%2Fv2%2Fcomments&post=1611"}],"version-history":[{"count":8,"href":"https:\/\/www.vogelsanginstitut.at\/at\/index.php?rest_route=\/wp\/v2\/pages\/1611\/revisions"}],"predecessor-version":[{"id":2132,"href":"https:\/\/www.vogelsanginstitut.at\/at\/index.php?rest_route=\/wp\/v2\/pages\/1611\/revisions\/2132"}],"wp:attachment":[{"href":"https:\/\/www.vogelsanginstitut.at\/at\/index.php?rest_route=%2Fwp%2Fv2%2Fmedia&parent=1611"}],"curies":[{"name":"wp","href":"https:\/\/api.w.org\/{rel}","templated":true}]}}