{"id":1513,"date":"2018-11-28T11:34:36","date_gmt":"2018-11-28T10:34:36","guid":{"rendered":"http:\/\/www.vogelsanginstitut.at\/at\/?page_id=1513"},"modified":"2024-11-25T11:01:38","modified_gmt":"2024-11-25T10:01:38","slug":"staatspreis","status":"publish","type":"page","link":"https:\/\/www.vogelsanginstitut.at\/at\/?page_id=1513","title":{"rendered":"Staatspreis"},"content":{"rendered":"\n<p>Der &#8220;Karl von Vogelsang-Staatspreis \u2013 \u00d6sterreichischer Staatspreis f\u00fcr Geschichte der Gesellschaftswissenschaften&#8221; wurde von 1980 bis 2022 alle zwei Jahre durch den Bundesminister f\u00fcr Bildung, Wissenschaft und Forschung verliehen.<\/p>\n\n\n\n<p>Der Preis, der f\u00fcr besonders hervorragende Leistungen im Bereich der Geschichte der Gesellschaftswissenschaften verliehen wurde, war mit EUR 7.500,&#8211; dotiert. Dar\u00fcber hinaus wurde ein mit EUR 2.000,&#8211; dotierter F\u00f6rderungspreis vergeben.<\/p>\n\n\n\n<p>Die Nominierung der Kandidaten erfolgte&nbsp;durch ein Mitglied der international besetzten Jury. <br><\/p>\n\n\n\n<hr class=\"wp-block-separator has-alpha-channel-opacity\"\/>\n\n\n\n<p><strong>Verleihung des Karl von Vogelsang-Staatspreises 2022 im Bundesministerium f\u00fcr Bildung, Wissenschaft und Forschung<\/strong><br><strong>am 29. April 2023<\/strong><\/p>\n\n\n\n<div class=\"wp-block-columns is-layout-flex wp-container-core-columns-is-layout-1 wp-block-columns-is-layout-flex\">\n<div class=\"wp-block-column is-layout-flow wp-block-column-is-layout-flow\" style=\"flex-basis:100%\">\n<figure class=\"wp-block-image size-full\"><img loading=\"lazy\" decoding=\"async\" width=\"600\" height=\"404\" src=\"http:\/\/www.vogelsanginstitut.at\/at\/wp-content\/uploads\/2023\/05\/staatspreis2023.png\" alt=\"\" class=\"wp-image-3902\" srcset=\"https:\/\/www.vogelsanginstitut.at\/at\/wp-content\/uploads\/2023\/05\/staatspreis2023.png 600w, https:\/\/www.vogelsanginstitut.at\/at\/wp-content\/uploads\/2023\/05\/staatspreis2023-300x202.png 300w\" sizes=\"(max-width: 600px) 100vw, 600px\" \/><\/figure>\n<\/div>\n<\/div>\n\n\n\n<p>V.l.n.r.: Gesch\u00e4ftsf\u00fchrer des Vogelsang-Instituts, Dr. Johannes Sch\u00f6nner, Staatspreistr\u00e4gerinnen Priv. Doz. Dr. Tamara Scheer und Univ.-Prof. Dr. Barbara Stollberg-Rilinger, Bundesminister Univ.-Prof. Dr. Martin Polaschek.<\/p>\n\n\n\n<p>&gt;&gt; <a href=\"https:\/\/www.vogelsanginstitut.at\/at\/?page_id=3901\" data-type=\"link\" data-id=\"https:\/\/www.vogelsanginstitut.at\/at\/?page_id=1513\">hier weiterlesen<\/a><\/p>\n\n\n\n<hr class=\"wp-block-separator has-alpha-channel-opacity\"\/>\n\n\n\n<p><strong>Verleihung des Karl von Vogelsang-Staatspreises in der Aula der Wissenschaften am 16. Oktober 2020<\/strong><\/p>\n\n\n\n<figure class=\"wp-block-image size-large\"><img loading=\"lazy\" decoding=\"async\" width=\"605\" height=\"404\" src=\"http:\/\/www.vogelsanginstitut.at\/at\/wp-content\/uploads\/2020\/10\/2020staatspreis_1.jpg\" alt=\"\" class=\"wp-image-2801\" srcset=\"https:\/\/www.vogelsanginstitut.at\/at\/wp-content\/uploads\/2020\/10\/2020staatspreis_1.jpg 605w, https:\/\/www.vogelsanginstitut.at\/at\/wp-content\/uploads\/2020\/10\/2020staatspreis_1-300x200.jpg 300w\" sizes=\"(max-width: 605px) 100vw, 605px\" \/><\/figure>\n\n\n\n<p>V.l.n.r.: Elmar Pichl, Hannes Sch\u00f6nner, die beiden Preistr\u00e4ger Wolfgang Mueller und Patrick Svensson-Jajko, Kathleen Ordnung, Chefin des Protokolls und Arnold Suppan.<strong><br><\/strong><\/p>\n\n\n\n<hr class=\"wp-block-separator has-alpha-channel-opacity\"\/>\n\n\n\n<p><strong>Verleihung des Karl von Vogelsang-Staatspreises im&nbsp;Palais Harrach&nbsp;am 11. April 2018<\/strong><\/p>\n\n\n\n<figure class=\"wp-block-image size-large\"><img loading=\"lazy\" decoding=\"async\" width=\"611\" height=\"408\" src=\"https:\/\/www.vogelsanginstitut.at\/at\/wp-content\/uploads\/2020\/05\/Vogelsang_Staatspreis_005.jpg\" alt=\"\" class=\"wp-image-2651\" srcset=\"https:\/\/www.vogelsanginstitut.at\/at\/wp-content\/uploads\/2020\/05\/Vogelsang_Staatspreis_005.jpg 611w, https:\/\/www.vogelsanginstitut.at\/at\/wp-content\/uploads\/2020\/05\/Vogelsang_Staatspreis_005-300x200.jpg 300w\" sizes=\"(max-width: 611px) 100vw, 611px\" \/><\/figure>\n\n\n\n<p>V.l.n.r: Laudator Prof. James Shedel (Georgetown-University), Gesch\u00e4ftsf\u00fchrer Doz. Dr. Helmut Wohnout, Karen und John Deak, Stllvertr. Vorsitzender des KvVI, Prof. Dieter A. Binder&nbsp;(Universit\u00e4t Graz und Andrassy Universit\u00e4t Budsapest).<\/p>\n\n\n\n<hr class=\"wp-block-separator has-alpha-channel-opacity\"\/>\n\n\n\n<p><strong>Verleihung des Karl von Vogelsang-Staatspreises im&nbsp;Palais Harrach am 04. M\u00e4rz 2016<\/strong><\/p>\n\n\n\n<figure class=\"wp-block-image size-large\"><img loading=\"lazy\" decoding=\"async\" width=\"598\" height=\"388\" src=\"http:\/\/www.vogelsanginstitut.at\/at\/wp-content\/uploads\/2020\/05\/staatspreis_2016.jpg.png\" alt=\" \" class=\"wp-image-2653\" srcset=\"https:\/\/www.vogelsanginstitut.at\/at\/wp-content\/uploads\/2020\/05\/staatspreis_2016.jpg.png 598w, https:\/\/www.vogelsanginstitut.at\/at\/wp-content\/uploads\/2020\/05\/staatspreis_2016.jpg-300x195.png 300w\" sizes=\"(max-width: 598px) 100vw, 598px\" \/><\/figure>\n\n\n\n<p>V.l.n.r: Gerhard Pfeisinger, Staatspreistr\u00e4ger, Adam Kozuchowski, F\u00f6rderpreistr\u00e4ger Richard Lein, Helmut Wohnout, James Shedel.<\/p>\n\n\n\n<hr class=\"wp-block-separator has-alpha-channel-opacity\"\/>\n\n\n\n<p><strong>Verleihung des Karl von Vogelsang-Staatspreises im&nbsp;Palais Harrach am 25. April 2014<\/strong><\/p>\n\n\n\n<figure class=\"wp-block-image size-large\"><img loading=\"lazy\" decoding=\"async\" width=\"592\" height=\"399\" src=\"http:\/\/www.vogelsanginstitut.at\/at\/wp-content\/uploads\/2020\/05\/staatspreis_14.png\" alt=\"\" class=\"wp-image-2656\" srcset=\"https:\/\/www.vogelsanginstitut.at\/at\/wp-content\/uploads\/2020\/05\/staatspreis_14.png 592w, https:\/\/www.vogelsanginstitut.at\/at\/wp-content\/uploads\/2020\/05\/staatspreis_14-300x202.png 300w\" sizes=\"(max-width: 592px) 100vw, 592px\" \/><\/figure>\n\n\n\n<p><\/p>\n\n\n\n<p>V.l.n.r: Priv.-Doz. Dr. Helmut Wohnout, Dr. Maximilian Graf,&nbsp; Univ.-Prof. Dr. Evan Burr Bukey, Univ.-Prof. Dr. James Shedel und MinR Univ.Doz.Dr. Gerhard Pfeisinger.<\/p>\n\n\n\n<hr class=\"wp-block-separator has-alpha-channel-opacity\"\/>\n\n\n\n<p><strong>Karl von Vogelsang-Staatspreistr\u00e4ger<\/strong>:<\/p>\n\n\n\n<p>1980<br>\nPr\u00e4lat Univ.-Prof. Dr. Franz Loidl<\/p>\n\n\n\n<p>1981<br>\nUniv.-Prof. Dr. Wolfgang Mantl<br>\nUniv.-Prof. DDr. Alfred Klose<br>\nUniv.-Prof. Dr. Valentin Zsikovits<\/p>\n\n\n\n<p>1982<br>\nUniv.-Prof. Dr. Maximilian Liebmann<\/p>\n\n\n\n<p>1983<br>\nUniv.-Prof. Dr. Ernst Bruckm\u00fcller<\/p>\n\n\n\n<p>1984<br>\nProf. Ludwig Reichhold<\/p>\n\n\n\n<p>1985<br>\nUniv.-Doz. Dr. Robert Kriechbaumer<\/p>\n\n\n\n<p>1987<br>\nUniv.-Doz. Dr. Roman Sandgruber<\/p>\n\n\n\n<p>1988<br>\nUniv.-Doz. Dr. Arnold Suppan<\/p>\n\n\n\n<p>1989<br>\nUniv.-Doz. Dr. Dieter A. Binder<\/p>\n\n\n\n<p>1990<br>\nUniv.-Prof. Dr. Helmut Rumpler<\/p>\n\n\n\n<p>1991<br>\nUniv.-Prof. Dr. Horst Haselsteiner<\/p>\n\n\n\n<p>1992<br>\nUniv.-Doz. Dr. Erwin Bader<br>\nProf. Dr. Erich Leitner<\/p>\n\n\n\n<p>Ab dem Jahre 1994 Neuregelung des Staatspreises: Vergabe des Preises alle zwei Jahre und Einf\u00fchrung des F\u00f6rderpreises.<\/p>\n\n\n\n<p>1994<br>\nHauptpreis: Dr. Steven Beller<br>\nF\u00f6rderungspreis: Mag. Dr. Brigitta Zaar<\/p>\n\n\n\n<p>1996<br>\nHauptpreis: Univ.-Prof. Dr. Ernst Hanisch<br>\nF\u00f6rderungspreis: Mag. Dr. Michaela Kronthaler<\/p>\n\n\n\n<p>1998<br>\nHauptpreis: Univ.-Prof. Dr. Moritz Csaky<br>\nF\u00f6rderungspreis: Mag. Dr. Klaus H\u00f6dl<\/p>\n\n\n\n<p>2000<br>\nHauptpreis: Univ. Prof. Dr. Gerald Stourzh<br>\nF\u00f6rderungspreis: Mag. Dr. Hannelore Burger<\/p>\n\n\n\n<p>2002<br>\nHauptpreis: Univ.-Prof. Dr. Edward Timms<br>\nF\u00f6rderungspreis: Mag. Dr. Johannes Feichtinger<\/p>\n\n\n\n<p>2004<br>\nHauptpreis: Univ.-Prof. Dr. Michael Gehler<br>\nF\u00f6rderungspreis: Dr. Barbara Porpaczy<\/p>\n\n\n\n<p>2006<br>\nHauptpreis: Univ.-Prof. Dr. John W. Boyer<br>\nF\u00f6rderungspreis: Dr. Martin Kofler<\/p>\n\n\n\n<p>2008<br>\nHauptpreis: Ass.-Prof. Dr. Thomas Angerer<br>\nF\u00f6rderungspreis: MMag. Dr. Michael Wladika<\/p>\n\n\n\n<p>2010<br>\nHauptpreis: Univ.-Prof. Dr. Pieter M. Judson<br>\nF\u00f6rderungspreis: Dr. Elke Seefried<\/p>\n\n\n\n<p>2012<br>\nHauptpreis: Univ.-Prof. Dr. Larry Wolff<br>\nF\u00f6rderungspreis: Dr. Ines Hopfer-Pfister<\/p>\n\n\n\n<p>2014<br>\nHauptpreis: Univ.-Prof. Dr. Evan Burr Bukey<br>\nF\u00f6rderungspreis: Dr. Maximilian Graf<\/p>\n\n\n\n<p>2016<br>\nHauptpreis: Univ.-Prof. Dr. Adam Kozuchowski<br>\nF\u00f6rderungspreis: Dr. Richard Lein<\/p>\n\n\n\n<p>2018<br>\nHauptpreis: Univ.-Prof. John Deak<br>\nF\u00f6rderungspreis: Mag. Dr. Georg Hoffmann<\/p>\n\n\n","protected":false},"excerpt":{"rendered":"<p>Der &#8220;Karl von Vogelsang-Staatspreis \u2013 \u00d6sterreichischer Staatspreis f\u00fcr Geschichte der Gesellschaftswissenschaften&#8221; wurde von 1980 bis 2022 alle zwei Jahre durch den Bundesminister f\u00fcr Bildung, Wissenschaft und Forschung verliehen. Der Preis, &#8230;<\/p>\n","protected":false},"author":1,"featured_media":0,"parent":0,"menu_order":0,"comment_status":"closed","ping_status":"closed","template":"","meta":{"footnotes":""},"_links":{"self":[{"href":"https:\/\/www.vogelsanginstitut.at\/at\/index.php?rest_route=\/wp\/v2\/pages\/1513"}],"collection":[{"href":"https:\/\/www.vogelsanginstitut.at\/at\/index.php?rest_route=\/wp\/v2\/pages"}],"about":[{"href":"https:\/\/www.vogelsanginstitut.at\/at\/index.php?rest_route=\/wp\/v2\/types\/page"}],"author":[{"embeddable":true,"href":"https:\/\/www.vogelsanginstitut.at\/at\/index.php?rest_route=\/wp\/v2\/users\/1"}],"replies":[{"embeddable":true,"href":"https:\/\/www.vogelsanginstitut.at\/at\/index.php?rest_route=%2Fwp%2Fv2%2Fcomments&post=1513"}],"version-history":[{"count":21,"href":"https:\/\/www.vogelsanginstitut.at\/at\/index.php?rest_route=\/wp\/v2\/pages\/1513\/revisions"}],"predecessor-version":[{"id":4251,"href":"https:\/\/www.vogelsanginstitut.at\/at\/index.php?rest_route=\/wp\/v2\/pages\/1513\/revisions\/4251"}],"wp:attachment":[{"href":"https:\/\/www.vogelsanginstitut.at\/at\/index.php?rest_route=%2Fwp%2Fv2%2Fmedia&parent=1513"}],"curies":[{"name":"wp","href":"https:\/\/api.w.org\/{rel}","templated":true}]}}