{"id":3932,"date":"2023-07-03T13:52:53","date_gmt":"2023-07-03T11:52:53","guid":{"rendered":"http:\/\/www.vogelsanginstitut.at\/at\/?page_id=3932"},"modified":"2023-07-03T13:55:30","modified_gmt":"2023-07-03T11:55:30","slug":"fuehrung-durch-den-stephansdom-21-juni-2023","status":"publish","type":"page","link":"http:\/\/www.vogelsanginstitut.at\/at\/?page_id=3932","title":{"rendered":"F\u00fchrung durch den Stephansdom, 21. Juni 2023"},"content":{"rendered":"\n<p><strong>F\u00fchrung durch den Stephansdom, 21. Juni 2023<\/strong><\/p>\n\n\n\n<p>Die F\u00fchrung durch den Stephansdom kann mit Recht als ein H\u00f6hepunkt der Institutsveranstaltungen in diesem Halbjahr 2023 bezeichnet werden. Das Interesse an dieser Veranstaltung \u00fcberstieg bei Weitem die verf\u00fcgbaren Pl\u00e4tze, die vergeben werden konnten.<\/p>\n\n\n\n<p>Unter der F\u00fchrung von Domarchivar Dr. Reinhard Gruber wurden im Rahmen einer beinahe zweieinhalbst\u00fcndigen F\u00fchrung besondere kunsthistorische und architektonische Kostbarkeiten des Doms vorgestellt. Die Fachkenntnis von Reinhard Gruber erlaubte auch einen exklusiven Blick auf das reiche spirituelle Erbe des Doms. Die Teilnehmer gewannen Einblicke in die Geschichte des Doms, die den meisten bislang unbekannt gewesen waren. Der \u00e4u\u00dfere Rundgang um das Dach und die gewaltige Dimension des Dachbodens werden allen Teilnehmern unvergessen bleiben.<\/p>\n\n\n\n<p>Die F\u00fchrung hat best\u00e4tigt, dass der Wiener Stephansdom zurecht das spirituelle Zentrum und den ideellen Mittelpunkt \u00d6sterreichs bildet.<\/p>\n\n\n\n<p>Aufgrund der enormen Nachfrage an dieser Domf\u00fchrung wird das Karl von Vogelsang-Institut im kommenden Jahr erneut einen Termin anbieten.<\/p>\n\n\n\n<figure class=\"wp-block-gallery columns-2 is-cropped wp-block-gallery-1 is-layout-flex wp-block-gallery-is-layout-flex\"><ul class=\"blocks-gallery-grid\"><li class=\"blocks-gallery-item\"><figure><img loading=\"lazy\" decoding=\"async\" width=\"1024\" height=\"768\" src=\"http:\/\/www.vogelsanginstitut.at\/at\/wp-content\/uploads\/2023\/07\/IMG_20230621_150802-1024x768.jpg\" alt=\"\" data-id=\"3933\" data-full-url=\"http:\/\/www.vogelsanginstitut.at\/at\/wp-content\/uploads\/2023\/07\/IMG_20230621_150802-scaled.jpg\" data-link=\"http:\/\/www.vogelsanginstitut.at\/at\/?attachment_id=3933\" class=\"wp-image-3933\" srcset=\"http:\/\/www.vogelsanginstitut.at\/at\/wp-content\/uploads\/2023\/07\/IMG_20230621_150802-1024x768.jpg 1024w, http:\/\/www.vogelsanginstitut.at\/at\/wp-content\/uploads\/2023\/07\/IMG_20230621_150802-300x225.jpg 300w, http:\/\/www.vogelsanginstitut.at\/at\/wp-content\/uploads\/2023\/07\/IMG_20230621_150802-768x576.jpg 768w, http:\/\/www.vogelsanginstitut.at\/at\/wp-content\/uploads\/2023\/07\/IMG_20230621_150802-1536x1152.jpg 1536w, http:\/\/www.vogelsanginstitut.at\/at\/wp-content\/uploads\/2023\/07\/IMG_20230621_150802-2048x1536.jpg 2048w\" sizes=\"(max-width: 1024px) 100vw, 1024px\" \/><\/figure><\/li><li class=\"blocks-gallery-item\"><figure><img loading=\"lazy\" decoding=\"async\" width=\"1024\" height=\"768\" src=\"http:\/\/www.vogelsanginstitut.at\/at\/wp-content\/uploads\/2023\/07\/IMG_20230621_160742-1024x768.jpg\" alt=\"\" data-id=\"3936\" data-full-url=\"http:\/\/www.vogelsanginstitut.at\/at\/wp-content\/uploads\/2023\/07\/IMG_20230621_160742-scaled.jpg\" data-link=\"http:\/\/www.vogelsanginstitut.at\/at\/?attachment_id=3936\" class=\"wp-image-3936\" srcset=\"http:\/\/www.vogelsanginstitut.at\/at\/wp-content\/uploads\/2023\/07\/IMG_20230621_160742-1024x768.jpg 1024w, http:\/\/www.vogelsanginstitut.at\/at\/wp-content\/uploads\/2023\/07\/IMG_20230621_160742-300x225.jpg 300w, http:\/\/www.vogelsanginstitut.at\/at\/wp-content\/uploads\/2023\/07\/IMG_20230621_160742-768x576.jpg 768w, http:\/\/www.vogelsanginstitut.at\/at\/wp-content\/uploads\/2023\/07\/IMG_20230621_160742-1536x1152.jpg 1536w, http:\/\/www.vogelsanginstitut.at\/at\/wp-content\/uploads\/2023\/07\/IMG_20230621_160742-2048x1536.jpg 2048w\" sizes=\"(max-width: 1024px) 100vw, 1024px\" \/><\/figure><\/li><li class=\"blocks-gallery-item\"><figure><img loading=\"lazy\" decoding=\"async\" width=\"1024\" height=\"768\" src=\"http:\/\/www.vogelsanginstitut.at\/at\/wp-content\/uploads\/2023\/07\/IMG_20230621_152958-1024x768.jpg\" alt=\"\" data-id=\"3935\" data-full-url=\"http:\/\/www.vogelsanginstitut.at\/at\/wp-content\/uploads\/2023\/07\/IMG_20230621_152958-scaled.jpg\" data-link=\"http:\/\/www.vogelsanginstitut.at\/at\/?attachment_id=3935\" class=\"wp-image-3935\" srcset=\"http:\/\/www.vogelsanginstitut.at\/at\/wp-content\/uploads\/2023\/07\/IMG_20230621_152958-1024x768.jpg 1024w, http:\/\/www.vogelsanginstitut.at\/at\/wp-content\/uploads\/2023\/07\/IMG_20230621_152958-300x225.jpg 300w, http:\/\/www.vogelsanginstitut.at\/at\/wp-content\/uploads\/2023\/07\/IMG_20230621_152958-768x576.jpg 768w, http:\/\/www.vogelsanginstitut.at\/at\/wp-content\/uploads\/2023\/07\/IMG_20230621_152958-1536x1152.jpg 1536w, http:\/\/www.vogelsanginstitut.at\/at\/wp-content\/uploads\/2023\/07\/IMG_20230621_152958-2048x1536.jpg 2048w\" sizes=\"(max-width: 1024px) 100vw, 1024px\" \/><\/figure><\/li><li class=\"blocks-gallery-item\"><figure><img loading=\"lazy\" decoding=\"async\" width=\"768\" height=\"1024\" src=\"http:\/\/www.vogelsanginstitut.at\/at\/wp-content\/uploads\/2023\/07\/IMG_20230621_152442-768x1024.jpg\" alt=\"\" data-id=\"3934\" data-full-url=\"http:\/\/www.vogelsanginstitut.at\/at\/wp-content\/uploads\/2023\/07\/IMG_20230621_152442-scaled.jpg\" data-link=\"http:\/\/www.vogelsanginstitut.at\/at\/?attachment_id=3934\" class=\"wp-image-3934\" srcset=\"http:\/\/www.vogelsanginstitut.at\/at\/wp-content\/uploads\/2023\/07\/IMG_20230621_152442-768x1024.jpg 768w, http:\/\/www.vogelsanginstitut.at\/at\/wp-content\/uploads\/2023\/07\/IMG_20230621_152442-225x300.jpg 225w, http:\/\/www.vogelsanginstitut.at\/at\/wp-content\/uploads\/2023\/07\/IMG_20230621_152442-1152x1536.jpg 1152w, http:\/\/www.vogelsanginstitut.at\/at\/wp-content\/uploads\/2023\/07\/IMG_20230621_152442-1536x2048.jpg 1536w, http:\/\/www.vogelsanginstitut.at\/at\/wp-content\/uploads\/2023\/07\/IMG_20230621_152442-scaled.jpg 1920w\" sizes=\"(max-width: 768px) 100vw, 768px\" \/><\/figure><\/li><\/ul><\/figure>\n","protected":false},"excerpt":{"rendered":"<p>Die F\u00fchrung durch den Stephansdom kann mit Recht als ein H\u00f6hepunkt der Institutsveranstaltungen in diesem Halbjahr 2023 bezeichnet werden. Das Interesse an dieser Veranstaltung \u00fcberstieg bei Weitem die verf\u00fcgbaren Pl\u00e4tze, die vergeben werden konnten. <\/p>\n<p>Unter der F\u00fchrung von Domarchivar Dr. Reinhard Gruber wurden im Rahmen einer beinahe zweieinhalbst\u00fcndigen F\u00fchrung besondere kunsthistorische und architektonische Kostbarkeiten des Doms vorgestellt. Die Fachkenntnis von Reinhard Gruber erlaubte auch einen exklusiven Blick auf das reiche spirituelle Erbe des Doms. Die Teilnehmer gewannen Einblicke in die Geschichte des Doms, die den meisten bislang unbekannt gewesen waren. Der \u00e4u\u00dfere Rundgang um das Dach und die gewaltige Dimension des Dachbodens werden allen Teilnehmern unvergessen bleiben.<a href=\"http:\/\/www.vogelsanginstitut.at\/at\/?page_id=3932\">>>weiterlesen<\/a><\/p>\n","protected":false},"author":1,"featured_media":3933,"parent":0,"menu_order":0,"comment_status":"closed","ping_status":"closed","template":"","meta":{"footnotes":""},"_links":{"self":[{"href":"http:\/\/www.vogelsanginstitut.at\/at\/index.php?rest_route=\/wp\/v2\/pages\/3932"}],"collection":[{"href":"http:\/\/www.vogelsanginstitut.at\/at\/index.php?rest_route=\/wp\/v2\/pages"}],"about":[{"href":"http:\/\/www.vogelsanginstitut.at\/at\/index.php?rest_route=\/wp\/v2\/types\/page"}],"author":[{"embeddable":true,"href":"http:\/\/www.vogelsanginstitut.at\/at\/index.php?rest_route=\/wp\/v2\/users\/1"}],"replies":[{"embeddable":true,"href":"http:\/\/www.vogelsanginstitut.at\/at\/index.php?rest_route=%2Fwp%2Fv2%2Fcomments&post=3932"}],"version-history":[{"count":4,"href":"http:\/\/www.vogelsanginstitut.at\/at\/index.php?rest_route=\/wp\/v2\/pages\/3932\/revisions"}],"predecessor-version":[{"id":3942,"href":"http:\/\/www.vogelsanginstitut.at\/at\/index.php?rest_route=\/wp\/v2\/pages\/3932\/revisions\/3942"}],"wp:featuredmedia":[{"embeddable":true,"href":"http:\/\/www.vogelsanginstitut.at\/at\/index.php?rest_route=\/wp\/v2\/media\/3933"}],"wp:attachment":[{"href":"http:\/\/www.vogelsanginstitut.at\/at\/index.php?rest_route=%2Fwp%2Fv2%2Fmedia&parent=3932"}],"curies":[{"name":"wp","href":"https:\/\/api.w.org\/{rel}","templated":true}]}}