{"id":3918,"date":"2023-06-30T07:05:25","date_gmt":"2023-06-30T05:05:25","guid":{"rendered":"http:\/\/www.vogelsanginstitut.at\/at\/?page_id=3918"},"modified":"2023-06-30T07:07:39","modified_gmt":"2023-06-30T05:07:39","slug":"guenter-stummvoll-geb-1943","status":"publish","type":"page","link":"http:\/\/www.vogelsanginstitut.at\/at\/?page_id=3918","title":{"rendered":"G\u00fcnter Stummvoll (geb 1943)"},"content":{"rendered":"\n<p><strong>G\u00fcnter Stummvoll (geb 1943)<\/strong><\/p>\n\n\n\n<p><\/p>\n\n\n\n<p>Der geb\u00fcrtige Wiener G\u00fcnter Stummvoll besuchte von 1953 bis 1961 ein Bundesrealgymnasium, von 1961 bis 1967 studierte er an der Hochschule f\u00fcr Welthandel (Dipl.-Kfm. 1965, Dr. rer. comm. 1967).<\/p>\n\n\n\n<p>Von 1966 bis 1991 war G\u00fcnter Stummvoll f\u00fcr die Vereinigung \u00d6sterreichischer Industrieller t\u00e4tig und von 1992 bis 2000 war er Generalsekret\u00e4r der Wirtschaftskammer \u00d6sterreich. Seit 1980 \u00d6VP-Mitglied des Bundesrates, wechselte er 1983 in den Nationalrat, wo er bis 1990 Abgeordneter f\u00fcr das Waldviertel war. Im Jahre 1988 wechselte G\u00fcnter Stummvoll in die SP\u00d6-\u00d6VP-Bundesregierung unter Franz Vranitzky, der er bis 1991 als Staatssekret\u00e4r im Bundesministerium f\u00fcr Finanzen angeh\u00f6rte.<\/p>\n\n\n\n<p>Zwischen 1991 und 2013 war er erneut Abgeordneter zum Nationalrat und zwischen 2000 und 2008 stellvertretender Klubobmann des \u00d6VP-Parlamentklubs. Von 2008 bis 2013 war Stummvoll Obmann des parlamentarischen Finanzausschusses sowie Finanzsprecher seiner Partei im Parlament. Im Jahre 2013 beendete Stummvoll seine politische Laufbahn.<\/p>\n","protected":false},"excerpt":{"rendered":"<p>G\u00fcnter Stummvoll (geb 1943) Der geb\u00fcrtige Wiener G\u00fcnter Stummvoll besuchte von 1953 bis 1961 ein Bundesrealgymnasium, von 1961 bis 1967 studierte er an der Hochschule f\u00fcr Welthandel (Dipl.-Kfm. 1965, Dr. &#8230;<\/p>\n","protected":false},"author":1,"featured_media":0,"parent":0,"menu_order":0,"comment_status":"closed","ping_status":"closed","template":"","meta":{"footnotes":""},"_links":{"self":[{"href":"http:\/\/www.vogelsanginstitut.at\/at\/index.php?rest_route=\/wp\/v2\/pages\/3918"}],"collection":[{"href":"http:\/\/www.vogelsanginstitut.at\/at\/index.php?rest_route=\/wp\/v2\/pages"}],"about":[{"href":"http:\/\/www.vogelsanginstitut.at\/at\/index.php?rest_route=\/wp\/v2\/types\/page"}],"author":[{"embeddable":true,"href":"http:\/\/www.vogelsanginstitut.at\/at\/index.php?rest_route=\/wp\/v2\/users\/1"}],"replies":[{"embeddable":true,"href":"http:\/\/www.vogelsanginstitut.at\/at\/index.php?rest_route=%2Fwp%2Fv2%2Fcomments&post=3918"}],"version-history":[{"count":1,"href":"http:\/\/www.vogelsanginstitut.at\/at\/index.php?rest_route=\/wp\/v2\/pages\/3918\/revisions"}],"predecessor-version":[{"id":3919,"href":"http:\/\/www.vogelsanginstitut.at\/at\/index.php?rest_route=\/wp\/v2\/pages\/3918\/revisions\/3919"}],"wp:attachment":[{"href":"http:\/\/www.vogelsanginstitut.at\/at\/index.php?rest_route=%2Fwp%2Fv2%2Fmedia&parent=3918"}],"curies":[{"name":"wp","href":"https:\/\/api.w.org\/{rel}","templated":true}]}}