{"id":3905,"date":"2023-05-17T10:09:03","date_gmt":"2023-05-17T08:09:03","guid":{"rendered":"http:\/\/www.vogelsanginstitut.at\/at\/?page_id=3905"},"modified":"2023-05-17T10:32:02","modified_gmt":"2023-05-17T08:32:02","slug":"verleihung-des-berufstitels-professor-an-geschaeftsfuehrer-dr-johannes-schoenner","status":"publish","type":"page","link":"http:\/\/www.vogelsanginstitut.at\/at\/?page_id=3905","title":{"rendered":"Verleihung des Berufstitels Professor an Gesch\u00e4ftsf\u00fchrer Dr. Johannes Sch\u00f6nner"},"content":{"rendered":"\n<p><strong>Verleihung des Berufstitels Professor an Gesch\u00e4ftsf\u00fchrer Dr. Johannes Sch\u00f6nner<\/strong><\/p>\n\n\n\n<p>F\u00fcr seine Leistungen auf dem Gebiet der historischen Grundlagenforschung sowie seine publizistische T\u00e4tigkeit w\u00e4hrend der vergangenen 30 Jahre wurde dem Gesch\u00e4ftsf\u00fchrer des Karl von Vogelsang-Instituts, Dr.\u00a0Johannes Sch\u00f6nner der\u00a0Berufstitel Professor verliehen.<\/p>\n\n\n\n<div class=\"wp-block-image\"><figure class=\"aligncenter size-large\"><img loading=\"lazy\" decoding=\"async\" width=\"395\" height=\"330\" src=\"http:\/\/www.vogelsanginstitut.at\/at\/wp-content\/uploads\/2023\/05\/HS_Prof_2.png\" alt=\"\" class=\"wp-image-3907\" srcset=\"http:\/\/www.vogelsanginstitut.at\/at\/wp-content\/uploads\/2023\/05\/HS_Prof_2.png 395w, http:\/\/www.vogelsanginstitut.at\/at\/wp-content\/uploads\/2023\/05\/HS_Prof_2-300x251.png 300w\" sizes=\"(max-width: 395px) 100vw, 395px\" \/><\/figure><\/div>\n\n\n\n<div class=\"wp-block-image\"><figure class=\"aligncenter size-large\"><img loading=\"lazy\" decoding=\"async\" width=\"395\" height=\"330\" src=\"http:\/\/www.vogelsanginstitut.at\/at\/wp-content\/uploads\/2023\/05\/HS_Prof_1.png\" alt=\"\" class=\"wp-image-3906\" srcset=\"http:\/\/www.vogelsanginstitut.at\/at\/wp-content\/uploads\/2023\/05\/HS_Prof_1.png 395w, http:\/\/www.vogelsanginstitut.at\/at\/wp-content\/uploads\/2023\/05\/HS_Prof_1-300x251.png 300w\" sizes=\"(max-width: 395px) 100vw, 395px\" \/><\/figure><\/div>\n","protected":false},"excerpt":{"rendered":"<p>F\u00fcr seine Leistungen auf dem Gebiet der historischen Grundlagenforschung sowie seine publizistische T\u00e4tigkeit w\u00e4hrend der vergangenen 30 Jahre wurde dem Gesch\u00e4ftsf\u00fchrer des Karl von Vogelsang-Instituts, Dr. Johannes Sch\u00f6nner der Berufstitel Professor verliehen. <a href=\"http:\/\/www.vogelsanginstitut.at\/at\/?page_id=3905\">>>weiterlesen<\/a><\/p>\n","protected":false},"author":1,"featured_media":3907,"parent":0,"menu_order":0,"comment_status":"closed","ping_status":"closed","template":"","meta":{"footnotes":""},"_links":{"self":[{"href":"http:\/\/www.vogelsanginstitut.at\/at\/index.php?rest_route=\/wp\/v2\/pages\/3905"}],"collection":[{"href":"http:\/\/www.vogelsanginstitut.at\/at\/index.php?rest_route=\/wp\/v2\/pages"}],"about":[{"href":"http:\/\/www.vogelsanginstitut.at\/at\/index.php?rest_route=\/wp\/v2\/types\/page"}],"author":[{"embeddable":true,"href":"http:\/\/www.vogelsanginstitut.at\/at\/index.php?rest_route=\/wp\/v2\/users\/1"}],"replies":[{"embeddable":true,"href":"http:\/\/www.vogelsanginstitut.at\/at\/index.php?rest_route=%2Fwp%2Fv2%2Fcomments&post=3905"}],"version-history":[{"count":2,"href":"http:\/\/www.vogelsanginstitut.at\/at\/index.php?rest_route=\/wp\/v2\/pages\/3905\/revisions"}],"predecessor-version":[{"id":3909,"href":"http:\/\/www.vogelsanginstitut.at\/at\/index.php?rest_route=\/wp\/v2\/pages\/3905\/revisions\/3909"}],"wp:featuredmedia":[{"embeddable":true,"href":"http:\/\/www.vogelsanginstitut.at\/at\/index.php?rest_route=\/wp\/v2\/media\/3907"}],"wp:attachment":[{"href":"http:\/\/www.vogelsanginstitut.at\/at\/index.php?rest_route=%2Fwp%2Fv2%2Fmedia&parent=3905"}],"curies":[{"name":"wp","href":"https:\/\/api.w.org\/{rel}","templated":true}]}}