{"id":3893,"date":"2023-05-16T16:37:30","date_gmt":"2023-05-16T14:37:30","guid":{"rendered":"http:\/\/www.vogelsanginstitut.at\/at\/?page_id=3893"},"modified":"2023-05-16T17:04:50","modified_gmt":"2023-05-16T15:04:50","slug":"festakt-78-gruendungstag-der-oesterreichischen-volkspartei","status":"publish","type":"page","link":"http:\/\/www.vogelsanginstitut.at\/at\/?page_id=3893","title":{"rendered":"Festakt 78. Gr\u00fcndungstag der \u00d6sterreichischen Volkspartei"},"content":{"rendered":"\n<p><strong>Festakt 78. Gr\u00fcndungstag der \u00d6sterreichischen Volkspartei<\/strong><\/p>\n\n\n\n<p>Anl\u00e4sslich des 78. Gr\u00fcndungstages der \u00d6sterreichischen Volkspartei im Schottenstift organisierte die \u201eStadtakademie Wien\u201c gemeinsam mit dem Karl von Vogelsang-Institut einen Festakt, um die historischen Momente der Gr\u00fcndung der \u00d6sterreichischen Volkspartei am 17. April 1945 genauer zu beleuchtet.<\/p>\n\n\n\n<p>Bei einer Podiumsdiskussion wurde die Geschichte der Gr\u00fcndung der \u00d6sterreichischen Volkspartei im April 1945 in den Mittelpunkt der Betrachtungen gestellt. Gemeinsam mit dem Pr\u00e4sidenten der Stadtakademie, Mag. Markus Figl, dem Generalsekret\u00e4r der Volkspartei, Dr. Christian Stocker, \u00d6VP-Wien Obmann Karl Mahrer und dem Gesch\u00e4ftsf\u00fchrer des Karl von Vogelsang-Instituts Dr. Johannes Sch\u00f6nner wurden die Ereignisse rund um diesen historischen 17. April 1945 im Licht der zeitgen\u00f6ssischen Dramatik gew\u00fcrdigt. Wer waren die entscheidenden Personen, und was bewegte sie eine g\u00e4nzlich neue \u201eVolkspartei\u201c zu gr\u00fcnden? Mit welchen Schwierigkeiten mussten sie den organisatorischen Aufbau der Partei gestalten, und welche ideologische Basis stand am Beginn der neuen politischen Bewegung?<\/p>\n\n\n\n<p>Und vor allem: Welche Weichenstellungen fanden damals statt, die die weitere Entwicklung der Partei und \u00d6sterreichs ma\u00dfgeblich gepr\u00e4gt haben?<\/p>\n\n\n\n<div class=\"wp-block-image\"><figure class=\"aligncenter size-large\"><img loading=\"lazy\" decoding=\"async\" width=\"400\" height=\"267\" src=\"http:\/\/www.vogelsanginstitut.at\/at\/wp-content\/uploads\/2023\/05\/78er_4.jpg\" alt=\"\" class=\"wp-image-3898\" srcset=\"http:\/\/www.vogelsanginstitut.at\/at\/wp-content\/uploads\/2023\/05\/78er_4.jpg 400w, http:\/\/www.vogelsanginstitut.at\/at\/wp-content\/uploads\/2023\/05\/78er_4-300x200.jpg 300w\" sizes=\"(max-width: 400px) 100vw, 400px\" \/><\/figure><\/div>\n\n\n\n<div class=\"wp-block-image\"><figure class=\"aligncenter size-large\"><img loading=\"lazy\" decoding=\"async\" width=\"400\" height=\"267\" src=\"http:\/\/www.vogelsanginstitut.at\/at\/wp-content\/uploads\/2023\/05\/78er_3.jpg\" alt=\"\" class=\"wp-image-3897\" srcset=\"http:\/\/www.vogelsanginstitut.at\/at\/wp-content\/uploads\/2023\/05\/78er_3.jpg 400w, http:\/\/www.vogelsanginstitut.at\/at\/wp-content\/uploads\/2023\/05\/78er_3-300x200.jpg 300w\" sizes=\"(max-width: 400px) 100vw, 400px\" \/><\/figure><\/div>\n\n\n\n<div class=\"wp-block-image\"><figure class=\"aligncenter size-large\"><img loading=\"lazy\" decoding=\"async\" width=\"400\" height=\"267\" src=\"http:\/\/www.vogelsanginstitut.at\/at\/wp-content\/uploads\/2023\/05\/78er_2.jpg\" alt=\"\" class=\"wp-image-3896\" srcset=\"http:\/\/www.vogelsanginstitut.at\/at\/wp-content\/uploads\/2023\/05\/78er_2.jpg 400w, http:\/\/www.vogelsanginstitut.at\/at\/wp-content\/uploads\/2023\/05\/78er_2-300x200.jpg 300w\" sizes=\"(max-width: 400px) 100vw, 400px\" \/><\/figure><\/div>\n\n\n\n<div class=\"wp-block-image\"><figure class=\"aligncenter size-large\"><img loading=\"lazy\" decoding=\"async\" width=\"400\" height=\"267\" src=\"http:\/\/www.vogelsanginstitut.at\/at\/wp-content\/uploads\/2023\/05\/78er_1.jpg\" alt=\"\" class=\"wp-image-3895\" srcset=\"http:\/\/www.vogelsanginstitut.at\/at\/wp-content\/uploads\/2023\/05\/78er_1.jpg 400w, http:\/\/www.vogelsanginstitut.at\/at\/wp-content\/uploads\/2023\/05\/78er_1-300x200.jpg 300w\" sizes=\"(max-width: 400px) 100vw, 400px\" \/><\/figure><\/div>\n","protected":false},"excerpt":{"rendered":"<p>Anl\u00e4sslich des 78. Gr\u00fcndungstages der \u00d6sterreichischen Volkspartei im Schottenstift organisierte die \u201eStadtakademie Wien\u201c gemeinsam mit dem Karl von Vogelsang-Institut einen Festakt, um die historischen Momente der Gr\u00fcndung der \u00d6sterreichischen Volkspartei am 17. April 1945 genauer zu beleuchtet. <a href=\"http:\/\/www.vogelsanginstitut.at\/at\/?page_id=3893\">>>weiterlesen<\/a><\/p>\n","protected":false},"author":1,"featured_media":3895,"parent":0,"menu_order":0,"comment_status":"closed","ping_status":"closed","template":"","meta":{"footnotes":""},"_links":{"self":[{"href":"http:\/\/www.vogelsanginstitut.at\/at\/index.php?rest_route=\/wp\/v2\/pages\/3893"}],"collection":[{"href":"http:\/\/www.vogelsanginstitut.at\/at\/index.php?rest_route=\/wp\/v2\/pages"}],"about":[{"href":"http:\/\/www.vogelsanginstitut.at\/at\/index.php?rest_route=\/wp\/v2\/types\/page"}],"author":[{"embeddable":true,"href":"http:\/\/www.vogelsanginstitut.at\/at\/index.php?rest_route=\/wp\/v2\/users\/1"}],"replies":[{"embeddable":true,"href":"http:\/\/www.vogelsanginstitut.at\/at\/index.php?rest_route=%2Fwp%2Fv2%2Fcomments&post=3893"}],"version-history":[{"count":2,"href":"http:\/\/www.vogelsanginstitut.at\/at\/index.php?rest_route=\/wp\/v2\/pages\/3893\/revisions"}],"predecessor-version":[{"id":3899,"href":"http:\/\/www.vogelsanginstitut.at\/at\/index.php?rest_route=\/wp\/v2\/pages\/3893\/revisions\/3899"}],"wp:featuredmedia":[{"embeddable":true,"href":"http:\/\/www.vogelsanginstitut.at\/at\/index.php?rest_route=\/wp\/v2\/media\/3895"}],"wp:attachment":[{"href":"http:\/\/www.vogelsanginstitut.at\/at\/index.php?rest_route=%2Fwp%2Fv2%2Fmedia&parent=3893"}],"curies":[{"name":"wp","href":"https:\/\/api.w.org\/{rel}","templated":true}]}}