{"id":3886,"date":"2023-05-16T16:35:10","date_gmt":"2023-05-16T14:35:10","guid":{"rendered":"http:\/\/www.vogelsanginstitut.at\/at\/?page_id=3886"},"modified":"2023-05-16T16:35:51","modified_gmt":"2023-05-16T14:35:51","slug":"forschungen-aus-dem-archiv-ignaz-seipel-die-stabilisierung-der-ersten-republik","status":"publish","type":"page","link":"http:\/\/www.vogelsanginstitut.at\/at\/?page_id=3886","title":{"rendered":"Forschungen aus dem Archiv Ignaz Seipel. Die Stabilisierung der Ersten Republik."},"content":{"rendered":"\n<p><strong>Forschungen aus dem Archi<\/strong>v. <strong>IIgnaz Seipel. Die Stabilisierung der Ersten Republik.<\/strong><\/p>\n\n\n\n<p>Mit den Referenten Lothar H\u00f6belt, Franz Schausberger und Johannes Kalwoda fand am 05. Mai 2023 vor rund 60 Teilnehmerinnen und Teilnehmer die Veranstaltung \u201eIgnaz Seipel. Die Stabilisierung der Ersten Republik.\u201c statt. Bereits vor einem Jahr setzte das Vogelsang-Institut eine Vielzahl an Schwerpunkten, die sich mit dem Leben und dem politischen Schaffen von Ignaz Seipel auseinandersetzten. Der \u00e4u\u00dfere Rahmen daf\u00fcr war vorgegeben. 2022 j\u00e4hrte sich zum 100. Mal die politische Leistung Seipels, die zur wirtschaftlichen und finanzpolitischen Sanierung \u00d6sterreichs f\u00fchrte, die sgn. \u201eGenfer Sanierung\u201c, oder richtiger die Unterzeichnung der Genfer V\u00f6lkerbund-Protokolle, und vor 90 Jahren verstarb der wohl bedeutendste und umstrittenste Bundeskanzler und Priesterpolitiker der Ersten Republik.<\/p>\n\n\n\n<p>Diese Veranstaltung im Rahmen des Formats \u201eForschungen aus dem Archiv\u201c stellte gewisserma\u00dfen den Abschluss dieses Jubil\u00e4ums dar. Im Jahre 2017 begann Prof. Lothar H\u00f6belt mit der Aufarbeitung der entscheidenden Protokolle an der Epochenwende vom Ende der Monarchie hin zu den ersten Schritten der jungen Republik. Vor allem beziehen sich seine Forschungen auf die Zeit der gemeinsamen Klubsitzungen der Christlichsozialen und der Gro\u00dfdeutschen w\u00e4hrend der Jahre 1918\/19. Dieses Werk mit dem Titel \u201eKlubprotokolle der Christlichsozialen und Gro\u00dfdeutschen 1918\/19\u201c erschien im Seipel-Jubil\u00e4umsjahr 2022 und geh\u00f6rt mit Sicherheit zu den gewichtigsten B\u00fcchern, die das Institut in der letzten Zeit herausgegeben hat bzw. vorstellen durfte.<\/p>\n\n\n\n<p>Die beiden Referenten dieser Veranstaltung gelten als ausgewiesene Experten auf dem Gebiet der \u00f6sterreichischen Geschichte: Univ.-Prof. Dr. Franz Schausberger, Pr\u00e4sident des Vogelsang-Instituts, forschte der Pers\u00f6nlichkeit Ignaz Seipels aus der modernen, heutigen Sicht nach. Als fr\u00fcherer Landeshauptmann von Salzburg, wo im \u00fcbrigen Ignaz Seipel seine ersten akademischen Schritte gesetzt hatte, kennt Franz Schausberger beides: Die \u00f6sterreichische Politik, das bedeutet Innen- und Au\u00dfenpolitik sowie die Vielfalt der Geschichtswissenschaft. Das Werk von Franz Schausberger \u00fcber Bundeskanzler Rudolf Ramek gilt dar\u00fcber hinaus als Standardwerk zur Geschichte der 1920er Jahre in \u00d6sterreich, und war auch zu einem gro\u00dfen Teil mit Quellenmaterialien des KvVI-Archivs erarbeitet worden.<\/p>\n\n\n\n<p>Univ.-Prof. Dr. Lothar H\u00f6belt bietet ein wissenschaftliches Lebenswerk, das weit \u00fcber das 20. Jahrhundert hinausgeht. Zu seinen Schwerpunkten z\u00e4hlt die europ\u00e4ische Geschichte des 19. und 20. Jahrhunderts ebenso, wie wirtschaftshistorische Entwicklungen und Ideologiegeschichte.<\/p>\n\n\n\n<p>Beide Referate gingen den Ursachen und den Folgen der Politik Seipels nach. Was blieb also von den Visionen Seipels 90 Jahre nach seinem Tod? Die Versuche, einen B\u00fcrgerblock unter bewusster Absenz linker Str\u00f6mungen zu bilden, waren damals aktuell und sind es heute. Wirken Seipels Versuche in der Retrospektive nur polarisierend oder k\u00f6nnen sie uns Aufschl\u00fcsse \u00fcber allgemeine Entwicklungen geben, was in diesem Land historisch gesehen m\u00f6glich oder nicht m\u00f6glich war?<\/p>\n\n\n\n<p>Das Institut versuchte f\u00fcr diesen Veranstaltungsabend auch einen w\u00fcrdigen historischen Rahmen zu bieten. Im Foyer unterstrichen zeitgen\u00f6ssische Plakate und Karikaturen die Polarisierung der \u00f6sterreichischen Innenpolitik von der Gr\u00fcndung der Republik bis zur Mitte der 1930iger Jahre; dar\u00fcber hinaus zeigten mehrere Vitrinen Lebensstationen von Seipel und Beispiele der politischen Frontstellung in der Zwischenkriegszeit.<\/p>\n\n\n\n<figure class=\"wp-block-image size-large\"><img loading=\"lazy\" decoding=\"async\" width=\"582\" height=\"297\" src=\"http:\/\/www.vogelsanginstitut.at\/at\/wp-content\/uploads\/2023\/05\/Seipel_2.png\" alt=\"\" class=\"wp-image-3888\" srcset=\"http:\/\/www.vogelsanginstitut.at\/at\/wp-content\/uploads\/2023\/05\/Seipel_2.png 582w, http:\/\/www.vogelsanginstitut.at\/at\/wp-content\/uploads\/2023\/05\/Seipel_2-300x153.png 300w\" sizes=\"(max-width: 582px) 100vw, 582px\" \/><\/figure>\n\n\n\n<figure class=\"wp-block-image size-large\"><img loading=\"lazy\" decoding=\"async\" width=\"586\" height=\"474\" src=\"http:\/\/www.vogelsanginstitut.at\/at\/wp-content\/uploads\/2023\/05\/Seipel_3.png\" alt=\"\" class=\"wp-image-3889\" srcset=\"http:\/\/www.vogelsanginstitut.at\/at\/wp-content\/uploads\/2023\/05\/Seipel_3.png 586w, http:\/\/www.vogelsanginstitut.at\/at\/wp-content\/uploads\/2023\/05\/Seipel_3-300x243.png 300w\" sizes=\"(max-width: 586px) 100vw, 586px\" \/><\/figure>\n\n\n\n<figure class=\"wp-block-image size-large\"><img loading=\"lazy\" decoding=\"async\" width=\"581\" height=\"370\" src=\"http:\/\/www.vogelsanginstitut.at\/at\/wp-content\/uploads\/2023\/05\/Seipel_1.png\" alt=\"\" class=\"wp-image-3887\" srcset=\"http:\/\/www.vogelsanginstitut.at\/at\/wp-content\/uploads\/2023\/05\/Seipel_1.png 581w, http:\/\/www.vogelsanginstitut.at\/at\/wp-content\/uploads\/2023\/05\/Seipel_1-300x191.png 300w\" sizes=\"(max-width: 581px) 100vw, 581px\" \/><\/figure>\n","protected":false},"excerpt":{"rendered":"<p>Mit den Referenten Lothar H\u00f6belt, Franz Schausberger und Johannes Kalwoda fand am 05. Mai 2023 vor rund 60 Teilnehmerinnen und Teilnehmer die Veranstaltung \u201eIgnaz Seipel. Die Stabilisierung der Ersten Republik.\u201c statt. Bereits vor einem Jahr setzte das Vogelsang-Institut eine Vielzahl an Schwerpunkten, die sich mit dem Leben und dem politischen Schaffen von Ignaz Seipel auseinandersetzten. Der \u00e4u\u00dfere Rahmen daf\u00fcr war vorgegeben. 2022 j\u00e4hrte sich zum 100. Mal die politische Leistung Seipels, die zur wirtschaftlichen und finanzpolitischen Sanierung \u00d6sterreichs f\u00fchrte, die sgn. \u201eGenfer Sanierung\u201c, oder richtiger die Unterzeichnung der Genfer V\u00f6lkerbund-Protokolle, und vor 90 Jahren verstarb der wohl bedeutendste und umstrittenste Bundeskanzler und Priesterpolitiker der Ersten Republik. <a href=\"http:\/\/www.vogelsanginstitut.at\/at\/?page_id=3886\">>>weiterlesen<\/a><\/p>\n","protected":false},"author":1,"featured_media":3887,"parent":0,"menu_order":0,"comment_status":"closed","ping_status":"closed","template":"","meta":{"footnotes":""},"_links":{"self":[{"href":"http:\/\/www.vogelsanginstitut.at\/at\/index.php?rest_route=\/wp\/v2\/pages\/3886"}],"collection":[{"href":"http:\/\/www.vogelsanginstitut.at\/at\/index.php?rest_route=\/wp\/v2\/pages"}],"about":[{"href":"http:\/\/www.vogelsanginstitut.at\/at\/index.php?rest_route=\/wp\/v2\/types\/page"}],"author":[{"embeddable":true,"href":"http:\/\/www.vogelsanginstitut.at\/at\/index.php?rest_route=\/wp\/v2\/users\/1"}],"replies":[{"embeddable":true,"href":"http:\/\/www.vogelsanginstitut.at\/at\/index.php?rest_route=%2Fwp%2Fv2%2Fcomments&post=3886"}],"version-history":[{"count":2,"href":"http:\/\/www.vogelsanginstitut.at\/at\/index.php?rest_route=\/wp\/v2\/pages\/3886\/revisions"}],"predecessor-version":[{"id":3891,"href":"http:\/\/www.vogelsanginstitut.at\/at\/index.php?rest_route=\/wp\/v2\/pages\/3886\/revisions\/3891"}],"wp:featuredmedia":[{"embeddable":true,"href":"http:\/\/www.vogelsanginstitut.at\/at\/index.php?rest_route=\/wp\/v2\/media\/3887"}],"wp:attachment":[{"href":"http:\/\/www.vogelsanginstitut.at\/at\/index.php?rest_route=%2Fwp%2Fv2%2Fmedia&parent=3886"}],"curies":[{"name":"wp","href":"https:\/\/api.w.org\/{rel}","templated":true}]}}