{"id":3715,"date":"2023-02-20T10:20:01","date_gmt":"2023-02-20T09:20:01","guid":{"rendered":"http:\/\/www.vogelsanginstitut.at\/at\/?page_id=3715"},"modified":"2023-02-20T10:20:01","modified_gmt":"2023-02-20T09:20:01","slug":"sebastian-kurz","status":"publish","type":"page","link":"http:\/\/www.vogelsanginstitut.at\/at\/?page_id=3715","title":{"rendered":"Sebastian Kurz"},"content":{"rendered":"\n<p><strong>Sebastian Kurz (geb. 1986 in Wien)<\/strong><\/p>\n\n\n\n<p>Bundesparteiobmann von 2017\u20132021<\/p>\n\n\n\n<p>Sebastian Kurz ist seit 2003 Mitglied der Jungen Volkspartei und war von 2008 bis<br>2012 Obmann der JVP-Wien. Im Dezember 2013 wurde Kurz mit nur 27 Jahren<br>j\u00fcngster Au\u00dfenminister in der \u00f6sterreichischen Geschichte. Am 1. Juli 2017 wurde<br>Kurz beim Bundesparteitag in Linz mit 98,7 Prozent der Delegiertenstimmen zum<br>neuen Vorsitzenden der neuen Volkspartei gew\u00e4hlt.<\/p>\n\n\n\n<p>Bei der Nationalratswahl 2017 erreichte die Liste Sebastian Kurz \u2013 die Volkspartei<br>31,5 Prozent der Stimmen und wurde damit erstmals seit 2002 wieder stimmenst\u00e4rkste<br>Partei. Nach Sondierungsgespr\u00e4chen einigten sich Sebastian Kurz und<br>Heinz-Christian Strache von der FP\u00d6 auf eine Koalition. In den Regierung Kurz I<br>wurden gro\u00dfe Reformvorhaben wie der \u201eFamilienbonus Plus\u201c und die \u201eFlexibilisierung<br>der Arbeitszeit\u201c verwirklicht.<\/p>\n\n\n\n<p>Die erfolgreiche Regierungsarbeit wurde durch die Ibiza-Aff\u00e4re im Mai 2019 beendet. Bei der deswegen notwendig gewordenen Neuwahl am 29. September konnte die Volkspartei ihr Ergebnis auf 37,5 Prozent verbessern. Am 7. Januar 2020 wurde die t\u00fcrkis-gr\u00fcne Bundesregierung Kurz II angelobt. Die ersten zwei Jahre der Regierung Kurz II standen ganz im Zeichen der Bek\u00e4mpfung der Covid-19-Pandemie und einer \u00f6kosozialen Steuerreform, die<br>18 Milliarden Euro Entlastung brachte.<\/p>\n\n\n\n<p>Angesichts unbewiesener Vorw\u00fcrfe trat Kurz am 9. Oktober 2021 als Bundeskanzler<br>zur\u00fcck und zog sich am 2. Dezember komplett aus der Politik zur\u00fcck.<\/p>\n","protected":false},"excerpt":{"rendered":"<p>Sebastian Kurz (geb. 1986 in Wien) Bundesparteiobmann von 2017\u20132021 Sebastian Kurz ist seit 2003 Mitglied der Jungen Volkspartei und war von 2008 bis2012 Obmann der JVP-Wien. Im Dezember 2013 wurde &#8230;<\/p>\n","protected":false},"author":1,"featured_media":0,"parent":0,"menu_order":0,"comment_status":"closed","ping_status":"closed","template":"","meta":{"footnotes":""},"_links":{"self":[{"href":"http:\/\/www.vogelsanginstitut.at\/at\/index.php?rest_route=\/wp\/v2\/pages\/3715"}],"collection":[{"href":"http:\/\/www.vogelsanginstitut.at\/at\/index.php?rest_route=\/wp\/v2\/pages"}],"about":[{"href":"http:\/\/www.vogelsanginstitut.at\/at\/index.php?rest_route=\/wp\/v2\/types\/page"}],"author":[{"embeddable":true,"href":"http:\/\/www.vogelsanginstitut.at\/at\/index.php?rest_route=\/wp\/v2\/users\/1"}],"replies":[{"embeddable":true,"href":"http:\/\/www.vogelsanginstitut.at\/at\/index.php?rest_route=%2Fwp%2Fv2%2Fcomments&post=3715"}],"version-history":[{"count":1,"href":"http:\/\/www.vogelsanginstitut.at\/at\/index.php?rest_route=\/wp\/v2\/pages\/3715\/revisions"}],"predecessor-version":[{"id":3716,"href":"http:\/\/www.vogelsanginstitut.at\/at\/index.php?rest_route=\/wp\/v2\/pages\/3715\/revisions\/3716"}],"wp:attachment":[{"href":"http:\/\/www.vogelsanginstitut.at\/at\/index.php?rest_route=%2Fwp%2Fv2%2Fmedia&parent=3715"}],"curies":[{"name":"wp","href":"https:\/\/api.w.org\/{rel}","templated":true}]}}