{"id":3520,"date":"2022-08-29T12:43:51","date_gmt":"2022-08-29T10:43:51","guid":{"rendered":"http:\/\/www.vogelsanginstitut.at\/at\/?page_id=3520"},"modified":"2022-08-29T12:43:51","modified_gmt":"2022-08-29T10:43:51","slug":"sixtus-lanner","status":"publish","type":"page","link":"http:\/\/www.vogelsanginstitut.at\/at\/?page_id=3520","title":{"rendered":"Sixtus Lanner"},"content":{"rendered":"\n<p style=\"line-height:1.6;font-size:35px\"><strong>Sixtus Lanner<\/strong><\/p>\n\n\n\n<p><\/p>\n\n\n\n<p>Sixtus Lanner (geb. 12. Mai 1934), Dr. rer.nat., Angestellter. Studierte in Wien an den Universit\u00e4ten f\u00fcr Bodenkultur und Welthandel, sowie an der Universit\u00e4t in Illinois (USA). Danach leitende T\u00e4tigkeit in der Pr\u00e4sidentenkonferenz der Landwirtschaftskammern \u00d6sterreichs, Leiter des Referates f\u00fcr Agrarpolitik und Integration.<\/p>\n\n\n\n<p>Er \u00fcbernahm sehr fr\u00fch politische Spitzenfunktionen, war Direktor des \u00d6sterreichischen Bauernbundes von 1969 bis 1976, dar\u00fcber hinaus war er Mitglied der \u00f6sterreichischen Delegation zur Parlamentarischen Versammlung des Europarates 1974. Sixtus Lanner bekleidete das Amt des \u00d6VP-Generalsekret\u00e4r von 1976 bis 1982, sowie jenes des Vizepr\u00e4sidenten der UECD von 1976 bis 1982.<br><\/p>\n\n\n\n<p>Sixtus Lanne war Mitglied des \u00d6sterreichischen Nationalrates von 1971 bis 1996.<\/p>\n","protected":false},"excerpt":{"rendered":"<p>Sixtus Lanner Sixtus Lanner (geb. 12. Mai 1934), Dr. rer.nat., Angestellter. Studierte in Wien an den Universit\u00e4ten f\u00fcr Bodenkultur und Welthandel, sowie an der Universit\u00e4t in Illinois (USA). Danach leitende &#8230;<\/p>\n","protected":false},"author":1,"featured_media":0,"parent":0,"menu_order":0,"comment_status":"closed","ping_status":"closed","template":"","meta":{"footnotes":""},"_links":{"self":[{"href":"http:\/\/www.vogelsanginstitut.at\/at\/index.php?rest_route=\/wp\/v2\/pages\/3520"}],"collection":[{"href":"http:\/\/www.vogelsanginstitut.at\/at\/index.php?rest_route=\/wp\/v2\/pages"}],"about":[{"href":"http:\/\/www.vogelsanginstitut.at\/at\/index.php?rest_route=\/wp\/v2\/types\/page"}],"author":[{"embeddable":true,"href":"http:\/\/www.vogelsanginstitut.at\/at\/index.php?rest_route=\/wp\/v2\/users\/1"}],"replies":[{"embeddable":true,"href":"http:\/\/www.vogelsanginstitut.at\/at\/index.php?rest_route=%2Fwp%2Fv2%2Fcomments&post=3520"}],"version-history":[{"count":1,"href":"http:\/\/www.vogelsanginstitut.at\/at\/index.php?rest_route=\/wp\/v2\/pages\/3520\/revisions"}],"predecessor-version":[{"id":3521,"href":"http:\/\/www.vogelsanginstitut.at\/at\/index.php?rest_route=\/wp\/v2\/pages\/3520\/revisions\/3521"}],"wp:attachment":[{"href":"http:\/\/www.vogelsanginstitut.at\/at\/index.php?rest_route=%2Fwp%2Fv2%2Fmedia&parent=3520"}],"curies":[{"name":"wp","href":"https:\/\/api.w.org\/{rel}","templated":true}]}}