{"id":3444,"date":"2022-05-26T11:18:08","date_gmt":"2022-05-26T09:18:08","guid":{"rendered":"http:\/\/www.vogelsanginstitut.at\/at\/?page_id=3444"},"modified":"2022-10-03T17:36:48","modified_gmt":"2022-10-03T15:36:48","slug":"lange-nacht-der-forschung-2022","status":"publish","type":"page","link":"http:\/\/www.vogelsanginstitut.at\/at\/?page_id=3444","title":{"rendered":"Lange Nacht der Forschung 2022"},"content":{"rendered":"\n<p><strong>Lange Nacht der Forschung 2022<\/strong><\/p>\n\n\n\n<p>Am Freitag, den 20. Mai 2022 fand erstmals seit der coronabedingten Unterbrechung wieder die \u201eLange Nacht der Forschung&#8221; in ganz \u00d6sterreich statt. Veranstaltet vom Bundesministerium f\u00fcr Bildung, Wissenschaft und Forschung wurden von Eisenstadt bis Bregenz bei insgesamt 2.000 Stationen wissenschaftliche Leistungen n\u00e4her vorgestellt und praktisch \u201ebegreifbar&#8221; gemacht.<\/p>\n\n\n\n<p>Das Karl von Vogelsang-Institut nutzte die Gelegenheit, um abgeschlossene, aber auch aktuelle Projekte einer interessierten \u00d6ffentlichkeit zu pr\u00e4sentieren. In der Akademie der Wissenschaften (\u00d6AW) am Dr.-Ignaz-Seipel-Platz in der Wiener Innenstadt stellten an diesem Abend von 17-23 Uhr mehr als f\u00fcnfzig Organisationen und wissenschaftliche Institute ihre Forschungen vor. Mehr als 9.000 Interessierte nahmen sich die Zeit, um sich hier am Standort in der \u00d6AW ein Bild \u00fcber die Vielf\u00e4ltigkeit der \u00f6sterreichischen Forschungslandschaft zu machen und sich einen pers\u00f6nlichen Eindruck zu verschaffen.<\/p>\n\n\n\n<p>Das Institut bot an seinem Stand auch einen&nbsp;<strong>Workshop f\u00fcr Kurrentschrift<\/strong>&nbsp;an, eine M\u00f6glichkeit von der Jung und Alt, Profis und Amateure der unterschiedlichsten Disziplinen regen Gebrauch machten.<\/p>\n\n\n\n<p>Auf besonderes Interesse stie\u00dfen die umfangreichen&nbsp;<strong>Digitalisierungsprojekte<\/strong>&nbsp;des Instituts zur Ersten und Zweiten Republik, zu denen man im \u201eDigitalen Archiv&#8221; des Instituts eigenst\u00e4ndig recherchieren konnte.<\/p>\n\n\n\n<p>Das Vogelsang-Institut konnte vor allem mit seinen Schwerpunkten&nbsp;<strong>historische Grundlagenforschung, Digitalisierung bedeutender Quellen zur \u00f6sterreichischen Zeitgeschichte, Transkription historischer Texte<\/strong>&nbsp;und der&nbsp;<strong>Speicherung politischer Grundsatzarbeit<\/strong>&nbsp;punkten und das Interesse der Besucher auf sich ziehen. Zahlreiche positive R\u00fcckmeldungen machten deutlich, dass unsere Teilnahme an der Veranstaltung absolut berechtigt war. Auch unsere&nbsp;<strong>Erinnerungsdatenbank<\/strong>&nbsp;\u2013 im Jahre 2022 dem Umweltschutz gewidmet \u2013 rief Interesse und Neugierde hervor.<\/p>\n\n\n\n<p>Dar\u00fcber hinaus gelang es dem Institut an diesem Abend mehrere neue Mitglieder zu gewinnen. Alles in allem, ein \u00fcberaus gelungener Abend.<\/p>\n\n\n\n<p>I<strong>mpressionen zur Langen Nacht der Forschung:<\/strong><\/p>\n\n\n\n<figure class=\"wp-block-gallery columns-3 is-cropped wp-block-gallery-1 is-layout-flex wp-block-gallery-is-layout-flex\"><ul class=\"blocks-gallery-grid\"><li class=\"blocks-gallery-item\"><figure><img loading=\"lazy\" decoding=\"async\" width=\"768\" height=\"1024\" src=\"http:\/\/www.vogelsanginstitut.at\/at\/wp-content\/uploads\/2022\/05\/IMG-20220522-WA0052-768x1024.jpg\" alt=\"\" data-id=\"3454\" data-full-url=\"http:\/\/www.vogelsanginstitut.at\/at\/wp-content\/uploads\/2022\/05\/IMG-20220522-WA0052.jpg\" data-link=\"http:\/\/www.vogelsanginstitut.at\/at\/?attachment_id=3454\" class=\"wp-image-3454\" srcset=\"http:\/\/www.vogelsanginstitut.at\/at\/wp-content\/uploads\/2022\/05\/IMG-20220522-WA0052-768x1024.jpg 768w, http:\/\/www.vogelsanginstitut.at\/at\/wp-content\/uploads\/2022\/05\/IMG-20220522-WA0052-225x300.jpg 225w, http:\/\/www.vogelsanginstitut.at\/at\/wp-content\/uploads\/2022\/05\/IMG-20220522-WA0052-1152x1536.jpg 1152w, http:\/\/www.vogelsanginstitut.at\/at\/wp-content\/uploads\/2022\/05\/IMG-20220522-WA0052.jpg 1200w\" sizes=\"(max-width: 768px) 100vw, 768px\" \/><\/figure><\/li><li class=\"blocks-gallery-item\"><figure><img loading=\"lazy\" decoding=\"async\" width=\"768\" height=\"1024\" src=\"http:\/\/www.vogelsanginstitut.at\/at\/wp-content\/uploads\/2022\/05\/IMG-20220522-WA0039-768x1024.jpg\" alt=\"\" data-id=\"3453\" data-full-url=\"http:\/\/www.vogelsanginstitut.at\/at\/wp-content\/uploads\/2022\/05\/IMG-20220522-WA0039.jpg\" data-link=\"http:\/\/www.vogelsanginstitut.at\/at\/?attachment_id=3453\" class=\"wp-image-3453\" srcset=\"http:\/\/www.vogelsanginstitut.at\/at\/wp-content\/uploads\/2022\/05\/IMG-20220522-WA0039-768x1024.jpg 768w, http:\/\/www.vogelsanginstitut.at\/at\/wp-content\/uploads\/2022\/05\/IMG-20220522-WA0039-225x300.jpg 225w, http:\/\/www.vogelsanginstitut.at\/at\/wp-content\/uploads\/2022\/05\/IMG-20220522-WA0039-1152x1536.jpg 1152w, http:\/\/www.vogelsanginstitut.at\/at\/wp-content\/uploads\/2022\/05\/IMG-20220522-WA0039.jpg 1200w\" sizes=\"(max-width: 768px) 100vw, 768px\" \/><\/figure><\/li><li class=\"blocks-gallery-item\"><figure><img loading=\"lazy\" decoding=\"async\" width=\"1024\" height=\"768\" src=\"http:\/\/www.vogelsanginstitut.at\/at\/wp-content\/uploads\/2022\/05\/IMG-20220522-WA0025-1024x768.jpg\" alt=\"\" data-id=\"3452\" data-full-url=\"http:\/\/www.vogelsanginstitut.at\/at\/wp-content\/uploads\/2022\/05\/IMG-20220522-WA0025.jpg\" data-link=\"http:\/\/www.vogelsanginstitut.at\/at\/?attachment_id=3452\" class=\"wp-image-3452\" srcset=\"http:\/\/www.vogelsanginstitut.at\/at\/wp-content\/uploads\/2022\/05\/IMG-20220522-WA0025-1024x768.jpg 1024w, http:\/\/www.vogelsanginstitut.at\/at\/wp-content\/uploads\/2022\/05\/IMG-20220522-WA0025-300x225.jpg 300w, http:\/\/www.vogelsanginstitut.at\/at\/wp-content\/uploads\/2022\/05\/IMG-20220522-WA0025-768x576.jpg 768w, http:\/\/www.vogelsanginstitut.at\/at\/wp-content\/uploads\/2022\/05\/IMG-20220522-WA0025-1536x1152.jpg 1536w, http:\/\/www.vogelsanginstitut.at\/at\/wp-content\/uploads\/2022\/05\/IMG-20220522-WA0025.jpg 1600w\" sizes=\"(max-width: 1024px) 100vw, 1024px\" \/><\/figure><\/li><li class=\"blocks-gallery-item\"><figure><img loading=\"lazy\" decoding=\"async\" width=\"1024\" height=\"768\" src=\"http:\/\/www.vogelsanginstitut.at\/at\/wp-content\/uploads\/2022\/05\/IMG-20220522-WA0022-1024x768.jpg\" alt=\"\" data-id=\"3451\" data-full-url=\"http:\/\/www.vogelsanginstitut.at\/at\/wp-content\/uploads\/2022\/05\/IMG-20220522-WA0022.jpg\" data-link=\"http:\/\/www.vogelsanginstitut.at\/at\/?attachment_id=3451\" class=\"wp-image-3451\" srcset=\"http:\/\/www.vogelsanginstitut.at\/at\/wp-content\/uploads\/2022\/05\/IMG-20220522-WA0022-1024x768.jpg 1024w, http:\/\/www.vogelsanginstitut.at\/at\/wp-content\/uploads\/2022\/05\/IMG-20220522-WA0022-300x225.jpg 300w, http:\/\/www.vogelsanginstitut.at\/at\/wp-content\/uploads\/2022\/05\/IMG-20220522-WA0022-768x576.jpg 768w, http:\/\/www.vogelsanginstitut.at\/at\/wp-content\/uploads\/2022\/05\/IMG-20220522-WA0022-1536x1152.jpg 1536w, http:\/\/www.vogelsanginstitut.at\/at\/wp-content\/uploads\/2022\/05\/IMG-20220522-WA0022.jpg 1600w\" sizes=\"(max-width: 1024px) 100vw, 1024px\" \/><\/figure><\/li><li class=\"blocks-gallery-item\"><figure><img loading=\"lazy\" decoding=\"async\" width=\"1024\" height=\"768\" src=\"http:\/\/www.vogelsanginstitut.at\/at\/wp-content\/uploads\/2022\/05\/IMG-20220522-WA0008-1024x768.jpg\" alt=\"\" data-id=\"3450\" data-full-url=\"http:\/\/www.vogelsanginstitut.at\/at\/wp-content\/uploads\/2022\/05\/IMG-20220522-WA0008.jpg\" data-link=\"http:\/\/www.vogelsanginstitut.at\/at\/?attachment_id=3450\" class=\"wp-image-3450\" srcset=\"http:\/\/www.vogelsanginstitut.at\/at\/wp-content\/uploads\/2022\/05\/IMG-20220522-WA0008-1024x768.jpg 1024w, http:\/\/www.vogelsanginstitut.at\/at\/wp-content\/uploads\/2022\/05\/IMG-20220522-WA0008-300x225.jpg 300w, http:\/\/www.vogelsanginstitut.at\/at\/wp-content\/uploads\/2022\/05\/IMG-20220522-WA0008-768x576.jpg 768w, http:\/\/www.vogelsanginstitut.at\/at\/wp-content\/uploads\/2022\/05\/IMG-20220522-WA0008-1536x1152.jpg 1536w, http:\/\/www.vogelsanginstitut.at\/at\/wp-content\/uploads\/2022\/05\/IMG-20220522-WA0008.jpg 1600w\" sizes=\"(max-width: 1024px) 100vw, 1024px\" \/><\/figure><\/li><li class=\"blocks-gallery-item\"><figure><img loading=\"lazy\" decoding=\"async\" width=\"1024\" height=\"768\" src=\"http:\/\/www.vogelsanginstitut.at\/at\/wp-content\/uploads\/2022\/05\/IMG-20220522-WA0003-1024x768.jpg\" alt=\"\" data-id=\"3449\" data-full-url=\"http:\/\/www.vogelsanginstitut.at\/at\/wp-content\/uploads\/2022\/05\/IMG-20220522-WA0003.jpg\" data-link=\"http:\/\/www.vogelsanginstitut.at\/at\/?attachment_id=3449\" class=\"wp-image-3449\" srcset=\"http:\/\/www.vogelsanginstitut.at\/at\/wp-content\/uploads\/2022\/05\/IMG-20220522-WA0003-1024x768.jpg 1024w, http:\/\/www.vogelsanginstitut.at\/at\/wp-content\/uploads\/2022\/05\/IMG-20220522-WA0003-300x225.jpg 300w, http:\/\/www.vogelsanginstitut.at\/at\/wp-content\/uploads\/2022\/05\/IMG-20220522-WA0003-768x576.jpg 768w, http:\/\/www.vogelsanginstitut.at\/at\/wp-content\/uploads\/2022\/05\/IMG-20220522-WA0003-1536x1152.jpg 1536w, http:\/\/www.vogelsanginstitut.at\/at\/wp-content\/uploads\/2022\/05\/IMG-20220522-WA0003.jpg 1600w\" sizes=\"(max-width: 1024px) 100vw, 1024px\" \/><\/figure><\/li><li class=\"blocks-gallery-item\"><figure><img loading=\"lazy\" decoding=\"async\" width=\"768\" height=\"1024\" src=\"http:\/\/www.vogelsanginstitut.at\/at\/wp-content\/uploads\/2022\/05\/IMG-20220521-WA0020-768x1024.jpg\" alt=\"\" data-id=\"3448\" data-full-url=\"http:\/\/www.vogelsanginstitut.at\/at\/wp-content\/uploads\/2022\/05\/IMG-20220521-WA0020.jpg\" data-link=\"http:\/\/www.vogelsanginstitut.at\/at\/?attachment_id=3448\" class=\"wp-image-3448\" srcset=\"http:\/\/www.vogelsanginstitut.at\/at\/wp-content\/uploads\/2022\/05\/IMG-20220521-WA0020-768x1024.jpg 768w, http:\/\/www.vogelsanginstitut.at\/at\/wp-content\/uploads\/2022\/05\/IMG-20220521-WA0020-225x300.jpg 225w, http:\/\/www.vogelsanginstitut.at\/at\/wp-content\/uploads\/2022\/05\/IMG-20220521-WA0020-1152x1536.jpg 1152w, http:\/\/www.vogelsanginstitut.at\/at\/wp-content\/uploads\/2022\/05\/IMG-20220521-WA0020.jpg 1536w\" sizes=\"(max-width: 768px) 100vw, 768px\" \/><\/figure><\/li><li class=\"blocks-gallery-item\"><figure><img loading=\"lazy\" decoding=\"async\" width=\"591\" height=\"443\" src=\"http:\/\/www.vogelsanginstitut.at\/at\/wp-content\/uploads\/2022\/05\/IMG_20220520_204832.jpg\" alt=\"\" data-id=\"3447\" data-full-url=\"http:\/\/www.vogelsanginstitut.at\/at\/wp-content\/uploads\/2022\/05\/IMG_20220520_204832.jpg\" data-link=\"http:\/\/www.vogelsanginstitut.at\/at\/?attachment_id=3447\" class=\"wp-image-3447\" srcset=\"http:\/\/www.vogelsanginstitut.at\/at\/wp-content\/uploads\/2022\/05\/IMG_20220520_204832.jpg 591w, http:\/\/www.vogelsanginstitut.at\/at\/wp-content\/uploads\/2022\/05\/IMG_20220520_204832-300x225.jpg 300w\" sizes=\"(max-width: 591px) 100vw, 591px\" \/><\/figure><\/li><li class=\"blocks-gallery-item\"><figure><img loading=\"lazy\" decoding=\"async\" width=\"443\" height=\"591\" src=\"http:\/\/www.vogelsanginstitut.at\/at\/wp-content\/uploads\/2022\/05\/IMG_20220520_201038.jpg\" alt=\"\" data-id=\"3446\" data-full-url=\"http:\/\/www.vogelsanginstitut.at\/at\/wp-content\/uploads\/2022\/05\/IMG_20220520_201038.jpg\" data-link=\"http:\/\/www.vogelsanginstitut.at\/at\/?attachment_id=3446\" class=\"wp-image-3446\" srcset=\"http:\/\/www.vogelsanginstitut.at\/at\/wp-content\/uploads\/2022\/05\/IMG_20220520_201038.jpg 443w, http:\/\/www.vogelsanginstitut.at\/at\/wp-content\/uploads\/2022\/05\/IMG_20220520_201038-225x300.jpg 225w\" sizes=\"(max-width: 443px) 100vw, 443px\" \/><\/figure><\/li><\/ul><\/figure>\n","protected":false},"excerpt":{"rendered":"<p>Am Freitag, den 20. Mai 2022 fand erstmals seit der coronabedingten Unterbrechung wieder die \u201eLange Nacht der Forschung&#8221; in ganz \u00d6sterreich statt. Veranstaltet vom Bundesministerium f\u00fcr Bildung, Wissenschaft und Forschung wurden von Eisenstadt bis Bregenz bei insgesamt 2.000 Stationen wissenschaftliche Leistungen n\u00e4her vorgestellt und praktisch \u201ebegreifbar&#8221; gemacht. <a href=\"http:\/\/www.vogelsanginstitut.at\/at\/?page_id=3444\">>>weiterlesen<\/a><\/p>\n","protected":false},"author":1,"featured_media":3450,"parent":0,"menu_order":0,"comment_status":"closed","ping_status":"closed","template":"","meta":{"footnotes":""},"_links":{"self":[{"href":"http:\/\/www.vogelsanginstitut.at\/at\/index.php?rest_route=\/wp\/v2\/pages\/3444"}],"collection":[{"href":"http:\/\/www.vogelsanginstitut.at\/at\/index.php?rest_route=\/wp\/v2\/pages"}],"about":[{"href":"http:\/\/www.vogelsanginstitut.at\/at\/index.php?rest_route=\/wp\/v2\/types\/page"}],"author":[{"embeddable":true,"href":"http:\/\/www.vogelsanginstitut.at\/at\/index.php?rest_route=\/wp\/v2\/users\/1"}],"replies":[{"embeddable":true,"href":"http:\/\/www.vogelsanginstitut.at\/at\/index.php?rest_route=%2Fwp%2Fv2%2Fcomments&post=3444"}],"version-history":[{"count":3,"href":"http:\/\/www.vogelsanginstitut.at\/at\/index.php?rest_route=\/wp\/v2\/pages\/3444\/revisions"}],"predecessor-version":[{"id":3577,"href":"http:\/\/www.vogelsanginstitut.at\/at\/index.php?rest_route=\/wp\/v2\/pages\/3444\/revisions\/3577"}],"wp:featuredmedia":[{"embeddable":true,"href":"http:\/\/www.vogelsanginstitut.at\/at\/index.php?rest_route=\/wp\/v2\/media\/3450"}],"wp:attachment":[{"href":"http:\/\/www.vogelsanginstitut.at\/at\/index.php?rest_route=%2Fwp%2Fv2%2Fmedia&parent=3444"}],"curies":[{"name":"wp","href":"https:\/\/api.w.org\/{rel}","templated":true}]}}