{"id":3282,"date":"2022-02-18T12:39:09","date_gmt":"2022-02-18T11:39:09","guid":{"rendered":"http:\/\/www.vogelsanginstitut.at\/at\/?page_id=3282"},"modified":"2022-02-18T12:39:10","modified_gmt":"2022-02-18T11:39:10","slug":"hermann-withalm","status":"publish","type":"page","link":"http:\/\/www.vogelsanginstitut.at\/at\/?page_id=3282","title":{"rendered":"Hermann Withalm"},"content":{"rendered":"\n<p><strong>Hermann Withalm<\/strong><\/p>\n\n\n\n<p><br>Der 1912 geborene Nieder\u00f6sterreicher Hermann Withalm ging als legend\u00e4rer Generalsekret\u00e4r, Klubobmann und Vizekanzler seiner Partei in die Geschichte ein. Hermann Withalm, seiner Ausbildung nach Jurist und Notar, gelang der schwierige und nicht immer popul\u00e4re Spagat, sowohl reformorientiert zu sein und zugleich wertekonservativ zu bleiben. Nachdem die \u00d6VP bei den Nationalratswahlen 1970 die Mehrheit verlor und die SP\u00d6 unter Duldung der FP\u00d6 eine Minderheitsregierung bildete, ging die \u00d6VP in die Opposition. <\/p>\n\n\n\n<p>Der fr\u00fcheren Vizekanzler Hermann Withalm \u00fcbernahm in dieser schwierigen Situation den Parteivorsitz f\u00fcr ausschlie\u00dflich ein Jahr. Hermann Withalm hatte somit als erster \u00d6VP-Politiker im Laufe seines Lebens alle Schl\u00fcsselressorts der Partei innegehabt. Schlie\u00dflich war es aber nur Withalms Aufgabe als Bundesparteiobmann gewesen, einen geordneten \u00dcbergang sicherzustellen. F\u00fcr die Bundespr\u00e4sidentenwahl 1974 war urspr\u00fcnglich Hermann Withalm als \u00d6VP-Kandidat vorgesehen, ein erstes Wahlplakat mit seinem Konterfei war bereits in Druck. \u00dcberraschend machte der \u00d6VP- Bundesparteivorstand dann jedoch Alois Lugger zum Kandidaten. Dieser verlor die Wahl schlie\u00dflich gegen Rudolf Kirchschl\u00e4ger. Im Jahre 2003 verstarb Withalm in Wolkersdorf.<\/p>\n","protected":false},"excerpt":{"rendered":"<p>Hermann Withalm Der 1912 geborene Nieder\u00f6sterreicher Hermann Withalm ging als legend\u00e4rer Generalsekret\u00e4r, Klubobmann und Vizekanzler seiner Partei in die Geschichte ein. Hermann Withalm, seiner Ausbildung nach Jurist und Notar, gelang &#8230;<\/p>\n","protected":false},"author":1,"featured_media":0,"parent":0,"menu_order":0,"comment_status":"closed","ping_status":"closed","template":"","meta":{"footnotes":""},"_links":{"self":[{"href":"http:\/\/www.vogelsanginstitut.at\/at\/index.php?rest_route=\/wp\/v2\/pages\/3282"}],"collection":[{"href":"http:\/\/www.vogelsanginstitut.at\/at\/index.php?rest_route=\/wp\/v2\/pages"}],"about":[{"href":"http:\/\/www.vogelsanginstitut.at\/at\/index.php?rest_route=\/wp\/v2\/types\/page"}],"author":[{"embeddable":true,"href":"http:\/\/www.vogelsanginstitut.at\/at\/index.php?rest_route=\/wp\/v2\/users\/1"}],"replies":[{"embeddable":true,"href":"http:\/\/www.vogelsanginstitut.at\/at\/index.php?rest_route=%2Fwp%2Fv2%2Fcomments&post=3282"}],"version-history":[{"count":1,"href":"http:\/\/www.vogelsanginstitut.at\/at\/index.php?rest_route=\/wp\/v2\/pages\/3282\/revisions"}],"predecessor-version":[{"id":3283,"href":"http:\/\/www.vogelsanginstitut.at\/at\/index.php?rest_route=\/wp\/v2\/pages\/3282\/revisions\/3283"}],"wp:attachment":[{"href":"http:\/\/www.vogelsanginstitut.at\/at\/index.php?rest_route=%2Fwp%2Fv2%2Fmedia&parent=3282"}],"curies":[{"name":"wp","href":"https:\/\/api.w.org\/{rel}","templated":true}]}}