{"id":3245,"date":"2022-02-18T12:10:35","date_gmt":"2022-02-18T11:10:35","guid":{"rendered":"http:\/\/www.vogelsanginstitut.at\/at\/?page_id=3245"},"modified":"2022-02-18T12:10:36","modified_gmt":"2022-02-18T11:10:36","slug":"robert-lichal","status":"publish","type":"page","link":"http:\/\/www.vogelsanginstitut.at\/at\/?page_id=3245","title":{"rendered":"Robert Lichal"},"content":{"rendered":"\n<p><strong>Robert Lichal<\/strong><\/p>\n\n\n\n<p>Geboren am 9. Juli 1932 in Wien gilt Lichal als \u201ePolitiker mit Ecken und Kanten\u201c. Sowohl als nieder\u00f6sterreichischer Landesbeamter, als Gewerkschaftsfunktion\u00e4r, aber auch als Parlamentarier lie\u00df sich Robert Lichal zu keiner Zeit leichtfertig in eine bestimmte politische Kategorie einordnen.<\/p>\n\n\n\n<p>Politisch engagierte er sich bereits sehr fr\u00fch als \u00d6AAB-Mitglied in der Gewerkschaft \u00d6ffentlicher Dienst (G\u00d6D). So war er war 1987 bis 1991 Bundesobmann des \u00d6AAB und entwickelte in dieser Zeit zahlreiche wegweisende Innovationen einer modernen Arbeitnehmerpolitik. Von 1976 bis 1979 war Lichal Mitglied des \u00f6sterreichischen Bundesrates. In den Jahren 1979 bis 1987 war er schlie\u00dflich Abgeordneter zum Nationalrat.<\/p>\n\n\n\n<p>Von 1987 bis 1990 \u00fcbte er das Amt des Verteidigungsministers aus. In seiner Amtszeit wurde die Milizstruktur in der Verfassung festgeschrieben und \u00d6sterreichs Bundesheer erhielt die lange Zeit von der Armeef\u00fchrung erfolglos geforderten Lenkwaffen. Seine Amtszeit war dar\u00fcber hinaus gepr\u00e4gt von einem monatelangen Konflikt zwischen den Bundesl\u00e4ndern Nieder\u00f6sterreich und der Steiermark, der in der Stationierung von kurz zuvor angeschafften Abfangj\u00e4gern (Draken) seinen Ursprung hatte. Diese Konfrontation belastete auch nachhaltig die innerparteiliche Kompromissf\u00e4higkeit und den F\u00f6deralismus innerhalb der \u00d6VP. Nicht zuletzt darauf bezog sich seine Zuschreibung als Vertreter der \u201eStahlhelmfraktion\u201c. Zugleich polarisierte Lichal mit seiner klaren politischen Sprache, die aber verbunden war mit absoluter Handschlagqualit\u00e4t.<\/p>\n\n\n\n<p>Von 1990 bis 1994 war er wieder Abgeordneter zum Nationalrat und Zweiter Pr\u00e4sident des Nationalrates. Durchaus machtbewusst verstand sich der \u201enieder\u00f6sterreichische Hofrat\u201c auch als F\u00f6rderer junger politischer Talente im \u00d6AAB und in der \u00d6VP-Bundespartei.<\/p>\n\n\n\n<figure class=\"wp-block-image size-large\"><img loading=\"lazy\" decoding=\"async\" width=\"453\" height=\"497\" src=\"http:\/\/www.vogelsanginstitut.at\/at\/wp-content\/uploads\/2022\/02\/Lichal.jpg\" alt=\"\" class=\"wp-image-3246\" srcset=\"http:\/\/www.vogelsanginstitut.at\/at\/wp-content\/uploads\/2022\/02\/Lichal.jpg 453w, http:\/\/www.vogelsanginstitut.at\/at\/wp-content\/uploads\/2022\/02\/Lichal-273x300.jpg 273w\" sizes=\"(max-width: 453px) 100vw, 453px\" \/><\/figure>\n","protected":false},"excerpt":{"rendered":"<p>Robert Lichal Geboren am 9. Juli 1932 in Wien gilt Lichal als \u201ePolitiker mit Ecken und Kanten\u201c. Sowohl als nieder\u00f6sterreichischer Landesbeamter, als Gewerkschaftsfunktion\u00e4r, aber auch als Parlamentarier lie\u00df sich Robert &#8230;<\/p>\n","protected":false},"author":1,"featured_media":0,"parent":0,"menu_order":0,"comment_status":"closed","ping_status":"closed","template":"","meta":{"footnotes":""},"_links":{"self":[{"href":"http:\/\/www.vogelsanginstitut.at\/at\/index.php?rest_route=\/wp\/v2\/pages\/3245"}],"collection":[{"href":"http:\/\/www.vogelsanginstitut.at\/at\/index.php?rest_route=\/wp\/v2\/pages"}],"about":[{"href":"http:\/\/www.vogelsanginstitut.at\/at\/index.php?rest_route=\/wp\/v2\/types\/page"}],"author":[{"embeddable":true,"href":"http:\/\/www.vogelsanginstitut.at\/at\/index.php?rest_route=\/wp\/v2\/users\/1"}],"replies":[{"embeddable":true,"href":"http:\/\/www.vogelsanginstitut.at\/at\/index.php?rest_route=%2Fwp%2Fv2%2Fcomments&post=3245"}],"version-history":[{"count":1,"href":"http:\/\/www.vogelsanginstitut.at\/at\/index.php?rest_route=\/wp\/v2\/pages\/3245\/revisions"}],"predecessor-version":[{"id":3247,"href":"http:\/\/www.vogelsanginstitut.at\/at\/index.php?rest_route=\/wp\/v2\/pages\/3245\/revisions\/3247"}],"wp:attachment":[{"href":"http:\/\/www.vogelsanginstitut.at\/at\/index.php?rest_route=%2Fwp%2Fv2%2Fmedia&parent=3245"}],"curies":[{"name":"wp","href":"https:\/\/api.w.org\/{rel}","templated":true}]}}