{"id":3140,"date":"2021-10-27T19:58:39","date_gmt":"2021-10-27T17:58:39","guid":{"rendered":"http:\/\/www.vogelsanginstitut.at\/at\/?page_id=3140"},"modified":"2021-10-27T20:04:43","modified_gmt":"2021-10-27T18:04:43","slug":"stadtspaziergang-durch-das-christlich-soziale-wien","status":"publish","type":"page","link":"http:\/\/www.vogelsanginstitut.at\/at\/?page_id=3140","title":{"rendered":"Stadtspaziergang durch das christlich-soziale Wien"},"content":{"rendered":"\n<p><strong>Stadtspaziergang durch das christlich-soziale Wien<\/strong>, <strong>Montag, 25. Oktober 2021<\/strong><\/p>\n\n\n\n<p><\/p>\n\n\n\n<p>Unter der Leitung von Mag. Stefan Riedl, Historiker und staatlich gepr\u00fcfter Fremdenf\u00fchrer, wurde erstmals ein historischer Stadtspaziergang zu Erinnerungsorten und Denkm\u00e4ler der christlich-sozialen Geschichte Wiens angeboten.<\/p>\n\n\n\n<p>Mehr als zwanzig Personen waren der Einladung gefolgt und versammelten sich kurz vor Mittag beim Lueger-Denkmal nahe der Ringstra\u00dfe. Es war das Ziel dieses Stadtspazierganges, bekannte Pl\u00e4tze n\u00e4her kennenzulernen und unbekannte Adressen neu zu entdecken. Die interessierten Teilnehmer konnten sich davon \u00fcberzeugen, dass christlich-soziale und b\u00fcrgerliche Politik ihre unverkennbaren Spuren im Wiener Stadtbild hinterlassen haben. Zugleich gewannen die \u201eSpazierg\u00e4nger\u201c einen kompakten \u00dcberblick \u00fcber die Entstehung und die ideengeschichtlichen Wurzeln der heutigen \u00d6sterreichischen Volkspartei.<\/p>\n\n\n\n<p>Wir begegneten gro\u00dfen Vordenkern, die die Grundlagen f\u00fcr b\u00fcrgerliche Politik in \u00d6sterreich geschaffen haben, und wir begaben uns auf die Spur wichtiger Ereignisse, die die Geschichte \u00d6sterreichs auf eine besondere \u201epolitisch-b\u00fcrgerliche\u201c Art mitgeschrieben haben. Die meisten davon sind bis heute im Wiener Stadtbild verewigt.<\/p>\n\n\n\n<p>Vorbei an prominenten \u201eStationen\u201c wie dem Ignaz Seipel-Platz mit der Alten Universit\u00e4t, Riemergasse mit dem legend\u00e4ren Lokal der \u201eEntenabende\u201c, dem Stephansdom und dem Schottenkloster konnten alle Teilnehmer Interessantes und oftmals Neues erfahren. Stefan Riedl versuchte dabei &#8211; wie beim Denkmal f\u00fcr B\u00fcrgermeister Karl Lueger am Stubenring &#8211; aktuelle Debatten zu thematisiert und kritisch zu beleuchten.<\/p>\n\n\n\n<p>Aufgrund des Interesses und des gro\u00dfen Erfolges dieser Veranstaltung plant das Institut kommendes Jahr 2022 eine Fortsetzung dieser \u201ehistorischen Stadtspazierg\u00e4nge\u201c.<\/p>\n\n\n\n<figure class=\"wp-block-image size-large\"><img loading=\"lazy\" decoding=\"async\" width=\"543\" height=\"728\" src=\"http:\/\/www.vogelsanginstitut.at\/at\/wp-content\/uploads\/2021\/10\/Stadtspaziergang1.jpg\" alt=\"\" class=\"wp-image-3141\" srcset=\"http:\/\/www.vogelsanginstitut.at\/at\/wp-content\/uploads\/2021\/10\/Stadtspaziergang1.jpg 543w, http:\/\/www.vogelsanginstitut.at\/at\/wp-content\/uploads\/2021\/10\/Stadtspaziergang1-224x300.jpg 224w\" sizes=\"(max-width: 543px) 100vw, 543px\" \/><figcaption>\u201eStadtf\u00fchrer\u201c Stefan Riedl und Gesch\u00e4ftsf\u00fchrer Hannes Sch\u00f6nner begr\u00fc\u00dfen die Teilnehmer vor dem Karl Lueger-Denkmal.<\/figcaption><\/figure>\n\n\n\n<figure class=\"wp-block-image size-large\"><img loading=\"lazy\" decoding=\"async\" width=\"536\" height=\"748\" src=\"http:\/\/www.vogelsanginstitut.at\/at\/wp-content\/uploads\/2021\/10\/Stadtspaziergang2.jpg\" alt=\"\" class=\"wp-image-3142\" srcset=\"http:\/\/www.vogelsanginstitut.at\/at\/wp-content\/uploads\/2021\/10\/Stadtspaziergang2.jpg 536w, http:\/\/www.vogelsanginstitut.at\/at\/wp-content\/uploads\/2021\/10\/Stadtspaziergang2-215x300.jpg 215w\" sizes=\"(max-width: 536px) 100vw, 536px\" \/><figcaption>Stefan Riedl beeindruckt mit Detailwissen. <\/figcaption><\/figure>\n\n\n\n<figure class=\"wp-block-image size-large\"><img loading=\"lazy\" decoding=\"async\" width=\"554\" height=\"389\" src=\"http:\/\/www.vogelsanginstitut.at\/at\/wp-content\/uploads\/2021\/10\/Stadtspaziergang3.jpg\" alt=\"\" class=\"wp-image-3143\" srcset=\"http:\/\/www.vogelsanginstitut.at\/at\/wp-content\/uploads\/2021\/10\/Stadtspaziergang3.jpg 554w, http:\/\/www.vogelsanginstitut.at\/at\/wp-content\/uploads\/2021\/10\/Stadtspaziergang3-300x211.jpg 300w\" sizes=\"(max-width: 554px) 100vw, 554px\" \/><figcaption>Station am Stephansplatz.<\/figcaption><\/figure>\n\n\n\n<figure class=\"wp-block-image size-large\"><img loading=\"lazy\" decoding=\"async\" width=\"657\" height=\"879\" src=\"http:\/\/www.vogelsanginstitut.at\/at\/wp-content\/uploads\/2021\/10\/Stadtspaziergang4.jpg\" alt=\"\" class=\"wp-image-3144\" srcset=\"http:\/\/www.vogelsanginstitut.at\/at\/wp-content\/uploads\/2021\/10\/Stadtspaziergang4.jpg 657w, http:\/\/www.vogelsanginstitut.at\/at\/wp-content\/uploads\/2021\/10\/Stadtspaziergang4-224x300.jpg 224w\" sizes=\"(max-width: 657px) 100vw, 657px\" \/><figcaption>Das Karl von Vogelsang-Institut hat seit seiner Gr\u00fcndung auf die Geschichte der christlich-sozialen Bewegung auch im \u00f6ffentlichen Raum hingewiesen.<br>Erinnerungstafel f\u00fcr die \u201eEntenabende\u201c an der Ecke Riemergasse\/Schulerstra\u00dfe.<\/figcaption><\/figure>\n","protected":false},"excerpt":{"rendered":"<p>Unter der Leitung von Mag. Stefan Riedl, Historiker und staatlich gepr\u00fcfter Fremdenf\u00fchrer, wurde erstmals ein historischer Stadtspaziergang zu Erinnerungsorten und Denkm\u00e4ler der christlich-sozialen Geschichte Wiens angeboten. <\/p>\n<p>Mehr als zwanzig Personen waren der Einladung gefolgt und versammelten sich kurz vor Mittag beim Lueger-Denkmal nahe der Ringstra\u00dfe.  <a href=\"http:\/\/www.vogelsanginstitut.at\/at\/?page_id=3140\">>>weiterlesen<\/a><\/p>\n","protected":false},"author":1,"featured_media":3141,"parent":0,"menu_order":0,"comment_status":"closed","ping_status":"closed","template":"","meta":{"footnotes":""},"_links":{"self":[{"href":"http:\/\/www.vogelsanginstitut.at\/at\/index.php?rest_route=\/wp\/v2\/pages\/3140"}],"collection":[{"href":"http:\/\/www.vogelsanginstitut.at\/at\/index.php?rest_route=\/wp\/v2\/pages"}],"about":[{"href":"http:\/\/www.vogelsanginstitut.at\/at\/index.php?rest_route=\/wp\/v2\/types\/page"}],"author":[{"embeddable":true,"href":"http:\/\/www.vogelsanginstitut.at\/at\/index.php?rest_route=\/wp\/v2\/users\/1"}],"replies":[{"embeddable":true,"href":"http:\/\/www.vogelsanginstitut.at\/at\/index.php?rest_route=%2Fwp%2Fv2%2Fcomments&post=3140"}],"version-history":[{"count":4,"href":"http:\/\/www.vogelsanginstitut.at\/at\/index.php?rest_route=\/wp\/v2\/pages\/3140\/revisions"}],"predecessor-version":[{"id":3149,"href":"http:\/\/www.vogelsanginstitut.at\/at\/index.php?rest_route=\/wp\/v2\/pages\/3140\/revisions\/3149"}],"wp:featuredmedia":[{"embeddable":true,"href":"http:\/\/www.vogelsanginstitut.at\/at\/index.php?rest_route=\/wp\/v2\/media\/3141"}],"wp:attachment":[{"href":"http:\/\/www.vogelsanginstitut.at\/at\/index.php?rest_route=%2Fwp%2Fv2%2Fmedia&parent=3140"}],"curies":[{"name":"wp","href":"https:\/\/api.w.org\/{rel}","templated":true}]}}