{"id":2994,"date":"2021-03-24T16:19:02","date_gmt":"2021-03-24T15:19:02","guid":{"rendered":"http:\/\/www.vogelsanginstitut.at\/at\/?page_id=2994"},"modified":"2021-03-24T16:19:03","modified_gmt":"2021-03-24T15:19:03","slug":"rudolf-sallinger","status":"publish","type":"page","link":"http:\/\/www.vogelsanginstitut.at\/at\/?page_id=2994","title":{"rendered":"Rudolf Sallinger"},"content":{"rendered":"\n<p>Rudolf Sallinger<\/p>\n\n\n\n<p><br>Sallinger wurde im Jahre 1916 in Lassee\/N\u00d6 geboren. Als gelernter Maurer und Steinmetzmeister f\u00fchrte Rudolf Sallinger ab 1943 den Steinmetzbetrieb seiner Frau mit etwa 50 Mitarbeitern in Wien-Margareten. <\/p>\n\n\n\n<p>Nach Ende des Zweiten Weltkriegs war er in verschiedenen Funktionen der Wirtschaftsvertretungen, wie in der Innung t\u00e4tig. Ab 1953 war er Kurator des Wirtschaftsf\u00f6rderungsinstitutes in Wien. So wurde das WIFI Wien auf dem Grund des ehemaligen Rotschildspitals am W\u00e4hringer G\u00fcrtel erbaut. Seine bekannteste T\u00e4tigkeit war als Pr\u00e4sident der Bundeskammer der gewerblichen Wirtschaft vom 14. Februar 1964 bis Dezember 1990, als er altersbedingt nicht mehr kandidierte. <\/p>\n\n\n\n<p>Er \u00fcbernahm das Amt von dem kurz vorher verstorbenen Julius Raab. Unter ihm wurde das Netz der Auslandsvertretungen der \u00f6sterreichischen Wirtschaft weltweit aufgebaut. Au\u00dferdem war er von 1966 bis 1980 Obmann des \u00d6sterreichischen Wirtschaftsbundes und Abgeordneter zum Nationalrat.<\/p>\n\n\n\n<p><br>Ein Hauptanliegen war ihm stets ein Funktionieren der Sozialpartnerschaft, die er zeitgleich mit dem damaligen Gewerkschaftsbundpr\u00e4sidenten Anton Benya als Gegen\u00fcber lebte, was ihm gro\u00dfe Anerkennung einbrachte. Kritisch wurde sein Verhalten in der Auseinandersetzung um den Bau des Kraftwerks Hainburg betrachtet, f\u00fcr dessen Errichtung er sich wie der \u00d6GB-Pr\u00e4sident Anton Benya einsetzte.<\/p>\n","protected":false},"excerpt":{"rendered":"<p>Rudolf Sallinger Sallinger wurde im Jahre 1916 in Lassee\/N\u00d6 geboren. Als gelernter Maurer und Steinmetzmeister f\u00fchrte Rudolf Sallinger ab 1943 den Steinmetzbetrieb seiner Frau mit etwa 50 Mitarbeitern in Wien-Margareten. &#8230;<\/p>\n","protected":false},"author":1,"featured_media":0,"parent":0,"menu_order":0,"comment_status":"closed","ping_status":"closed","template":"","meta":{"footnotes":""},"_links":{"self":[{"href":"http:\/\/www.vogelsanginstitut.at\/at\/index.php?rest_route=\/wp\/v2\/pages\/2994"}],"collection":[{"href":"http:\/\/www.vogelsanginstitut.at\/at\/index.php?rest_route=\/wp\/v2\/pages"}],"about":[{"href":"http:\/\/www.vogelsanginstitut.at\/at\/index.php?rest_route=\/wp\/v2\/types\/page"}],"author":[{"embeddable":true,"href":"http:\/\/www.vogelsanginstitut.at\/at\/index.php?rest_route=\/wp\/v2\/users\/1"}],"replies":[{"embeddable":true,"href":"http:\/\/www.vogelsanginstitut.at\/at\/index.php?rest_route=%2Fwp%2Fv2%2Fcomments&post=2994"}],"version-history":[{"count":1,"href":"http:\/\/www.vogelsanginstitut.at\/at\/index.php?rest_route=\/wp\/v2\/pages\/2994\/revisions"}],"predecessor-version":[{"id":2995,"href":"http:\/\/www.vogelsanginstitut.at\/at\/index.php?rest_route=\/wp\/v2\/pages\/2994\/revisions\/2995"}],"wp:attachment":[{"href":"http:\/\/www.vogelsanginstitut.at\/at\/index.php?rest_route=%2Fwp%2Fv2%2Fmedia&parent=2994"}],"curies":[{"name":"wp","href":"https:\/\/api.w.org\/{rel}","templated":true}]}}