{"id":2974,"date":"2021-03-08T14:36:03","date_gmt":"2021-03-08T13:36:03","guid":{"rendered":"http:\/\/www.vogelsanginstitut.at\/at\/?page_id=2974"},"modified":"2025-09-09T10:50:48","modified_gmt":"2025-09-09T08:50:48","slug":"heinrich-neisser","status":"publish","type":"page","link":"http:\/\/www.vogelsanginstitut.at\/at\/?page_id=2974","title":{"rendered":"Heinrich Neisser"},"content":{"rendered":"\n<p>Heinrich Neisser, geboren 1936 in Wien, studierte nach seiner Matura 1954 Rechtswissenschaften an der Universit\u00e4t Wien. Im Jahre 1960 wurde Neisser zum Dr. Juris promoviert. Nach dem Gerichtsjahr wurde er Richteramtsanw\u00e4rter und war von 1961 bis 1966 Sekret\u00e4r im Pr\u00e4sidium des Verfassungsgerichtshofs. 1966 wurde er Beamter im \u00f6sterreichischen Bundeskanzleramt (zuletzt im Verfassungsdienst).<br><br>In den Jahren 1969 und 1970 war Neisser Staatssekret\u00e4r im Bundeskanzleramt. Ab dem Jahre 1975 war er Abgeordneter der \u00d6VP im Nationalrat. Von 1987 bis 1989 bekleidete Neisser das Amt des Bundesministers f\u00fcr F\u00f6deralismus und Verwaltungsreform. Im Jahre 1994 wurde Heinrich Neisser zum Zweiten Pr\u00e4sidenten des Nationalrates gew\u00e4hlt.<br><br>1989 wurde Heinrich Neisser Honorarprofessor f\u00fcr politische Wissenschaften an der Universit\u00e4t Wien. Seit seinem Ausstieg aus der aktiven Politik 1999 besch\u00e4ftigt er sich an der Universit\u00e4t Innsbruck wissenschaftlich mit der Geschichte und der Politik der Europ\u00e4ischen Integration, speziell mit der Europ\u00e4ischen Union. Seit dem Wintersemester 1999\/2000 bis Ende 2007 hielt er au\u00dferdem den Jean-Monnet-Lehrstuhl am Institut f\u00fcr Politikwissenschaften an der Universit\u00e4t Innsbruck (Gegenstand von Forschung und Lehre dieser Professur ist die Politik der Europ\u00e4ischen Integration). Dazu kommen zahlreiche Ver\u00f6ffentlichungen besonders zu den Themenbereichen Europ\u00e4ische Integration, Parlamentarismus, Wahlrecht, B\u00fcrokratiereform, Grundrechtepolitik und Forschungspolitik.<br><br>Heinrich Neisser war Pr\u00e4sident der \u00d6sterreichischen Forschungsgemeinschaft (\u00d6FG), Vorsitzender des Kuratoriums des Instituts f\u00fcr H\u00f6here Studien (IHS) sowie Pr\u00e4sident der \u00d6sterreichisch-Koreanischen Gesellschaft. Neisser ist zudem Vorsitzender der Europ\u00e4ischen Bewegung \u00d6sterreich (EB\u00d6), der \u00f6sterreichische Rat der Internationalen Europ\u00e4ischen Bewegung (IEB) mit Sitz in Br\u00fcssel und Obmann des Vereins Initiative Mehrheitswahlrecht und Demokratiereform.<\/p>\n\n\n\n<p>Er starb im Sommer 2025 im Alter von 89 Jahren bei einem tragischen Verkehrsunfall.<\/p>\n","protected":false},"excerpt":{"rendered":"<p>Heinrich Neisser, geboren 1936 in Wien, studierte nach seiner Matura 1954 Rechtswissenschaften an der Universit\u00e4t Wien. Im Jahre 1960 wurde Neisser zum Dr. Juris promoviert. Nach dem Gerichtsjahr wurde er &#8230;<\/p>\n","protected":false},"author":1,"featured_media":0,"parent":0,"menu_order":0,"comment_status":"closed","ping_status":"closed","template":"","meta":{"footnotes":""},"_links":{"self":[{"href":"http:\/\/www.vogelsanginstitut.at\/at\/index.php?rest_route=\/wp\/v2\/pages\/2974"}],"collection":[{"href":"http:\/\/www.vogelsanginstitut.at\/at\/index.php?rest_route=\/wp\/v2\/pages"}],"about":[{"href":"http:\/\/www.vogelsanginstitut.at\/at\/index.php?rest_route=\/wp\/v2\/types\/page"}],"author":[{"embeddable":true,"href":"http:\/\/www.vogelsanginstitut.at\/at\/index.php?rest_route=\/wp\/v2\/users\/1"}],"replies":[{"embeddable":true,"href":"http:\/\/www.vogelsanginstitut.at\/at\/index.php?rest_route=%2Fwp%2Fv2%2Fcomments&post=2974"}],"version-history":[{"count":2,"href":"http:\/\/www.vogelsanginstitut.at\/at\/index.php?rest_route=\/wp\/v2\/pages\/2974\/revisions"}],"predecessor-version":[{"id":4512,"href":"http:\/\/www.vogelsanginstitut.at\/at\/index.php?rest_route=\/wp\/v2\/pages\/2974\/revisions\/4512"}],"wp:attachment":[{"href":"http:\/\/www.vogelsanginstitut.at\/at\/index.php?rest_route=%2Fwp%2Fv2%2Fmedia&parent=2974"}],"curies":[{"name":"wp","href":"https:\/\/api.w.org\/{rel}","templated":true}]}}