{"id":2962,"date":"2021-03-08T09:51:15","date_gmt":"2021-03-08T08:51:15","guid":{"rendered":"http:\/\/www.vogelsanginstitut.at\/at\/?page_id=2962"},"modified":"2021-03-08T09:51:16","modified_gmt":"2021-03-08T08:51:16","slug":"franz-soronics","status":"publish","type":"page","link":"http:\/\/www.vogelsanginstitut.at\/at\/?page_id=2962","title":{"rendered":"Franz Soronics"},"content":{"rendered":"\n<p><strong>Franz Soronics (28. Juni 1920 \u2013 25. Mai 2009)<\/strong><\/p>\n\n\n\n<p>Soronics entstammte einer burgenl\u00e4ndischen Arbeiterfamilie, in der er von seiner Jugend an in sozialen Fragen ma\u00dfgeblich gepr\u00e4gt worden war. . Nach der Volks- und Hauptschule besuchte er von 1935 bis 1937 die zweij\u00e4hrige Handelsschule in Eisenstadt. Noch im Jahre des \u201eAnschlusses\u201c 1938 trat er in den Dienst der burgenl\u00e4ndischen Landesregierung ein. Im Jahr 1939 wurde er zum Dienst in der deutschen Wehrmacht eingezogen. Bei den K\u00e4mpfen um Stalingrad wurde er im Jahr 1943 schwer verwundet. Bei Kriegsende war er in britischer Kriegsgefangenschaft geraten, aus der er 1946 wieder nach \u00d6sterreich zur\u00fcckkehrte. Kurz darauf trat er neuerlich in den Landesdienst ein. Soronics wurde ab 1950 Stadtrat von Eisenstadt und nahm in den folgenden Jahren Spitzenfunktionen im burgenl\u00e4ndischen \u00d6AAB ein. . Von 1956 bis Juni 1959 war er Mitglied des Bundesrats und wechselte anschlie\u00dfend in den Nationalrat, dem er bis 1971 angeh\u00f6rte. Unter Bundeskanzler Alfons Gorbach wurde Soronics 1963 Staatssekret\u00e4r im Bundesministerium f\u00fcr Inneres und nach dem Wahlsieg der \u00d6VP 1966 Staatssekret\u00e4r im Bundesministerium f\u00fcr soziale Verwaltung. Von 1968 bis 1970 war er Bundesminister f\u00fcr Inneres. In seine Zeit als Innenminister fielen die dramatischen Tage und Wochen der Niederschlagung des \u201ePrager Fr\u00fchlings\u201c in der Tschechoslowakei. Nach der \u00d6VP-Wahlniederlage im Jahr 1970 ging Soronics erneut in die Burgenl\u00e4ndische Landespolitik, wo er zuerst Mitglied der Burgenl\u00e4ndischen Landesregierung und 1972 Stellvertreter von SP-Landeshauptmann Theodor Kery wurde. Von 1978 bis 1982 war er Zweiter Landtagspr\u00e4sident des Burgenlandes. Franz Soronics war sein ganzes Leben \u00fcberzeugter Demokrat und ein ausgewiesener Konsenspolitiker.<\/p>\n","protected":false},"excerpt":{"rendered":"<p>Franz Soronics (28. Juni 1920 \u2013 25. Mai 2009) Soronics entstammte einer burgenl\u00e4ndischen Arbeiterfamilie, in der er von seiner Jugend an in sozialen Fragen ma\u00dfgeblich gepr\u00e4gt worden war. . Nach &#8230;<\/p>\n","protected":false},"author":1,"featured_media":0,"parent":0,"menu_order":0,"comment_status":"closed","ping_status":"closed","template":"","meta":{"footnotes":""},"_links":{"self":[{"href":"http:\/\/www.vogelsanginstitut.at\/at\/index.php?rest_route=\/wp\/v2\/pages\/2962"}],"collection":[{"href":"http:\/\/www.vogelsanginstitut.at\/at\/index.php?rest_route=\/wp\/v2\/pages"}],"about":[{"href":"http:\/\/www.vogelsanginstitut.at\/at\/index.php?rest_route=\/wp\/v2\/types\/page"}],"author":[{"embeddable":true,"href":"http:\/\/www.vogelsanginstitut.at\/at\/index.php?rest_route=\/wp\/v2\/users\/1"}],"replies":[{"embeddable":true,"href":"http:\/\/www.vogelsanginstitut.at\/at\/index.php?rest_route=%2Fwp%2Fv2%2Fcomments&post=2962"}],"version-history":[{"count":1,"href":"http:\/\/www.vogelsanginstitut.at\/at\/index.php?rest_route=\/wp\/v2\/pages\/2962\/revisions"}],"predecessor-version":[{"id":2963,"href":"http:\/\/www.vogelsanginstitut.at\/at\/index.php?rest_route=\/wp\/v2\/pages\/2962\/revisions\/2963"}],"wp:attachment":[{"href":"http:\/\/www.vogelsanginstitut.at\/at\/index.php?rest_route=%2Fwp%2Fv2%2Fmedia&parent=2962"}],"curies":[{"name":"wp","href":"https:\/\/api.w.org\/{rel}","templated":true}]}}