{"id":2925,"date":"2021-02-15T18:13:40","date_gmt":"2021-02-15T17:13:40","guid":{"rendered":"http:\/\/www.vogelsanginstitut.at\/at\/?page_id=2925"},"modified":"2021-02-15T18:45:07","modified_gmt":"2021-02-15T17:45:07","slug":"vizekanzler-bm-a-d-dr-erhard-busek-zu-gast-am-institut","status":"publish","type":"page","link":"http:\/\/www.vogelsanginstitut.at\/at\/?page_id=2925","title":{"rendered":"Vizekanzler BM a.D. Dr. Erhard Busek zu Gast am Institut"},"content":{"rendered":"\n<p>Am 5. Februar 2021 durfte das Institut den langj\u00e4hrigen \u00d6VP-Bundesparteiobmann und Vizekanzler Dr. Erhard Busek als Gast begr\u00fc\u00dfen. Zugleich war es uns eine gro\u00dfe Freude, Dr. Busek bei dieser Gelegenheit das Archiv n\u00e4her vorstellen zu k\u00f6nnen.&nbsp;<\/p>\n\n\n\n<p>Erhard Busek \u00fcbergab uns zuletzt umfangreiche Archivmaterialien, die zusammen mit den bereits am Institut verwahrten Quellen einen wichtigen und zentralen Bestand darstellen.<\/p>\n\n\n\n<p>Dazu z\u00e4hlen Materialien Buseks aus seiner Zeit als Wiener \u00d6VP-Landesparteiobmann, seine Funktionen in der Bundesregierung als Vizekanzler und als Wissenschaftsminister sowie seine Beitr\u00e4ge zu Themen wie Europ\u00e4ische Integration, Umweltschutz und Demokratiereform.<\/p>\n\n\n\n<p>Am 25. M\u00e4rz 2021 feiert Dr. Erhard Busek seinen achtzigsten Geburtstag.<\/p>\n\n\n\n<p>Das Karl von Vogelsang-Institut gratuliert herzlich, und wir freuen uns sehr \u00fcber die seit langem bestehende gegenseitige Wertsch\u00e4tzung.<\/p>\n\n\n\n<figure class=\"wp-block-image size-large\"><img loading=\"lazy\" decoding=\"async\" width=\"1024\" height=\"768\" src=\"http:\/\/www.vogelsanginstitut.at\/at\/wp-content\/uploads\/2021\/02\/busek_archivbesuch-1-1024x768.jpg\" alt=\"\" class=\"wp-image-2926\" srcset=\"http:\/\/www.vogelsanginstitut.at\/at\/wp-content\/uploads\/2021\/02\/busek_archivbesuch-1-1024x768.jpg 1024w, http:\/\/www.vogelsanginstitut.at\/at\/wp-content\/uploads\/2021\/02\/busek_archivbesuch-1-300x225.jpg 300w, http:\/\/www.vogelsanginstitut.at\/at\/wp-content\/uploads\/2021\/02\/busek_archivbesuch-1-768x576.jpg 768w, http:\/\/www.vogelsanginstitut.at\/at\/wp-content\/uploads\/2021\/02\/busek_archivbesuch-1.jpg 1408w\" sizes=\"(max-width: 1024px) 100vw, 1024px\" \/><figcaption>Erhard Busek mit dem Gesch\u00e4ftsf\u00fchrer des Instituts, Hannes Sch\u00f6nner.<\/figcaption><\/figure>\n","protected":false},"excerpt":{"rendered":"<p><!-- wp:paragraph --><\/p>\n<p>Am 5. Februar 2021 durfte das Institut den langj\u00e4hrigen \u00d6VP-Bundesparteiobmann und Vizekanzler Dr. Erhard Busek als Gast begr\u00fc\u00dfen. Zugleich war es uns eine gro\u00dfe Freude, Dr. Busek bei dieser Gelegenheit das Archiv n\u00e4her vorstellen zu k\u00f6nnen.&nbsp;<\/p>\n<p><!-- \/wp:paragraph --><\/p>\n<p><!-- wp:paragraph --><\/p>\n<p>Erhard Busek \u00fcbergab uns zuletzt umfangreiche Archivmaterialien, die zusammen mit den bereits am Institut verwahrten Quellen einen wichtigen und zentralen Bestand darstellen.<\/p>\n<p><!-- \/wp:paragraph --><\/p>\n<p><!-- wp:paragraph --><\/p>\n<p>Dazu z\u00e4hlen Materialien Buseks aus seiner Zeit als Wiener \u00d6VP-Landesparteiobmann, seine Funktionen in der Bundesregierung als Vizekanzler und als Wissenschaftsminister sowie seine Beitr\u00e4ge zu Themen wie Europ\u00e4ische Integration, Umweltschutz und Demokratiereform.<\/p>\n<p><a href=\"http:\/\/www.vogelsanginstitut.at\/at\/?page_id=2925\">>>weiterlesen<\/a><\/p>\n","protected":false},"author":1,"featured_media":2926,"parent":0,"menu_order":0,"comment_status":"closed","ping_status":"closed","template":"","meta":{"footnotes":""},"_links":{"self":[{"href":"http:\/\/www.vogelsanginstitut.at\/at\/index.php?rest_route=\/wp\/v2\/pages\/2925"}],"collection":[{"href":"http:\/\/www.vogelsanginstitut.at\/at\/index.php?rest_route=\/wp\/v2\/pages"}],"about":[{"href":"http:\/\/www.vogelsanginstitut.at\/at\/index.php?rest_route=\/wp\/v2\/types\/page"}],"author":[{"embeddable":true,"href":"http:\/\/www.vogelsanginstitut.at\/at\/index.php?rest_route=\/wp\/v2\/users\/1"}],"replies":[{"embeddable":true,"href":"http:\/\/www.vogelsanginstitut.at\/at\/index.php?rest_route=%2Fwp%2Fv2%2Fcomments&post=2925"}],"version-history":[{"count":3,"href":"http:\/\/www.vogelsanginstitut.at\/at\/index.php?rest_route=\/wp\/v2\/pages\/2925\/revisions"}],"predecessor-version":[{"id":2930,"href":"http:\/\/www.vogelsanginstitut.at\/at\/index.php?rest_route=\/wp\/v2\/pages\/2925\/revisions\/2930"}],"wp:featuredmedia":[{"embeddable":true,"href":"http:\/\/www.vogelsanginstitut.at\/at\/index.php?rest_route=\/wp\/v2\/media\/2926"}],"wp:attachment":[{"href":"http:\/\/www.vogelsanginstitut.at\/at\/index.php?rest_route=%2Fwp%2Fv2%2Fmedia&parent=2925"}],"curies":[{"name":"wp","href":"https:\/\/api.w.org\/{rel}","templated":true}]}}