{"id":2793,"date":"2020-10-05T08:34:54","date_gmt":"2020-10-05T06:34:54","guid":{"rendered":"http:\/\/www.vogelsanginstitut.at\/at\/?page_id=2793"},"modified":"2020-10-05T08:39:01","modified_gmt":"2020-10-05T06:39:01","slug":"gedenkfeier-fuer-den-frueheren-bundeskanzler-und-landeshauptmann-dr-josef-klaus-1910-2001-in-salzburg","status":"publish","type":"page","link":"http:\/\/www.vogelsanginstitut.at\/at\/?page_id=2793","title":{"rendered":"Gedenkfeier f\u00fcr den fr\u00fcheren Bundeskanzler und Landeshauptmann Dr. Josef Klaus (1910-2001) in Salzburg"},"content":{"rendered":"\n<p>Unter Mitwirkung des Pr\u00e4sidenten des Karl von Vogelsang-Instituts, Univ.-Prof. Dr. Franz Schausberger LH a.D. und des Salzburger Landeshauptmannes Dr. Wilfried Haslauer wurde Mitte August 2020 ein Denkmal am Kommunalfriedhof Salzburg zu Ehren von Josef Klaus gesetzt. F\u00f6deralismus und bundesstaatliche Verantwortung waren ihm kein Widerspruch. Josef Klaus gelang beides: Fest verwurzelt im wertebewussten Fundament der \u00f6sterreichischen Bundesl\u00e4nder galt seine politische Zielsetzung der Erneuerung und Modernisierung von ganz \u00d6sterreich. Klaus ging als vorbildlicher Sachpolitiker und einer der ersten \u00fcberzeugten, vision\u00e4ren \u00f6sterreichischen Europapolitiker in die Geschichte der Zweiten Republik ein.<\/p>\n\n\n\n<p>Der 110. Geburtstag von<strong>&nbsp;<\/strong>Josef Klaus, der als \u00f6sterreichischer Bundeskanzler (1964 bis 1970)&nbsp;und als Landeshauptmann von Salzburg&nbsp;(1949 bis 1961) die Zweite Republik ma\u00dfgeblich pr\u00e4gte, war Anlass f\u00fcr eine Gedenkfeier in Salzburg. Josef Klaus starb 2001 und hinterlie\u00df ein gro\u00dfes und bedeutendes politisches Erbe<strong>.<\/strong><\/p>\n\n\n\n<p><em>\u201eEr war und er bleibt in unserem Andenken einer der gro\u00dfen Baumeister \u00d6sterreichs in der Zweiten Republik. Er hat als politischer Erneuerer und als zutiefst werteverbundener Mensch zeitlose Ma\u00dfst\u00e4be gesetzt\u201c,&nbsp;<\/em>betonte Bundesministerin Susanne Raab.<\/p>\n\n\n\n<p>Josef Klaus wurde am 15. August 1910 in K\u00f6tschach-Mauthen in K\u00e4rnten geboren und verstarb am 25. Juli 2001 in Wien. Er war von 1949 bis 1961 Landeshauptmann von Salzburg, von 1961 bis 1963 Finanzminister in der Regierung Gorbach. Von 1964 bis 1970 war er \u00f6sterreichischer Bundeskanzler. In seiner Zeit als Landeshauptmann von Salzburg setzte sich Klaus vor allem f\u00fcr den Ausbau des Fremdenverkehrs ein. In seiner Zeit als Bundeskanzler trat das neue Rundfunkgesetz in Kraft, damit wurde die Forderung des Volksbegehrens nach Errichtung eines unabh\u00e4ngigen Rundfunks nach dem Vorbild der britischen BBC umgesetzt. Die Wohnbauf\u00f6rderung wurde neu strukturiert, es kam zu einem neuen Berufsf\u00f6rderungsgesetz, Grundlage f\u00fcr die heute so erfolgreiche duale Ausbildung. Ein wichtiger Schwerpunkt seiner Kanzlerschaft lag in den internationalen Beziehungen \u00d6sterreichs: die Europapolitik, konkret die Regelung des Verh\u00e4ltnisses \u00d6sterreichs zur Europ\u00e4ischen Wirtschaftsgemeinschaft (EWG), der Abschluss des S\u00fcdtirol-Pakets und die \u201eOstpolitik\u201c, die Josef Klaus in einer besonderen Weise am Herzen lag.<\/p>\n\n\n\n<figure class=\"wp-block-image size-large is-resized\"><img loading=\"lazy\" decoding=\"async\" src=\"http:\/\/www.vogelsanginstitut.at\/at\/wp-content\/uploads\/2020\/10\/Gedenkfeier_Klaus.jpg\" alt=\"\" class=\"wp-image-2786\" width=\"580\" height=\"386\" srcset=\"http:\/\/www.vogelsanginstitut.at\/at\/wp-content\/uploads\/2020\/10\/Gedenkfeier_Klaus.jpg 957w, http:\/\/www.vogelsanginstitut.at\/at\/wp-content\/uploads\/2020\/10\/Gedenkfeier_Klaus-300x200.jpg 300w, http:\/\/www.vogelsanginstitut.at\/at\/wp-content\/uploads\/2020\/10\/Gedenkfeier_Klaus-768x512.jpg 768w\" sizes=\"(max-width: 580px) 100vw, 580px\" \/><figcaption>(v.l.n.r.: Landtagspr\u00e4sidentin Brigitta Pallauf, LH Wilfried Haslauer, BR-Pr\u00e4sidentin Andrea Eder-Gitschthaler, BM Susanne Raab, Pr\u00e4sident Prof. Franz Schausberger)<\/figcaption><\/figure>\n","protected":false},"excerpt":{"rendered":"<p>Unter Mitwirkung des Pr\u00e4sidenten des Karl von Vogelsang-Instituts, Univ.-Prof. Dr. Franz Schausberger LH a.D. und des Salzburger Landeshauptmannes Dr. Wilfried Haslauer wurde Mitte August 2020 ein Denkmal am Kommunalfriedhof Salzburg zu Ehren von Josef Klaus gesetzt. F\u00f6deralismus und bundesstaatliche Verantwortung waren ihm kein Widerspruch. Josef Klaus gelang beides: Fest verwurzelt im wertebewussten Fundament der \u00f6sterreichischen Bundesl\u00e4nder galt seine politische Zielsetzung der Erneuerung und Modernisierung von ganz \u00d6sterreich. Klaus ging als vorbildlicher Sachpolitiker und einer der ersten \u00fcberzeugten, vision\u00e4ren \u00f6sterreichischen Europapolitiker in die Geschichte der Zweiten Republik ein. <a href=\"http:\/\/www.vogelsanginstitut.at\/at\/?page_id=2793\">>>weiterlesen<\/a><\/p>\n","protected":false},"author":1,"featured_media":2786,"parent":0,"menu_order":0,"comment_status":"closed","ping_status":"closed","template":"","meta":{"footnotes":""},"_links":{"self":[{"href":"http:\/\/www.vogelsanginstitut.at\/at\/index.php?rest_route=\/wp\/v2\/pages\/2793"}],"collection":[{"href":"http:\/\/www.vogelsanginstitut.at\/at\/index.php?rest_route=\/wp\/v2\/pages"}],"about":[{"href":"http:\/\/www.vogelsanginstitut.at\/at\/index.php?rest_route=\/wp\/v2\/types\/page"}],"author":[{"embeddable":true,"href":"http:\/\/www.vogelsanginstitut.at\/at\/index.php?rest_route=\/wp\/v2\/users\/1"}],"replies":[{"embeddable":true,"href":"http:\/\/www.vogelsanginstitut.at\/at\/index.php?rest_route=%2Fwp%2Fv2%2Fcomments&post=2793"}],"version-history":[{"count":2,"href":"http:\/\/www.vogelsanginstitut.at\/at\/index.php?rest_route=\/wp\/v2\/pages\/2793\/revisions"}],"predecessor-version":[{"id":2797,"href":"http:\/\/www.vogelsanginstitut.at\/at\/index.php?rest_route=\/wp\/v2\/pages\/2793\/revisions\/2797"}],"wp:featuredmedia":[{"embeddable":true,"href":"http:\/\/www.vogelsanginstitut.at\/at\/index.php?rest_route=\/wp\/v2\/media\/2786"}],"wp:attachment":[{"href":"http:\/\/www.vogelsanginstitut.at\/at\/index.php?rest_route=%2Fwp%2Fv2%2Fmedia&parent=2793"}],"curies":[{"name":"wp","href":"https:\/\/api.w.org\/{rel}","templated":true}]}}