{"id":2715,"date":"2020-06-15T13:00:39","date_gmt":"2020-06-15T11:00:39","guid":{"rendered":"http:\/\/www.vogelsanginstitut.at\/at\/?page_id=2715"},"modified":"2020-06-15T13:00:40","modified_gmt":"2020-06-15T11:00:40","slug":"wechsel-an-der-spitze-des-karl-von-vogelsang-instituts","status":"publish","type":"page","link":"http:\/\/www.vogelsanginstitut.at\/at\/?page_id=2715","title":{"rendered":"Wechsel an der Spitze des Karl von Vogelsang-Instituts"},"content":{"rendered":"\n<p>Bei der 20. Generalversammlung des Karl von Vogelsang-Instituts am 3. Juni 2020 erfolgte der geplante Wechsel im Vorstand und der Gesch\u00e4ftsf\u00fchrung.&nbsp;<\/p>\n\n\n\n<p>Mit Ende 2019 wurde der bisherige Gesch\u00e4ftsf\u00fchrer Priv.-Doz. Dr. Helmut Wohnout zum neuen Generaldirektor des \u00d6sterreichischen Staatsarchivs ernannt. Das Team des Karl von Vogelsang-Instituts gratuliert Helmut Wohnout ganz besonders herzlich zu dieser Ernennung.<\/p>\n\n\n\n<p>Dieser personelle Wechsel wurde von einem organisatorischen Umbau des Vogelsang-Instituts begleitet. An die Spitze des Vogelsang-Instituts r\u00fcckte nun als Pr\u00e4sident Univ.-Prof. Dr. Franz Schausberger, fr\u00fcherer Salzburger Landeshauptmann und einer der f\u00fchrenden Zeithistoriker \u00d6sterreichs. Seine gro\u00dfe politische Erfahrung und wissenschaftliche Expertise sind Garanten daf\u00fcr, dass sich das Institut zus\u00e4tzlichen Schwerpunkten widmen wird. An der Seite von Prof. Schausberger stehen die beiden Vizepr\u00e4sidenten Univ.-Prof. Dr. Anita Ziegerhofer (Universit\u00e4t Graz) und Dr. Dietmar Halper, Direktor der Politischen Akademie der \u00d6VP. F\u00fcr eine personelle Kontinuit\u00e4t steht Dr. Johannes Sch\u00f6nner, der als neuer Gesch\u00e4ftsf\u00fchrer noch mehr als bisher das Institut pr\u00e4gen und gestalten wird. Zu den Arbeitsschwerpunkten von Johannes Sch\u00f6nner, seit dem Jahre 1994 am Institut t\u00e4tig, geh\u00f6ren wie bisher die umsichtige Bearbeitung des Archivs und die damit verbundene Grundlagenforschung. Hinzu kommen nun die Entwicklung neuer Veranstaltungsreihen und der weitere Ausbau der historischen Servicefunktionen.\u00a0Meinhard\u00a0Friedl, MBA, bisher stv. Gesch\u00e4ftsf\u00fchrer des Instituts, wurde durch die Generalversammlung zum Finanzreferenten gew\u00e4hlt.<\/p>\n\n\n\n<p>Im Anschluss an die Generalversammlung fand die erste Vorstandssitzung des neuen Team statt, wo bereits erste Schwerpunkte zur geplanten Digitalisierungsoffensive genannt und neue Initiativen wie die Sammlung lebensgeschichtlicher Erinnerungen definiert wurden.<\/p>\n\n\n\n<figure class=\"wp-block-image size-large\"><img loading=\"lazy\" decoding=\"async\" width=\"712\" height=\"492\" src=\"http:\/\/www.vogelsanginstitut.at\/at\/wp-content\/uploads\/2020\/06\/GV_KVVI_1_web-1.jpg\" alt=\"\" class=\"wp-image-2716\" srcset=\"http:\/\/www.vogelsanginstitut.at\/at\/wp-content\/uploads\/2020\/06\/GV_KVVI_1_web-1.jpg 712w, http:\/\/www.vogelsanginstitut.at\/at\/wp-content\/uploads\/2020\/06\/GV_KVVI_1_web-1-300x207.jpg 300w\" sizes=\"(max-width: 712px) 100vw, 712px\" \/><figcaption>Vlnr: Das neue Team: Dr. Johannes Sch\u00f6nner (Gesch\u00e4ftsf\u00fchrer), Dr. Dietmar Halper (Vizepr\u00e4sident), Univ.-Prof. Dr. Anita Ziegerhofer (Vizepr\u00e4sidentin), Univ.-Prof. Dr. Franz Schausberger (Pr\u00e4sident), Mag. Bettina Rausch (Pr\u00e4sidentin der Politischen Akademie) und\u00a0Meinhard\u00a0Friedl, MBA (Finanzreferent)<\/figcaption><\/figure>\n","protected":false},"excerpt":{"rendered":"<p>Bei der 20. Generalversammlung des Karl von Vogelsang-Instituts am 3. Juni 2020 erfolgte der geplante Wechsel im Vorstand und der Gesch\u00e4ftsf\u00fchrung. <\/p>\n<p>Mit Ende 2019 wurde der bisherige Gesch\u00e4ftsf\u00fchrer Priv.-Doz. Dr. Helmut Wohnout zum neuen Generaldirektor des \u00d6sterreichischen Staatsarchivs ernannt. Das Team des Karl von Vogelsang-Instituts gratuliert Helmut Wohnout ganz besonders herzlich zu dieser Ernennung.<\/p>\n<p>Dieser personelle Wechsel wurde von einem organisatorischen Umbau des Vogelsang-Instituts begleitet. An die Spitze des Vogelsang-Instituts r\u00fcckte nun als Pr\u00e4sident Univ.-Prof. Dr. Franz Schausberger, fr\u00fcherer Salzburger Landeshauptmann und einer der f\u00fchrenden Zeithistoriker \u00d6sterreichs. <a href=\"http:\/\/www.vogelsanginstitut.at\/at\/?page_id=2715\"> >>weiterlesen<\/a><\/p>\n","protected":false},"author":1,"featured_media":2716,"parent":0,"menu_order":0,"comment_status":"closed","ping_status":"closed","template":"","meta":{"footnotes":""},"_links":{"self":[{"href":"http:\/\/www.vogelsanginstitut.at\/at\/index.php?rest_route=\/wp\/v2\/pages\/2715"}],"collection":[{"href":"http:\/\/www.vogelsanginstitut.at\/at\/index.php?rest_route=\/wp\/v2\/pages"}],"about":[{"href":"http:\/\/www.vogelsanginstitut.at\/at\/index.php?rest_route=\/wp\/v2\/types\/page"}],"author":[{"embeddable":true,"href":"http:\/\/www.vogelsanginstitut.at\/at\/index.php?rest_route=\/wp\/v2\/users\/1"}],"replies":[{"embeddable":true,"href":"http:\/\/www.vogelsanginstitut.at\/at\/index.php?rest_route=%2Fwp%2Fv2%2Fcomments&post=2715"}],"version-history":[{"count":1,"href":"http:\/\/www.vogelsanginstitut.at\/at\/index.php?rest_route=\/wp\/v2\/pages\/2715\/revisions"}],"predecessor-version":[{"id":2718,"href":"http:\/\/www.vogelsanginstitut.at\/at\/index.php?rest_route=\/wp\/v2\/pages\/2715\/revisions\/2718"}],"wp:featuredmedia":[{"embeddable":true,"href":"http:\/\/www.vogelsanginstitut.at\/at\/index.php?rest_route=\/wp\/v2\/media\/2716"}],"wp:attachment":[{"href":"http:\/\/www.vogelsanginstitut.at\/at\/index.php?rest_route=%2Fwp%2Fv2%2Fmedia&parent=2715"}],"curies":[{"name":"wp","href":"https:\/\/api.w.org\/{rel}","templated":true}]}}