{"id":2524,"date":"2020-04-22T16:06:56","date_gmt":"2020-04-22T14:06:56","guid":{"rendered":"http:\/\/www.vogelsanginstitut.at\/at\/?page_id=2524"},"modified":"2025-04-28T13:03:11","modified_gmt":"2025-04-28T11:03:11","slug":"quellen-zur-ersten-republik","status":"publish","type":"page","link":"http:\/\/www.vogelsanginstitut.at\/at\/?page_id=2524","title":{"rendered":"Quellen zur Zweiten Republik"},"content":{"rendered":"\n<p><strong>Quellenedition zur \u00f6sterreichischen Parteiengeschichte<\/strong><\/p>\n\n\n\n<p><a href=\"http:\/\/www.vogelsanginstitut.at\/at\/Quellenedition\/Quellenedition%201945-1953%20Inhaltsverzeichnis%20und%20Vorwort.pdf\" target=\"_blank\" rel=\"noreferrer noopener\">Quellenedition 1945-1953 Inhaltsverzeichnis und Vorwort<\/a><\/p>\n\n\n\n<p><a href=\"http:\/\/www.vogelsanginstitut.at\/at\/Quellenedition\/Quellenedition%201945-1953%201.%20Au%C3%9Fenpolitik%20%201.pdf\" target=\"_blank\" rel=\"noreferrer noopener\">Quellenedition 1945-1953 1. Au\u00dfenpolitik 1<\/a><\/p>\n\n\n\n<p><a href=\"http:\/\/vogelsanginstitut.at\/at\/Quellenedition\/Quellenedition%201945-1953%201.%20Au%C3%9Fenpolitik%20%202.pdf\" target=\"_blank\" rel=\"noreferrer noopener\">Quellenedition 1945-1953 1. Au\u00dfenpolitik 2<\/a><\/p>\n\n\n\n<p><a href=\"http:\/\/www.vogelsanginstitut.at\/at\/Quellenedition\/Quellenedition%201945-1953%201.%20Au%C3%9Fenpolitik%203.pdf\" target=\"_blank\" rel=\"noreferrer noopener\">Quellenedition 1945-1953 1. Au\u00dfenpolitik 3<\/a><\/p>\n\n\n\n<p><a href=\"http:\/\/vogelsanginstitut.at\/at\/Quellenedition\/Quellenedition%201945-1953%202.%20Wiedergutmachung%20%201.pdf\" target=\"_blank\" rel=\"noreferrer noopener\">Quellenedition 1945-1953 2. Wiedergutmachung 1<\/a><\/p>\n\n\n\n<p><a href=\"http:\/\/vogelsanginstitut.at\/at\/Quellenedition\/Quellenedition 1945-1953 2. Wiedergutmachung 2.pdf\" target=\"_blank\" rel=\"noreferrer noopener\">Quellenedition 1945-1953 2. Wiedergutmachung 2<\/a><\/p>\n\n\n\n<p><a href=\"http:\/\/vogelsanginstitut.at\/at\/Quellenedition\/Quellenedition 1945-1953 2. Wiedergutmachung 3.pdf\" target=\"_blank\" rel=\"noreferrer noopener\">Quellenedition 1945-1953 2. Wiedergutmachung 3<\/a><\/p>\n\n\n\n<p><a href=\"http:\/\/vogelsanginstitut.at\/at\/Quellenedition\/Quellenedition 1945-1953 3. Auf dem Weg zur Marktwirtschaft%20 1.pdf\" target=\"_blank\" rel=\"noreferrer noopener\">Quellenedition 1945-1953 3. Auf dem Weg zur Marktwirtschaft 1<\/a><\/p>\n\n\n\n<p><a href=\"http:\/\/vogelsanginstitut.at\/at\/Quellenedition\/Quellenedition 1945-1953 3. Auf dem Weg zur Marktwirtschaft%20 2.pdf\" target=\"_blank\" rel=\"noreferrer noopener\">Quellenedition 1945-1953 3. Auf dem Weg zur Marktwirtschaft 2<\/a><\/p>\n\n\n\n<p><a href=\"http:\/\/vogelsanginstitut.at\/at\/Quellenedition\/Quellenedition 1945-1953 3. Auf dem Weg zur Marktwirtschaft%20 3.pdf\">Quellenedition 1945-1953 3. Auf dem Weg zur Marktwirt<\/a><a href=\"http:\/\/vogelsanginstitut.at\/at\/Quellenedition\/Quellenedition 1945-1953 3. Auf dem Weg zur Marktwirtschaft%20 3.pdf\" target=\"_blank\" rel=\"noreferrer noopener\">schaft 3<\/a><\/p>\n\n\n\n<p><a href=\"http:\/\/vogelsanginstitut.at\/at\/Quellenedition\/Quellenedition 1945-1953 3. Auf dem Weg zur Marktwirtschaft%20 4.pdf\" target=\"_blank\" rel=\"noreferrer noopener\">Quellenedition 1945-1953 3. Auf dem Weg zur Marktwirtschaft 4<\/a><\/p>\n\n\n\n<p><a href=\"http:\/\/vogelsanginstitut.at\/at\/Quellenedition\/Quellenedition 1945-1953 3. Auf dem Weg zur Marktwirtschaft%20 5.pdf\" target=\"_blank\" rel=\"noreferrer noopener\">Quellenedition 1945-1953 3. Auf d<\/a><a href=\"http:\/\/vogelsanginstitut.at\/at\/Quellenedition\/Quellenedition 1945-1953 3. Auf dem Weg zur Marktwirtschaft%20 5.pdf\">em Weg zur Marktwirtschaft 5<\/a><\/p>\n\n\n\n<p><a href=\"http:\/\/vogelsanginstitut.at\/at\/Quellenedition\/Quellenedition 1945-1953 3. Auf dem Weg zur Marktwirtschaft%20 6.pdf\" target=\"_blank\" rel=\"noreferrer noopener\">Quellenedition 1945-1953 3. Auf dem Weg zur Marktwirtschaft 6<\/a><\/p>\n\n\n\n<p><a href=\"http:\/\/vogelsanginstitut.at\/at\/Quellenedition\/Quellenedition 1945-1953 3. Auf dem Weg zur Marktwirtschaft%20 7.pdf\" target=\"_blank\" rel=\"noreferrer noopener\">Quellenedition 1945-1953 3. Auf dem Weg zur Marktwirtschaft 7<\/a><\/p>\n\n\n\n<p><a href=\"http:\/\/vogelsanginstitut.at\/at\/Quellenedition\/Quellenedition 1945-1953 3. Auf dem Weg zur Marktwirtschaft%20 8.pdf\" target=\"_blank\" rel=\"noreferrer noopener\">Quellenedition 1945-1953 3. Auf dem Weg zur Marktwirtschaft 8<\/a><\/p>\n\n\n\n<p><a href=\"http:\/\/vogelsanginstitut.at\/at\/Quellenedition\/Quellenedition 1945-1953 4. Fo\u0308deralismus und Energie%20 1.pdf\" target=\"_blank\" rel=\"noreferrer noopener\">Quellenedition 1945-1953 4. F\u00f6deralismus und Energie 1<\/a><\/p>\n\n\n\n<p><a href=\"http:\/\/vogelsanginstitut.at\/at\/Quellenedition\/Quellenedition 1945-1953 4. Fo\u0308deralismus und Energie%20 2.pdf\" target=\"_blank\" rel=\"noreferrer noopener\">Quellenedition 1945-1953 4. F\u00f6deralismus und Energie 2<\/a><\/p>\n\n\n\n<p><a href=\"http:\/\/vogelsanginstitut.at\/at\/Quellenedition\/Quellenedition 1945-1953 4. Fo\u0308deralismus und Energie%20 3.pdf\">Quellenedition 1945-1953 4. F\u00f6deralismus und Energie 3<\/a><\/p>\n\n\n\n<p><a href=\"http:\/\/vogelsanginstitut.at\/at\/Quellenedition\/Quellenedition 1945-1953 5. Entnazifizierung und Heimkehrer%20 1.pdf\" target=\"_blank\" rel=\"noreferrer noopener\">Quellenedition 1945-1953 5. Entnazifizierung und Heimkehrer 1<\/a><\/p>\n\n\n\n<p><a href=\"http:\/\/vogelsanginstitut.at\/at\/Quellenedition\/Quellenedition 1945-1953 5. Entnazifizierung und Heimkehrer%20 2.pdf\" target=\"_blank\" rel=\"noreferrer noopener\">Quellenedition 1945-1953 5. Entnazifizierung und Heimkehrer 2<\/a><\/p>\n\n\n\n<p><a href=\"http:\/\/vogelsanginstitut.at\/at\/Quellenedition\/Quellenedition 1945-1953 5. Entnazifizierung und Heimkehrer%20 3.pdf\" target=\"_blank\" rel=\"noreferrer noopener\">Quellenedition 1945-1953 5. Entnazifizierung und Heimkehrer 3<\/a><\/p>\n\n\n\n<p><a href=\"http:\/\/vogelsanginstitut.at\/at\/Quellenedition\/Quellenedition 1945-1953 5. Entnazifizierung und Heimkehrer%20 4.pdf\" target=\"_blank\" rel=\"noreferrer noopener\">Quellenedition 1945-1953 5. Entnazifizierung u<\/a><a href=\"http:\/\/vogelsanginstitut.at\/at\/Quellenedition\/Quellenedition 1945-1953 5. Entnazifizierung und Heimkehrer%20 4.pdf\">nd Heimkehrer 4<\/a><\/p>\n\n\n\n<p><a href=\"http:\/\/vogelsanginstitut.at\/at\/Quellenedition\/Quellenedition 1945-1953 6. Aufstellung eines o\u0308sterreichischen Heeres%20 1.pdf\" target=\"_blank\" rel=\"noreferrer noopener\">Quellenedition 1945-1953 6. Aufstellung eines \u00f6sterreichischen Heeres 1<\/a><\/p>\n\n\n\n<p><a href=\"http:\/\/vogelsanginstitut.at\/at\/Quellenedition\/Quellenedition 1945-1953 6. Aufstellung eines o\u0308sterreichischen Heeres%20 2.pdf\" target=\"_blank\" rel=\"noreferrer noopener\">Quellenedition 1945-1953 6. Aufstellung eines \u00f6sterreichischen Heeres 2<\/a><\/p>\n\n\n\n<p><a href=\"http:\/\/vogelsanginstitut.at\/at\/Quellenedition\/Quellenedition 1945-1953 6. Aufstellung eines o\u0308sterreichischen Heeres%20 3.pdf\" target=\"_blank\" rel=\"noreferrer noopener\">Quellenedition 1945-1953 6. Aufstellung eines \u00f6sterreichischen Heeres 3<\/a><\/p>\n\n\n\n<p><a href=\"http:\/\/vogelsanginstitut.at\/at\/Quellenedition\/Quellenedition 1945-1953 6. Aufstellung eines o\u0308sterreichischen Heeres%20 4.pdf\" target=\"_blank\" rel=\"noreferrer noopener\">Quellenedition 1945-1953 6. Aufstellung eines \u00f6sterreichischen Heeres 4<\/a><\/p>\n\n\n\n<p><a href=\"http:\/\/vogelsanginstitut.at\/at\/Quellenedition\/Quellenedition 1945-1953 6. Aufstellung eines o\u0308sterreichischen Heeres%20 5.pdf\" target=\"_blank\" rel=\"noreferrer noopener\">Quellenedition 1945-1953 6. Aufstellung eines \u00f6sterreichischen Heeres 5<\/a><\/p>\n\n\n\n<p><a href=\"http:\/\/vogelsanginstitut.at\/at\/Quellenedition\/Quellenedition 1945-1953 6. Aufstellung eines o\u0308sterreichischen Heeres%20 6.pdf\" target=\"_blank\" rel=\"noreferrer noopener\">Quellenedition 1945-1953 6. Aufstellung eines \u00f6sterreichischen Heeres 6<\/a><\/p>\n\n\n\n<p><a href=\"http:\/\/www.vogelsanginstitut.at\/at\/Quellenedition\/Quellenedition%201945-1953%207.%20Koalitionsverhandlungen%20%201.pdf\" target=\"_blank\" rel=\"noreferrer noopener\">Quellenedition 1945-1953 7. Koalitionsverhandlungen 1<\/a><\/p>\n\n\n\n<p><a href=\"http:\/\/vogelsanginstitut.at\/at\/Quellenedition\/Quellenedition%201945-1953%207.%20Koalitionsverhandlungen%20%202.pdf\" target=\"_blank\" rel=\"noreferrer noopener\">Quellenedition 1945-1953 7. Koalitionsverhandlungen 2<\/a><\/p>\n\n\n\n<p><a href=\"http:\/\/www.vogelsanginstitut.at\/at\/Quellenedition\/Quellenedition%201945-1953%207.%20Koalitionsverhandlungen%20%203.pdf\" target=\"_blank\" rel=\"noreferrer noopener\">Quellenedition 1945-1953 7. Koalitionsverhandlungen 3<\/a><\/p>\n\n\n\n<p><a href=\"http:\/\/www.vogelsanginstitut.at\/at\/Quellenedition\/Quellenedition%201945-1953%207.%20Koalitionsverhandlungen%20%204.pdf\" target=\"_blank\" rel=\"noreferrer noopener\">Quellenedition 1945-1953 7. Koalitionsverhandlungen 4<\/a><\/p>\n\n\n\n<p><a href=\"http:\/\/www.vogelsanginstitut.at\/at\/Quellenedition\/Quellenedition%201945-1953%207.%20Koalitionsverhandlungen%20%205.pdf\" target=\"_blank\" rel=\"noreferrer noopener\">Quellenedition 1945-1953 7. Koalitionsverhandlungen 5<\/a><\/p>\n\n\n\n<p><a href=\"http:\/\/www.vogelsanginstitut.at\/at\/Quellenedition\/Quellenedition%201945-1953%207.%20Koalitionsverhandlungen%20%206.pdf\" target=\"_blank\" rel=\"noreferrer noopener\">Quellenedition 1945-1953 7. Koalitionsverhandlungen 6<\/a><\/p>\n\n\n\n<p><a href=\"http:\/\/www.vogelsanginstitut.at\/at\/Quellenedition\/Quellenedition%201945-1953%207.%20Koalitionsverhandlungen%20%207.pdf\" target=\"_blank\" rel=\"noreferrer noopener\">Quellenedition 1945-1953 7. Koalitionsverhandlungen 7<\/a><\/p>\n\n\n\n<p><a href=\"http:\/\/www.vogelsanginstitut.at\/at\/?page_id=2524\" target=\"_blank\" rel=\"noreferrer noopener\">Quellenedition 1945-1953 7. Koalitionsverhandlungen 8<\/a><\/p>\n\n\n\n<p><a href=\"http:\/\/vogelsanginstitut.at\/at\/Quellenedition\/Quellenedition 1945-1953 8. Verstaatlichung%20 1.pdf\" target=\"_blank\" rel=\"noreferrer noopener\">Quellenedition 1945-1953 8. Verstaatlichung 1<\/a><\/p>\n\n\n\n<p><a href=\"http:\/\/vogelsanginstitut.at\/at\/Quellenedition\/Quellenedition 1945-1953 8. Verstaatlichung%20 2.pdf\" target=\"_blank\" rel=\"noreferrer noopener\">Quellenedition 1945-1953 8. Verstaatlichung 2<\/a><\/p>\n\n\n\n<p><a href=\"http:\/\/vogelsanginstitut.at\/at\/Quellenedition\/Quellenedition 1945-1953 8. Verstaatlichung%20 3.pdf\" target=\"_blank\" rel=\"noreferrer noopener\">Quellenedition 1945-1953 8. Verstaatlichung 3<\/a><\/p>\n\n\n\n<p><a href=\"http:\/\/vogelsanginstitut.at\/at\/Quellenedition\/Quellenedition 1945-1953 8. Verstaatlichung%20 4.pdf\" target=\"_blank\" rel=\"noreferrer noopener\">Quellenedition 1945-1953 8. Verstaatlichung 4<\/a><\/p>\n\n\n\n<p><a href=\"http:\/\/vogelsanginstitut.at\/at\/Quellenedition\/Quellenedition 1945-1953 8. Verstaatlichung%20 5.pdf\" target=\"_blank\" rel=\"noreferrer noopener\">Quellenedition 1945-1953 8. Verstaatlichung 5<\/a><\/p>\n\n\n\n<p><a href=\"http:\/\/vogelsanginstitut.at\/at\/Quellenedition\/Quellenedition 1945-1953 8. Verstaatlichung%20 6.pdf\" target=\"_blank\" rel=\"noreferrer noopener\">Quellenedition 1945-1953 8. Verstaatlichung 6<\/a><\/p>\n\n\n\n<p><a href=\"http:\/\/vogelsanginstitut.at\/at\/Quellenedition\/Quellenedition 1945-1953 8. Verstaatlichung%20 7.pdf\" target=\"_blank\" rel=\"noreferrer noopener\">Quellenedition 1945-1953 8. Verstaatlichung 7<\/a><\/p>\n\n\n\n<p><a href=\"http:\/\/www.vogelsanginstitut.at\/at\/Quellenedition\/Quellenedition%201945-1953%209.%20Kultur-%20und%20Schulpolitik%20%201.pdf\" target=\"_blank\" rel=\"noreferrer noopener\">Quellenedition 1945-1953 9. Kultur- und Schulpolitik 1<\/a><\/p>\n\n\n\n<p><a href=\"http:\/\/www.vogelsanginstitut.at\/at\/Quellenedition\/Quellenedition%201945-1953%209.%20Kultur-%20und%20Schulpolitik%20%202.pdf\" target=\"_blank\" rel=\"noreferrer noopener\">Quellenedition 1945-1953 9. Kultur- und Schulpolitik 2<\/a><\/p>\n\n\n\n<p><a href=\"http:\/\/vogelsanginstitut.at\/at\/Quellenedition\/Quellenedition 1945-1953 10. Medienpolitik%20 1.pdf\">Quellenedition 1945-1953 10. Medienpolitik 1<\/a><\/p>\n\n\n\n<p><a href=\"http:\/\/vogelsanginstitut.at\/at\/Quellenedition\/Quellenedition 1945-1953 10. Medienpolitik%20 2.pdf\" target=\"_blank\" rel=\"noreferrer noopener\">Quellenedition 1945-1953 10. Medienpolitik 2<\/a><\/p>\n\n\n\n<p><a href=\"http:\/\/vogelsanginstitut.at\/at\/Quellenedition\/Quellenedition 1945-1953 10. Medienpolitik%20 3.pdf\" target=\"_blank\" rel=\"noreferrer noopener\">Quellenedition 1945-1953 10. Medienpolitik 3<\/a><\/p>\n\n\n\n<p><\/p>\n\n\n\n<p><\/p>\n","protected":false},"excerpt":{"rendered":"<p>Quellenedition zur \u00f6sterreichischen Parteiengeschichte Quellenedition 1945-1953 Inhaltsverzeichnis und Vorwort Quellenedition 1945-1953 1. Au\u00dfenpolitik 1 Quellenedition 1945-1953 1. Au\u00dfenpolitik 2 Quellenedition 1945-1953 1. Au\u00dfenpolitik 3 Quellenedition 1945-1953 2. Wiedergutmachung 1 Quellenedition &#8230;<\/p>\n","protected":false},"author":1,"featured_media":0,"parent":0,"menu_order":0,"comment_status":"closed","ping_status":"closed","template":"","meta":{"footnotes":""},"_links":{"self":[{"href":"http:\/\/www.vogelsanginstitut.at\/at\/index.php?rest_route=\/wp\/v2\/pages\/2524"}],"collection":[{"href":"http:\/\/www.vogelsanginstitut.at\/at\/index.php?rest_route=\/wp\/v2\/pages"}],"about":[{"href":"http:\/\/www.vogelsanginstitut.at\/at\/index.php?rest_route=\/wp\/v2\/types\/page"}],"author":[{"embeddable":true,"href":"http:\/\/www.vogelsanginstitut.at\/at\/index.php?rest_route=\/wp\/v2\/users\/1"}],"replies":[{"embeddable":true,"href":"http:\/\/www.vogelsanginstitut.at\/at\/index.php?rest_route=%2Fwp%2Fv2%2Fcomments&post=2524"}],"version-history":[{"count":17,"href":"http:\/\/www.vogelsanginstitut.at\/at\/index.php?rest_route=\/wp\/v2\/pages\/2524\/revisions"}],"predecessor-version":[{"id":4384,"href":"http:\/\/www.vogelsanginstitut.at\/at\/index.php?rest_route=\/wp\/v2\/pages\/2524\/revisions\/4384"}],"wp:attachment":[{"href":"http:\/\/www.vogelsanginstitut.at\/at\/index.php?rest_route=%2Fwp%2Fv2%2Fmedia&parent=2524"}],"curies":[{"name":"wp","href":"https:\/\/api.w.org\/{rel}","templated":true}]}}