{"id":1999,"date":"2019-09-03T10:22:00","date_gmt":"2019-09-03T08:22:00","guid":{"rendered":"http:\/\/www.vogelsanginstitut.at\/at\/?page_id=1999"},"modified":"2019-09-12T17:50:17","modified_gmt":"2019-09-12T15:50:17","slug":"veranstaltungsarchiv-2","status":"publish","type":"page","link":"http:\/\/www.vogelsanginstitut.at\/at\/?page_id=1999","title":{"rendered":"Veranstaltungsarchiv"},"content":{"rendered":"\n<p>Hier finden Sie unsere vorangegangenen Veranstaltungen:<\/p>\n\n\n<ul class=\"wp-block-latest-posts__list wp-block-latest-posts\"><li><a class=\"wp-block-latest-posts__post-title\" href=\"http:\/\/www.vogelsanginstitut.at\/at\/?p=4725\">Geschichtsbilder in Mitteleuropa. Zwischen Deutungshoheit und Praxis.<\/a><\/li>\n<li><a class=\"wp-block-latest-posts__post-title\" href=\"http:\/\/www.vogelsanginstitut.at\/at\/?p=4660\">Veranstaltungsbericht Buchpr\u00e4sentation \u201eCancel-Culture. Moralisierung und Anma\u00dfung der Selbstgerechten\u201c<\/a><\/li>\n<li><a class=\"wp-block-latest-posts__post-title\" href=\"http:\/\/www.vogelsanginstitut.at\/at\/?p=4652\">Veranstaltungsbericht: Buchpr\u00e4sentation Cancel-Culture. Moralisierung und Anma\u00dfung der Selbstgerechten\u201c<\/a><\/li>\n<li><a class=\"wp-block-latest-posts__post-title\" href=\"http:\/\/www.vogelsanginstitut.at\/at\/?p=4615\">Veranstaltungsbericht: &#8220;Mit ganzer Kraft f\u00fcr \u00d6sterreich&#8221;<\/a><\/li>\n<li><a class=\"wp-block-latest-posts__post-title\" href=\"http:\/\/www.vogelsanginstitut.at\/at\/?p=4570\">Veranstaltungsbericht: Das Jahr 1945 in \u00d6sterreich<\/a><\/li>\n<li><a class=\"wp-block-latest-posts__post-title\" href=\"http:\/\/www.vogelsanginstitut.at\/at\/?p=4542\">F\u00fchrung durch die fr\u00fcheren Luftschutzr\u00e4ume der Kirche St. Thekla<\/a><\/li>\n<li><a class=\"wp-block-latest-posts__post-title\" href=\"http:\/\/www.vogelsanginstitut.at\/at\/?p=4437\">Veranstaltungsbericht F\u00fchrung durch den Flakturm Esterhazypark, \u201eHaus des Meeres\u201c, Freitag, 6. Juni 2025<\/a><\/li>\n<li><a class=\"wp-block-latest-posts__post-title\" href=\"http:\/\/www.vogelsanginstitut.at\/at\/?p=4489\">Forschungen aus dem Archiv: Richard Weiskirchner. Ein zu Unrecht (fast) vergessener Wiener B\u00fcrgermeister.<\/a><\/li>\n<li><a class=\"wp-block-latest-posts__post-title\" href=\"http:\/\/www.vogelsanginstitut.at\/at\/?p=2011\">Veranstaltungsbericht &#8220;Aufgebl\u00e4ttert: Ernst Karl Winter&#8221;<\/a><\/li>\n<li><a class=\"wp-block-latest-posts__post-title\" href=\"http:\/\/www.vogelsanginstitut.at\/at\/?p=2003\">Transnationale Parteienkooperation christdemokratischer und konservativer Parteien in Europa<\/a><\/li>\n<li><a class=\"wp-block-latest-posts__post-title\" href=\"http:\/\/www.vogelsanginstitut.at\/at\/?p=2019\">Buchpr\u00e4sentation, 15. November 2018 Die junge Republik. \u00d6sterreich 1918\/1919. B\u00f6hlau 2018<\/a><\/li>\n<li><a class=\"wp-block-latest-posts__post-title\" href=\"http:\/\/www.vogelsanginstitut.at\/at\/?p=2027\">Segnung und Gedenkfeier am Grab von Karl Freiherr von Vogelsang<\/a><\/li>\n<li><a class=\"wp-block-latest-posts__post-title\" href=\"http:\/\/www.vogelsanginstitut.at\/at\/?p=2034\">Kranzniederlegung Am Spiegelgrund, 6. Mai 2018<\/a><\/li>\n<li><a class=\"wp-block-latest-posts__post-title\" href=\"http:\/\/www.vogelsanginstitut.at\/at\/?p=2040\">Buchpr\u00e4sentation:  &#8220;Italien und \u00d6sterreich im Mitteleuropa der Zwischenkriegszeit.&#8221;<\/a><\/li>\n<li><a class=\"wp-block-latest-posts__post-title\" href=\"http:\/\/www.vogelsanginstitut.at\/at\/?p=2043\">Symposion Die junge Republik. \u00d6sterreich 1918\/1919  8.-10. November 2017<\/a><\/li>\n<li><a class=\"wp-block-latest-posts__post-title\" href=\"http:\/\/www.vogelsanginstitut.at\/at\/?p=2047\">Gewaltsamer Widerstand vom Baltikum bis nach Zentral- und S\u00fcdosteuropa 1945-1956. Violent Resistance<\/a><\/li>\n<li><a class=\"wp-block-latest-posts__post-title\" href=\"http:\/\/www.vogelsanginstitut.at\/at\/?p=2050\">Buchpr\u00e4sentation 30. November 2016 Die Tageb\u00fccher des Grafen Egbert Belcredi<\/a><\/li>\n<li><a class=\"wp-block-latest-posts__post-title\" href=\"http:\/\/www.vogelsanginstitut.at\/at\/?p=2057\">R\u00fcckblick CIVITAS-Symposium 2016<\/a><\/li>\n<li><a class=\"wp-block-latest-posts__post-title\" href=\"http:\/\/www.vogelsanginstitut.at\/at\/?p=2066\">Demokratie-Symposium im Parlament anl\u00e4sslich 70 Jahre freier Wahlen in \u00d6sterreich<\/a><\/li>\n<li><a class=\"wp-block-latest-posts__post-title\" href=\"http:\/\/www.vogelsanginstitut.at\/at\/?p=2076\">Buchpr\u00e4sentation: Helmut Wohnout Leopold Figl und das Jahr 1945<\/a><\/li>\n<li><a class=\"wp-block-latest-posts__post-title\" href=\"http:\/\/www.vogelsanginstitut.at\/at\/?p=2085\">Veranstaltungsaviso \u201cDie Parteien und der erste Weltkrieg\u201d<\/a><\/li>\n<li><a class=\"wp-block-latest-posts__post-title\" href=\"http:\/\/www.vogelsanginstitut.at\/at\/?p=2073\">Podiumsgespr\u00e4ch zum Gedenken an den Ausbruch des Ersten Weltkriegs<\/a><\/li>\n<li><a class=\"wp-block-latest-posts__post-title\" href=\"http:\/\/www.vogelsanginstitut.at\/at\/?p=2088\">Er\u00f6ffnung der Alois Mock-Ausstellung in Euratsfeld am 20. Juni 2014<\/a><\/li>\n<li><a class=\"wp-block-latest-posts__post-title\" href=\"http:\/\/www.vogelsanginstitut.at\/at\/?p=2096\">Investigating Judicial Decisions during the Anschluss Era &#8211; Univ.-Prof. Dr. Evan Burr Bukey<\/a><\/li>\n<li><a class=\"wp-block-latest-posts__post-title\" href=\"http:\/\/www.vogelsanginstitut.at\/at\/?p=2417\">Univ.-Prof. Dr. Hanns J\u00fcrgen K\u00fcsters Helmut Kohl, \u00d6sterreich und die europ\u00e4ische Integration<\/a><\/li>\n<li><a class=\"wp-block-latest-posts__post-title\" href=\"http:\/\/www.vogelsanginstitut.at\/at\/?p=2431\">Vortrag Univ.-Prof. Dr. Larry Wolff, Donnerstag, 19. April 2012<\/a><\/li>\n<li><a class=\"wp-block-latest-posts__post-title\" href=\"http:\/\/www.vogelsanginstitut.at\/at\/?p=2442\">Buchpr\u00e4sentation &#8220;Charaktere in Divergenz. Die Reformer Josef Klaus und Erhard Busek\u201c<\/a><\/li>\n<li><a class=\"wp-block-latest-posts__post-title\" href=\"http:\/\/www.vogelsanginstitut.at\/at\/?p=2444\">Ministerpr\u00e4sident a.D. Dr. Bernhard Vogel: Christdemokratie und Europ\u00e4ische Integration<\/a><\/li>\n<li><a class=\"wp-block-latest-posts__post-title\" href=\"http:\/\/www.vogelsanginstitut.at\/at\/?p=2449\">Josef Klaus &#8211; der konservative Humanist<\/a><\/li>\n<li><a class=\"wp-block-latest-posts__post-title\" href=\"http:\/\/www.vogelsanginstitut.at\/at\/?p=2447\">Richard Schmitz: Christlich-soziale Politik vom Vorabend des Ersten Weltkriegs<\/a><\/li>\n<li><a class=\"wp-block-latest-posts__post-title\" href=\"http:\/\/www.vogelsanginstitut.at\/at\/?p=2452\">Buchpr\u00e4sentation und Podiumsdiskussion 08. M\u00e4rz 2010<\/a><\/li>\n<\/ul>","protected":false},"excerpt":{"rendered":"<p>Hier finden Sie unsere vorangegangenen Veranstaltungen:<\/p>\n","protected":false},"author":1,"featured_media":0,"parent":0,"menu_order":0,"comment_status":"closed","ping_status":"closed","template":"","meta":{"footnotes":""},"_links":{"self":[{"href":"http:\/\/www.vogelsanginstitut.at\/at\/index.php?rest_route=\/wp\/v2\/pages\/1999"}],"collection":[{"href":"http:\/\/www.vogelsanginstitut.at\/at\/index.php?rest_route=\/wp\/v2\/pages"}],"about":[{"href":"http:\/\/www.vogelsanginstitut.at\/at\/index.php?rest_route=\/wp\/v2\/types\/page"}],"author":[{"embeddable":true,"href":"http:\/\/www.vogelsanginstitut.at\/at\/index.php?rest_route=\/wp\/v2\/users\/1"}],"replies":[{"embeddable":true,"href":"http:\/\/www.vogelsanginstitut.at\/at\/index.php?rest_route=%2Fwp%2Fv2%2Fcomments&post=1999"}],"version-history":[{"count":3,"href":"http:\/\/www.vogelsanginstitut.at\/at\/index.php?rest_route=\/wp\/v2\/pages\/1999\/revisions"}],"predecessor-version":[{"id":2087,"href":"http:\/\/www.vogelsanginstitut.at\/at\/index.php?rest_route=\/wp\/v2\/pages\/1999\/revisions\/2087"}],"wp:attachment":[{"href":"http:\/\/www.vogelsanginstitut.at\/at\/index.php?rest_route=%2Fwp%2Fv2%2Fmedia&parent=1999"}],"curies":[{"name":"wp","href":"https:\/\/api.w.org\/{rel}","templated":true}]}}