{"id":1954,"date":"2019-07-25T13:44:30","date_gmt":"2019-07-25T11:44:30","guid":{"rendered":"http:\/\/www.vogelsanginstitut.at\/at\/?page_id=1954"},"modified":"2019-09-25T09:35:40","modified_gmt":"2019-09-25T07:35:40","slug":"benennung-des-zessner-spitzenberg-parks","status":"publish","type":"page","link":"http:\/\/www.vogelsanginstitut.at\/at\/?page_id=1954","title":{"rendered":"Benennung des Ze\u00dfner-Spitzenberg-Parks"},"content":{"rendered":"\n<p> Am 17. Juni 2019 wurde der Park vor der Kaasgrabenkirche in Wien D\u00f6bling nach Univ.-Prof. Dr. Hans Karl Ze\u00dfner-Spitzenberg benannt. Die vis \u00e0 vis gelegene Kaasgrabenkirche war jener Ort, wo Ze\u00dfner-Spitzenberg am 18. M\u00e4rz 1938 unweit seines Wohnhauses w\u00e4hrend des Besuchs der Heiligen Messe von der Gestapo verhaftet wurde. Er kam ins KZ Dachau, wo er am 1. August 1938 an den Folgen der Folterungen der SS starb.&nbsp;<br> <br>Die Parkbenennung geht auf eine Initiative des Karl von Vogelsang-Instituts zur\u00fcck. Im Gedenkjahr 2018 fasste die Bezirksvertretung des 19. Bezirks einen einstimmigen Beschluss auf Benennung der Gr\u00fcnfl\u00e4che nach Ze\u00dfner-Spitzenberg, der seitens des Kulturamts der Stadt Wien und des Gemeinderats Zustimmung erfuhr. Mit der Enth\u00fcllung der entsprechenden Parktafel erfolgte der offizielle Akt der Benennung. Als Gesch\u00e4ftsf\u00fchrer des Karl von Vogelsang-Instituts w\u00fcrdigte Helmut Wohnout Ze\u00dfner-Spitzenberg als einen \u201ekompromisslosen Gegner des Nationalsozialismus\u201c. Schon 1926 hatte er gemeinsam mit Ernst Karl Winter, Alfred Missong, August Maria Knoll und Wilhelm Schmid die \u201e\u00d6sterreichische Aktion\u201c gegr\u00fcndet. Wohnout w\u00fcrdigte sie als ein \u201ePl\u00e4doyer einer eigenst\u00e4ndigen \u00f6sterreichischen Identit\u00e4t zu einem Zeitpunkt, als der intellektuelle Mainstream so gut wie ausschlie\u00dflich von einer diffusen deutschen bzw. deutschnationalen Reichsromantik gepr\u00e4gt war.\u201c&nbsp;1931 wurde Ze\u00dfner Professor an der Universit\u00e4t f\u00fcr Bodenkultur, wo er sich vehement gegen den aufkommenden Nationalsozialismus wandte. Allen Versuchen mit dem nationalsozialistischen Deutschland einen modus vivendi zu finden, stand er ablehnend gegen\u00fcber und setzte sich bis zum letzten Augenblick f\u00fcr den Erhalt der \u00f6sterreichischen Unabh\u00e4ngigkeit ein. Unter den mehr als 150 Teilnehmern an der Veranstaltung waren auch die beiden noch lebenden Kinder Hans Karl Ze\u00dfner-Spitzenbergs, die 99j\u00e4hrige Hanna Paradeiser und der 93j\u00e4hrige Pius Ze\u00dfner-Spitzenberg. Dieser w\u00fcrdigte in seinen sehr pers\u00f6nlich gehaltenen Ausf\u00fchrungen vor allem die tiefreligi\u00f6se Haltung seines Vaters in den Monaten der Gefangenschaft und zitierte aus den w\u00e4hrend dieser Zeit geschriebenen Briefen Hans Karl Ze\u00dfner-Spitzenbergs an die Familie. Im Anschluss an die Enth\u00fcllung klang die Feier bei einem Empfang im stimmungsvollen Ambiente des Vorplatzes der Kaasgrabenkirche aus.  <\/p>\n\n\n\n<figure class=\"wp-block-image\"><img loading=\"lazy\" decoding=\"async\" width=\"1024\" height=\"684\" src=\"http:\/\/www.vogelsanginstitut.at\/at\/wp-content\/uploads\/2019\/07\/zessner_1-1024x684.jpg\" alt=\"\" class=\"wp-image-1955\" srcset=\"http:\/\/www.vogelsanginstitut.at\/at\/wp-content\/uploads\/2019\/07\/zessner_1-1024x684.jpg 1024w, http:\/\/www.vogelsanginstitut.at\/at\/wp-content\/uploads\/2019\/07\/zessner_1-300x200.jpg 300w, http:\/\/www.vogelsanginstitut.at\/at\/wp-content\/uploads\/2019\/07\/zessner_1-768x513.jpg 768w\" sizes=\"(max-width: 1024px) 100vw, 1024px\" \/><figcaption>GF Priv. Doz. Dr. Helmut Wohnout mit dem Bezirksvorsteher von D\u00f6bling, Daniel Resch. <\/figcaption><\/figure>\n\n\n\n<figure class=\"wp-block-image\"><img loading=\"lazy\" decoding=\"async\" width=\"1024\" height=\"684\" src=\"http:\/\/www.vogelsanginstitut.at\/at\/wp-content\/uploads\/2019\/07\/zessner_2-1024x684.jpg\" alt=\"\" class=\"wp-image-1956\" srcset=\"http:\/\/www.vogelsanginstitut.at\/at\/wp-content\/uploads\/2019\/07\/zessner_2-1024x684.jpg 1024w, http:\/\/www.vogelsanginstitut.at\/at\/wp-content\/uploads\/2019\/07\/zessner_2-300x200.jpg 300w, http:\/\/www.vogelsanginstitut.at\/at\/wp-content\/uploads\/2019\/07\/zessner_2-768x513.jpg 768w\" sizes=\"(max-width: 1024px) 100vw, 1024px\" \/><figcaption>GF Priv.-Doz. Dr. Helmut Wohnout. \n <\/figcaption><\/figure>\n\n\n\n<figure class=\"wp-block-image\"><img loading=\"lazy\" decoding=\"async\" width=\"1024\" height=\"684\" src=\"http:\/\/www.vogelsanginstitut.at\/at\/wp-content\/uploads\/2019\/07\/zessner_3-1024x684.jpg\" alt=\"\" class=\"wp-image-1957\" srcset=\"http:\/\/www.vogelsanginstitut.at\/at\/wp-content\/uploads\/2019\/07\/zessner_3-1024x684.jpg 1024w, http:\/\/www.vogelsanginstitut.at\/at\/wp-content\/uploads\/2019\/07\/zessner_3-300x200.jpg 300w, http:\/\/www.vogelsanginstitut.at\/at\/wp-content\/uploads\/2019\/07\/zessner_3-768x513.jpg 768w\" sizes=\"(max-width: 1024px) 100vw, 1024px\" \/><figcaption>v.l.n.r. Die Kinder von Hanns Karl Zessner-Spitzenberg, Johanna Paradeiser und Pius Zessner-Spitzenberg, daneben der Obmann der \u00d6VP-Kameradschaft der Politisch Verfolgten Dr. Gerhard Kastelic und Pfarrer P. Thomas M\u00fchlberger OSFS<\/figcaption><\/figure>\n\n\n\n<figure class=\"wp-block-image\"><img loading=\"lazy\" decoding=\"async\" width=\"1024\" height=\"684\" src=\"http:\/\/www.vogelsanginstitut.at\/at\/wp-content\/uploads\/2019\/07\/zessner_4-1024x684.jpg\" alt=\"\" class=\"wp-image-1958\" srcset=\"http:\/\/www.vogelsanginstitut.at\/at\/wp-content\/uploads\/2019\/07\/zessner_4-1024x684.jpg 1024w, http:\/\/www.vogelsanginstitut.at\/at\/wp-content\/uploads\/2019\/07\/zessner_4-300x200.jpg 300w, http:\/\/www.vogelsanginstitut.at\/at\/wp-content\/uploads\/2019\/07\/zessner_4-768x513.jpg 768w\" sizes=\"(max-width: 1024px) 100vw, 1024px\" \/><figcaption>Pius Zessner-Spitzenberg und GF Helmut Wohnout vor der neuen Parktafel. <\/figcaption><\/figure>\n\n\n\n<figure class=\"wp-block-image\"><img loading=\"lazy\" decoding=\"async\" width=\"1024\" height=\"684\" src=\"http:\/\/www.vogelsanginstitut.at\/at\/wp-content\/uploads\/2019\/07\/zessner_5-1024x684.jpg\" alt=\"\" class=\"wp-image-1959\" srcset=\"http:\/\/www.vogelsanginstitut.at\/at\/wp-content\/uploads\/2019\/07\/zessner_5-1024x684.jpg 1024w, http:\/\/www.vogelsanginstitut.at\/at\/wp-content\/uploads\/2019\/07\/zessner_5-300x200.jpg 300w, http:\/\/www.vogelsanginstitut.at\/at\/wp-content\/uploads\/2019\/07\/zessner_5-768x513.jpg 768w\" sizes=\"(max-width: 1024px) 100vw, 1024px\" \/><figcaption>Meinhard Friedl im Gespr\u00e4ch mit Paul Hefelle.<\/figcaption><\/figure>\n","protected":false},"excerpt":{"rendered":"<p>Am 17. Juni 2019 wurde der Park vor der Kaasgrabenkirche in Wien D\u00f6bling nach Univ.-Prof. Dr. Hans Karl Ze\u00dfner-Spitzenberg benannt. Die vis \u00e0 vis gelegene Kaasgrabenkirche war jener Ort, wo Ze\u00dfner-Spitzenberg am 18. M\u00e4rz 1938 unweit seines Wohnhauses w\u00e4hrend des Besuchs der Heiligen Messe von der Gestapo verhaftet wurde. Er kam ins KZ Dachau, wo er am 1. August 1938 an den Folgen der Folterungen der SS starb. <a href=\"http:\/\/www.vogelsanginstitut.at\/at\/?page_id=1954\">>>Weiterlesen<\/a><\/p>\n","protected":false},"author":1,"featured_media":1956,"parent":0,"menu_order":0,"comment_status":"closed","ping_status":"closed","template":"","meta":{"footnotes":""},"_links":{"self":[{"href":"http:\/\/www.vogelsanginstitut.at\/at\/index.php?rest_route=\/wp\/v2\/pages\/1954"}],"collection":[{"href":"http:\/\/www.vogelsanginstitut.at\/at\/index.php?rest_route=\/wp\/v2\/pages"}],"about":[{"href":"http:\/\/www.vogelsanginstitut.at\/at\/index.php?rest_route=\/wp\/v2\/types\/page"}],"author":[{"embeddable":true,"href":"http:\/\/www.vogelsanginstitut.at\/at\/index.php?rest_route=\/wp\/v2\/users\/1"}],"replies":[{"embeddable":true,"href":"http:\/\/www.vogelsanginstitut.at\/at\/index.php?rest_route=%2Fwp%2Fv2%2Fcomments&post=1954"}],"version-history":[{"count":3,"href":"http:\/\/www.vogelsanginstitut.at\/at\/index.php?rest_route=\/wp\/v2\/pages\/1954\/revisions"}],"predecessor-version":[{"id":2128,"href":"http:\/\/www.vogelsanginstitut.at\/at\/index.php?rest_route=\/wp\/v2\/pages\/1954\/revisions\/2128"}],"wp:featuredmedia":[{"embeddable":true,"href":"http:\/\/www.vogelsanginstitut.at\/at\/index.php?rest_route=\/wp\/v2\/media\/1956"}],"wp:attachment":[{"href":"http:\/\/www.vogelsanginstitut.at\/at\/index.php?rest_route=%2Fwp%2Fv2%2Fmedia&parent=1954"}],"curies":[{"name":"wp","href":"https:\/\/api.w.org\/{rel}","templated":true}]}}