{"id":1772,"date":"2019-05-02T14:34:56","date_gmt":"2019-05-02T12:34:56","guid":{"rendered":"http:\/\/www.vogelsanginstitut.at\/at\/?page_id=1772"},"modified":"2019-05-23T21:25:29","modified_gmt":"2019-05-23T19:25:29","slug":"engelbert-dollfuss","status":"publish","type":"page","link":"http:\/\/www.vogelsanginstitut.at\/at\/?page_id=1772","title":{"rendered":"Engelbert Dollfu\u00df"},"content":{"rendered":"\n<p><strong>Engelbert Dollfu\u00df<\/strong><\/p>\n\n\n\n<p>Engelbert\nDollfu\u00df wurde 1892 im nieder\u00f6sterreichischen Texing geboren. Er studierte,\nunterbrochen von seinem Kriegsdienst w\u00e4hrend des Ersten Weltkriegs, an der\nWiener Universit\u00e4t Jus und trat 1922 in die Nieder\u00f6sterreichische\nLandes-Landwirtschaftskammer ein, deren Kammeramtsdirektor er 1927 wurde. Im\nM\u00e4rz 1931 wurde er unter Bundeskanzler Otto Ender als Bundesminister f\u00fcr Land-\nund Forstwirtschaft in die Bundesregierung berufen. Nach dem Zerbrechen der\nRegierung Buresch in Folge der erdrutschartigen Gewinne der Nationalsozialisten\nbei den Landtagswahlen im April 1932 wurde er mit der Bildung der\nBundesregierung beauftragt. Mangels der Bereitschaft anderer Parteien, in das\nKabinett einzutreten, bildete er eine Koalition aus Christlichsozialen,\nLandbund und der Heimwehrfraktion, wobei die parlamentarische Mehrheit dieser\nKoalition von Beginn an unsicher schien. Gegen den erbitterten Widerstand der\nOpposition gelang im Sommer 1932 die parlamentarische Beschlussfassung der\nLausanner V\u00f6lkerbundanleihe. Ab diesem Zeitpunkt sollten sich die\nweltanschaulichen Gr\u00e4ben weiter vertiefen.<\/p>\n\n\n\n<p>Nach dem\nR\u00fccktritt der drei Pr\u00e4sidenten des Nationalrats vom 4. M\u00e4rz 1933 schlug Dollfu\u00df\nim Einvernehmen mit den Spitzen der Christlichsozialen Partei den autorit\u00e4ren\nKurs ein und regierte ohne Nationalrat mit Hilfe der kriegswirtschaftlichen\nNotverordnungen. Die Parteien wurden schrittweise aus dem politischen Leben\nverdr\u00e4ngt; unter Bruch der Verfassung wurde der Verfassungsgerichtshof\nausgeschaltet. Nach der Niederschlagung des Schutzbundaufstandes vom 12.\nFebruar 1934, der standrechtlichen Hinrichtung mehrerer Schutzbundfunktion\u00e4re\nund dem Verbot der Sozialdemokratischen Partei erfolgte mit 1. Mai 1934 die\nInkraftsetzung einer neuen autorit\u00e4ren (und undemokratischen) Verfassung.<\/p>\n\n\n\n<p>Zugleich\nerweckte Dollfu\u00df den \u00f6sterreichischen Selbstbehauptungswillen gegen\u00fcber dem nationalsozialistischen\nTerror, der insbesondere nach dem Machtantritt Hitlers als deutscher\nReichskanzler immer aggressiver auf eine nationalsozialistische\nRegierungsbeteiligung und in weiterer Folge auf eine nationalsozialistische\nMacht\u00fcbernahme abzielte. Dem Nationalsozialismus galt Dollfu\u00df als explizites\nFeindbild. Bereits am 3. Oktober 1933 war er bei einem Schussattentat im\nParlament verletzt worden. Im Zuge des NS-Putschversuchs vom 25. Juli 1934 wurde\ner von nationalsozialistischen Attent\u00e4tern im Bundeskanzleramt erschossen. <\/p>\n","protected":false},"excerpt":{"rendered":"<p>Engelbert Dollfu\u00df Engelbert Dollfu\u00df wurde 1892 im nieder\u00f6sterreichischen Texing geboren. Er studierte, unterbrochen von seinem Kriegsdienst w\u00e4hrend des Ersten Weltkriegs, an der Wiener Universit\u00e4t Jus und trat 1922 in die &#8230;<\/p>\n","protected":false},"author":1,"featured_media":0,"parent":0,"menu_order":0,"comment_status":"closed","ping_status":"closed","template":"","meta":{"footnotes":""},"_links":{"self":[{"href":"http:\/\/www.vogelsanginstitut.at\/at\/index.php?rest_route=\/wp\/v2\/pages\/1772"}],"collection":[{"href":"http:\/\/www.vogelsanginstitut.at\/at\/index.php?rest_route=\/wp\/v2\/pages"}],"about":[{"href":"http:\/\/www.vogelsanginstitut.at\/at\/index.php?rest_route=\/wp\/v2\/types\/page"}],"author":[{"embeddable":true,"href":"http:\/\/www.vogelsanginstitut.at\/at\/index.php?rest_route=\/wp\/v2\/users\/1"}],"replies":[{"embeddable":true,"href":"http:\/\/www.vogelsanginstitut.at\/at\/index.php?rest_route=%2Fwp%2Fv2%2Fcomments&post=1772"}],"version-history":[{"count":2,"href":"http:\/\/www.vogelsanginstitut.at\/at\/index.php?rest_route=\/wp\/v2\/pages\/1772\/revisions"}],"predecessor-version":[{"id":1881,"href":"http:\/\/www.vogelsanginstitut.at\/at\/index.php?rest_route=\/wp\/v2\/pages\/1772\/revisions\/1881"}],"wp:attachment":[{"href":"http:\/\/www.vogelsanginstitut.at\/at\/index.php?rest_route=%2Fwp%2Fv2%2Fmedia&parent=1772"}],"curies":[{"name":"wp","href":"https:\/\/api.w.org\/{rel}","templated":true}]}}