{"id":1718,"date":"2019-05-02T11:17:30","date_gmt":"2019-05-02T09:17:30","guid":{"rendered":"http:\/\/www.vogelsanginstitut.at\/at\/?page_id=1718"},"modified":"2020-05-25T13:52:40","modified_gmt":"2020-05-25T11:52:40","slug":"archiv","status":"publish","type":"page","link":"http:\/\/www.vogelsanginstitut.at\/at\/?page_id=1718","title":{"rendered":"Archiv"},"content":{"rendered":"\n<p><strong>Das Archiv &#8211;\ndie Dokumentationseinrichtung des Instituts<\/strong><\/p>\n\n\n\n<p>Das Archiv\ndes Karl von Vogelsang stellt die zentrale Dokumentation der\nchristlich-demokratischen, b\u00fcrgerlichen Politik in \u00d6sterreich dar. Das Karl von\nVogelsang-Institut sammelt und archiviert systematisch das Archivgut der\n\u00d6sterreichischen Volkspartei, ihrer f\u00fchrenden Repr\u00e4sentanten, Gremien und\nOrganisationen, aber auch ihrer Vorl\u00e4ufer sowie jener Parteien, die sich zur\nVolkspartei hinbewegt haben. Besonderes Augenmerk wurde auf\n&#8220;Nachl\u00e4sse&#8221; gerichtet. <br>\n&nbsp;<br>\nZur Aufgabe des Archivs geh\u00f6rt auch, das Schriftgut der europ\u00e4ischen\nZusammenschl\u00fcsse christlich-demokratischer Parteien zu archivieren.<br>\nZur Gesamtdokumentation des Instituts geh\u00f6rt ferner eine Pressedokumentation\nsowie eine Fachbibliothek mit einschl\u00e4giger Literatur zur Zeitgeschichte. Beide\nAbteilungen stehen dem Interessierten zur Verf\u00fcgung.<br>\nAls bedeutende zeithistorische Prim\u00e4rquellen k\u00f6nnen auch die Filmmaterialien\n(1949-2000) angesehen werden, die sich im Besitz des Instituts befinden. <\/p>\n\n\n\n<p><strong>Plakat- und Fotoarchiv<\/strong> <br> Einen besonderen Stellenwert im Gesamtbestand nehmen Plakate und Fotos ein:<br> Im Falle der Plakatkollektion kann das Karl von Vogelsang-Institut f\u00fcr sich in Anspruch nehmen, eine der bedeutesten und umfangreichsten Best\u00e4nde in \u00d6sterreich zu verwalten.<br> Das Fotoarchiv wiederum entstand weniger aufgrund systematischer Registratur, sondern erwuchs aus konkreten Arbeitsnotwenigkeiten. Der Bestand setzt sich einerseits aus Originalen, von denen meist keine Negative existieren und andererseits aus Reproduktionen zusammen. Der Gesamtumfang der Fotos betr\u00e4gt ca. 20.000 Bilder. <\/p>\n\n\n\n<p><strong><a href=\"http:\/\/www.vogelsanginstitut.at\/at\/?page_id=1721\" target=\"_blank\" rel=\"noreferrer noopener\" aria-label=\" (\u00f6ffnet in neuem Tab)\">Zur Bestands\u00fcbersicht<\/a><\/strong><\/p>\n\n\n\n<p> <strong>Kontakt<\/strong> <br> Dr. Hannes Sch\u00f6nner, Archiv- und Dokumentation, Gesch\u00e4ftsf\u00fchrer<br> tel.: +43 1 814 20 \u2013 86 <br> e-mail: <a href=\"mailto:j.schoenner@kvvi.at\">j.schoenner@kvvi.at<\/a><\/p>\n\n\n\n<p>Das Archiv des\nKarl von Vogelsang-Instituts stellt f\u00fcr die erbrachte Serviceleistung bei\nRecherchen vor Ort eine <strong>Archivgeb\u00fchr<\/strong> von 15 Euro in Rechnung. Die Geb\u00fchr\nberechtigt zum Arbeiten im Archiv f\u00fcr 30 Kalendertage (Monatskarte). Der Preis\nf\u00fcr eine Jahreskarte, die f\u00fcr zw\u00f6lf Kalendermonate eine Archivbenutzung\nerm\u00f6glicht, betr\u00e4gt 45 Euro. <\/p>\n\n\n\n<p><strong>A4-Fotokopien<\/strong>\nstellen wir mit 0,30 Euro, <strong>A3-Fotokopien<\/strong> mit 0,50 Euro in Rechnung.<\/p>\n\n\n\n<p>Die <strong>Reproduktionen von Fotos oder Plakaten<\/strong> aus dem Archiv des Vogelsang-Instituts sind m\u00f6glich. Die Kosten richten sich nach Art und Umfang der Reproduktionen. <\/p>\n\n\n\n<p><a rel=\"noreferrer noopener\" aria-label=\"Zu den Ben\u00fctzungsbedinungen (\u00f6ffnet in neuem Tab)\" href=\"http:\/\/www.vogelsanginstitut.at\/at\/wp-content\/uploads\/2019\/05\/Benuetzungsbedingungen.pdf\" target=\"_blank\"><strong>Zu<\/strong><\/a><strong><a rel=\"noreferrer noopener\" aria-label=\" den Ben\u00fctzungsbedinungen (\u00f6ffnet in neuem Tab)\" href=\"http:\/\/www.vogelsanginstitut.at\/at\/wp-content\/uploads\/2019\/05\/Benuetzungsbedingungen.pdf\" target=\"_blank\"> den Ben\u00fctzungsbedingungen<\/a><\/strong><\/p>\n","protected":false},"excerpt":{"rendered":"<p>Das Archiv &#8211; die Dokumentationseinrichtung des Instituts Das Archiv des Karl von Vogelsang stellt die zentrale Dokumentation der christlich-demokratischen, b\u00fcrgerlichen Politik in \u00d6sterreich dar. Das Karl von Vogelsang-Institut sammelt und &#8230;<\/p>\n","protected":false},"author":1,"featured_media":0,"parent":0,"menu_order":0,"comment_status":"closed","ping_status":"closed","template":"","meta":{"footnotes":""},"_links":{"self":[{"href":"http:\/\/www.vogelsanginstitut.at\/at\/index.php?rest_route=\/wp\/v2\/pages\/1718"}],"collection":[{"href":"http:\/\/www.vogelsanginstitut.at\/at\/index.php?rest_route=\/wp\/v2\/pages"}],"about":[{"href":"http:\/\/www.vogelsanginstitut.at\/at\/index.php?rest_route=\/wp\/v2\/types\/page"}],"author":[{"embeddable":true,"href":"http:\/\/www.vogelsanginstitut.at\/at\/index.php?rest_route=\/wp\/v2\/users\/1"}],"replies":[{"embeddable":true,"href":"http:\/\/www.vogelsanginstitut.at\/at\/index.php?rest_route=%2Fwp%2Fv2%2Fcomments&post=1718"}],"version-history":[{"count":6,"href":"http:\/\/www.vogelsanginstitut.at\/at\/index.php?rest_route=\/wp\/v2\/pages\/1718\/revisions"}],"predecessor-version":[{"id":2694,"href":"http:\/\/www.vogelsanginstitut.at\/at\/index.php?rest_route=\/wp\/v2\/pages\/1718\/revisions\/2694"}],"wp:attachment":[{"href":"http:\/\/www.vogelsanginstitut.at\/at\/index.php?rest_route=%2Fwp%2Fv2%2Fmedia&parent=1718"}],"curies":[{"name":"wp","href":"https:\/\/api.w.org\/{rel}","templated":true}]}}