{"id":1673,"date":"2019-05-01T08:17:50","date_gmt":"2019-05-01T06:17:50","guid":{"rendered":"http:\/\/www.vogelsanginstitut.at\/at\/?page_id=1673"},"modified":"2025-10-07T10:55:05","modified_gmt":"2025-10-07T08:55:05","slug":"plakatarchiv","status":"publish","type":"page","link":"http:\/\/www.vogelsanginstitut.at\/at\/?page_id=1673","title":{"rendered":"Plakatarchiv"},"content":{"rendered":"\n<p><\/p>\n\n\n\n<p>Einen besonderen Stellenwert im Gesamtbestand nehmen Plakate und Photographien ein. Die umfangreiche Plakatsammlung des Karl von Vogelsang-Instituts ist eine der gr\u00f6\u00dften Kollektionen politischer Plakate in \u00d6sterreich. <\/p>\n\n\n\n<p>Inhaltlich umfasst\nder Plakatbestand folgende Schwerpunkte:<\/p>\n\n\n\n<ul>\n<li>Politische Plakate allgemein 1920 \u2013 2019<\/li>\n\n\n\n<li>\u00d6VP-Wahlplakate 1945 \u2013 2019<\/li>\n\n\n\n<li>Plakate anderer \u00f6sterreichischer Parteien (SP\u00d6, VdU\/FP\u00d6, KP\u00d6, Gr\u00fcne)<\/li>\n\n\n\n<li>Ausl\u00e4ndische Parteiplakate (Deutschland, Italien, Schweiz)<\/li>\n\n\n\n<li>Informations- und Ank\u00fcndigungsplakate (oftmals mit kultureller oder sportlicher Ausrichtung ohne direktem parteipolitischen Bezug)<\/li>\n<\/ul>\n\n\n\n<p>Durch die Zugangserleichterung des Plakatarchivs mittels Reproduktion auf Dias ist eine anwenderfreundliche Nutzung sichergestellt (Projektion, Fotoanfertigung, Druckerei).<\/p>\n\n\n\n<hr class=\"wp-block-separator has-alpha-channel-opacity\"\/>\n\n\n\n<p>Mehr als 1.000 politische Plakate stellte das Karl von Vogelsang-Institut seit dem Jahre 2020 im Rahmen der \u201ePlattform zeithistorische politische Archive\u201c aus seinen Best\u00e4nden zur Verf\u00fcgung. Allen Forschern und Interessanten wird deshalb empfohlen, diese digitale Dokumentation zu besuchen. Alle hier gezeigten Plakate wurden unter h\u00f6chsten Standards digitalisiert und entsprechend der relevanten Kriterien beschrieben.<\/p>\n\n\n\n<p>Gegenw\u00e4rtig sind Plakate aller wahlwerbenden politischen Parteien in \u00d6sterreich 1945 bis 1955 erfasst. Langfristig soll diese Plakatdokumentation alle Wahlplakate in \u00d6sterreich bis ins Heute abbilden, die im Karl von Vogelsang-Institut, der Wilfried-Haslauer-Bibliothek, dem Kreisky Archiv und dem Archiv des VGA erfasst sind.<\/p>\n\n\n\n<p><a href=\"https:\/\/www.zeithistorische-archive.at\" target=\"_blank\" rel=\"noreferrer noopener\">https:\/\/www.zeithistorische-archive.at<\/a><\/p>\n\n\n\n<hr class=\"wp-block-separator has-alpha-channel-opacity\"\/>\n\n\n\n<p>Ausgew\u00e4hlte Plakatsujets 1945 bis 2018:<\/p>\n\n\n\n<figure class=\"wp-block-gallery has-nested-images columns-3 wp-block-gallery-1 is-layout-flex wp-block-gallery-is-layout-flex\">\n<figure class=\"wp-block-image\"><img loading=\"lazy\" decoding=\"async\" width=\"479\" height=\"691\" data-id=\"1670\" src=\"https:\/\/www.vogelsanginstitut.at\/at\/wp-content\/uploads\/2019\/05\/0084.jpg\" alt=\"\" class=\"wp-image-1670\" srcset=\"http:\/\/www.vogelsanginstitut.at\/at\/wp-content\/uploads\/2019\/05\/0084.jpg 479w, http:\/\/www.vogelsanginstitut.at\/at\/wp-content\/uploads\/2019\/05\/0084-208x300.jpg 208w\" sizes=\"(max-width: 479px) 100vw, 479px\" \/><\/figure>\n\n\n\n<figure class=\"wp-block-image\"><img loading=\"lazy\" decoding=\"async\" width=\"469\" height=\"687\" data-id=\"1668\" src=\"https:\/\/www.vogelsanginstitut.at\/at\/wp-content\/uploads\/2019\/05\/0077.jpg\" alt=\"\" class=\"wp-image-1668\" srcset=\"http:\/\/www.vogelsanginstitut.at\/at\/wp-content\/uploads\/2019\/05\/0077.jpg 469w, http:\/\/www.vogelsanginstitut.at\/at\/wp-content\/uploads\/2019\/05\/0077-205x300.jpg 205w\" sizes=\"(max-width: 469px) 100vw, 469px\" \/><\/figure>\n\n\n\n<figure class=\"wp-block-image\"><img loading=\"lazy\" decoding=\"async\" width=\"473\" height=\"675\" data-id=\"1669\" src=\"https:\/\/www.vogelsanginstitut.at\/at\/wp-content\/uploads\/2019\/05\/0078.jpg\" alt=\"\" class=\"wp-image-1669\" srcset=\"http:\/\/www.vogelsanginstitut.at\/at\/wp-content\/uploads\/2019\/05\/0078.jpg 473w, http:\/\/www.vogelsanginstitut.at\/at\/wp-content\/uploads\/2019\/05\/0078-210x300.jpg 210w\" sizes=\"(max-width: 473px) 100vw, 473px\" \/><\/figure>\n\n\n\n<figure class=\"wp-block-image\"><img loading=\"lazy\" decoding=\"async\" width=\"455\" height=\"667\" data-id=\"1667\" src=\"https:\/\/www.vogelsanginstitut.at\/at\/wp-content\/uploads\/2019\/05\/0073.jpg\" alt=\"\" class=\"wp-image-1667\" srcset=\"http:\/\/www.vogelsanginstitut.at\/at\/wp-content\/uploads\/2019\/05\/0073.jpg 455w, http:\/\/www.vogelsanginstitut.at\/at\/wp-content\/uploads\/2019\/05\/0073-205x300.jpg 205w\" sizes=\"(max-width: 455px) 100vw, 455px\" \/><\/figure>\n\n\n\n<figure class=\"wp-block-image\"><img loading=\"lazy\" decoding=\"async\" width=\"435\" height=\"649\" data-id=\"1665\" src=\"https:\/\/www.vogelsanginstitut.at\/at\/wp-content\/uploads\/2019\/05\/0306.jpg\" alt=\"\" class=\"wp-image-1665\" srcset=\"http:\/\/www.vogelsanginstitut.at\/at\/wp-content\/uploads\/2019\/05\/0306.jpg 435w, http:\/\/www.vogelsanginstitut.at\/at\/wp-content\/uploads\/2019\/05\/0306-201x300.jpg 201w\" sizes=\"(max-width: 435px) 100vw, 435px\" \/><\/figure>\n\n\n\n<figure class=\"wp-block-image\"><img loading=\"lazy\" decoding=\"async\" width=\"459\" height=\"659\" data-id=\"1664\" src=\"https:\/\/www.vogelsanginstitut.at\/at\/wp-content\/uploads\/2019\/05\/0304.jpg\" alt=\"\" class=\"wp-image-1664\" srcset=\"http:\/\/www.vogelsanginstitut.at\/at\/wp-content\/uploads\/2019\/05\/0304.jpg 459w, http:\/\/www.vogelsanginstitut.at\/at\/wp-content\/uploads\/2019\/05\/0304-209x300.jpg 209w\" sizes=\"(max-width: 459px) 100vw, 459px\" \/><\/figure>\n\n\n\n<figure class=\"wp-block-image\"><img loading=\"lazy\" decoding=\"async\" width=\"550\" height=\"820\" data-id=\"1663\" src=\"https:\/\/www.vogelsanginstitut.at\/at\/wp-content\/uploads\/2019\/05\/0334.jpg\" alt=\"\" class=\"wp-image-1663\" srcset=\"http:\/\/www.vogelsanginstitut.at\/at\/wp-content\/uploads\/2019\/05\/0334.jpg 550w, http:\/\/www.vogelsanginstitut.at\/at\/wp-content\/uploads\/2019\/05\/0334-201x300.jpg 201w\" sizes=\"(max-width: 550px) 100vw, 550px\" \/><\/figure>\n\n\n\n<figure class=\"wp-block-image\"><img loading=\"lazy\" decoding=\"async\" width=\"538\" height=\"796\" data-id=\"1662\" src=\"https:\/\/www.vogelsanginstitut.at\/at\/wp-content\/uploads\/2019\/05\/0332.jpg\" alt=\"\" class=\"wp-image-1662\" srcset=\"http:\/\/www.vogelsanginstitut.at\/at\/wp-content\/uploads\/2019\/05\/0332.jpg 538w, http:\/\/www.vogelsanginstitut.at\/at\/wp-content\/uploads\/2019\/05\/0332-203x300.jpg 203w\" sizes=\"(max-width: 538px) 100vw, 538px\" \/><\/figure>\n\n\n\n<figure class=\"wp-block-image\"><img loading=\"lazy\" decoding=\"async\" width=\"463\" height=\"676\" data-id=\"1660\" src=\"https:\/\/www.vogelsanginstitut.at\/at\/wp-content\/uploads\/2019\/05\/0344.jpg\" alt=\"\" class=\"wp-image-1660\" srcset=\"http:\/\/www.vogelsanginstitut.at\/at\/wp-content\/uploads\/2019\/05\/0344.jpg 463w, http:\/\/www.vogelsanginstitut.at\/at\/wp-content\/uploads\/2019\/05\/0344-205x300.jpg 205w\" sizes=\"(max-width: 463px) 100vw, 463px\" \/><\/figure>\n\n\n\n<figure class=\"wp-block-image\"><img loading=\"lazy\" decoding=\"async\" width=\"466\" height=\"649\" data-id=\"1661\" src=\"https:\/\/www.vogelsanginstitut.at\/at\/wp-content\/uploads\/2019\/05\/0418.jpg\" alt=\"\" class=\"wp-image-1661\" srcset=\"http:\/\/www.vogelsanginstitut.at\/at\/wp-content\/uploads\/2019\/05\/0418.jpg 466w, http:\/\/www.vogelsanginstitut.at\/at\/wp-content\/uploads\/2019\/05\/0418-215x300.jpg 215w\" sizes=\"(max-width: 466px) 100vw, 466px\" \/><\/figure>\n\n\n\n<figure class=\"wp-block-image\"><img loading=\"lazy\" decoding=\"async\" width=\"454\" height=\"691\" data-id=\"1658\" src=\"https:\/\/www.vogelsanginstitut.at\/at\/wp-content\/uploads\/2019\/05\/0598.jpg\" alt=\"\" class=\"wp-image-1658\" srcset=\"http:\/\/www.vogelsanginstitut.at\/at\/wp-content\/uploads\/2019\/05\/0598.jpg 454w, http:\/\/www.vogelsanginstitut.at\/at\/wp-content\/uploads\/2019\/05\/0598-197x300.jpg 197w\" sizes=\"(max-width: 454px) 100vw, 454px\" \/><\/figure>\n\n\n\n<figure class=\"wp-block-image\"><img loading=\"lazy\" decoding=\"async\" width=\"463\" height=\"697\" data-id=\"1659\" src=\"https:\/\/www.vogelsanginstitut.at\/at\/wp-content\/uploads\/2019\/05\/0341.jpg\" alt=\"\" class=\"wp-image-1659\" srcset=\"http:\/\/www.vogelsanginstitut.at\/at\/wp-content\/uploads\/2019\/05\/0341.jpg 463w, http:\/\/www.vogelsanginstitut.at\/at\/wp-content\/uploads\/2019\/05\/0341-199x300.jpg 199w\" sizes=\"(max-width: 463px) 100vw, 463px\" \/><\/figure>\n\n\n\n<figure class=\"wp-block-image\"><img loading=\"lazy\" decoding=\"async\" width=\"460\" height=\"664\" data-id=\"1657\" src=\"https:\/\/www.vogelsanginstitut.at\/at\/wp-content\/uploads\/2019\/05\/0647.jpg\" alt=\"\" class=\"wp-image-1657\" srcset=\"http:\/\/www.vogelsanginstitut.at\/at\/wp-content\/uploads\/2019\/05\/0647.jpg 460w, http:\/\/www.vogelsanginstitut.at\/at\/wp-content\/uploads\/2019\/05\/0647-208x300.jpg 208w\" sizes=\"(max-width: 460px) 100vw, 460px\" \/><\/figure>\n\n\n\n<figure class=\"wp-block-image\"><img loading=\"lazy\" decoding=\"async\" width=\"451\" height=\"694\" data-id=\"1656\" src=\"https:\/\/www.vogelsanginstitut.at\/at\/wp-content\/uploads\/2019\/05\/0646.jpg\" alt=\"\" class=\"wp-image-1656\" srcset=\"http:\/\/www.vogelsanginstitut.at\/at\/wp-content\/uploads\/2019\/05\/0646.jpg 451w, http:\/\/www.vogelsanginstitut.at\/at\/wp-content\/uploads\/2019\/05\/0646-195x300.jpg 195w\" sizes=\"(max-width: 451px) 100vw, 451px\" \/><\/figure>\n\n\n\n<figure class=\"wp-block-image\"><img loading=\"lazy\" decoding=\"async\" width=\"469\" height=\"694\" data-id=\"1655\" src=\"https:\/\/www.vogelsanginstitut.at\/at\/wp-content\/uploads\/2019\/05\/0678.jpg\" alt=\"\" class=\"wp-image-1655\" srcset=\"http:\/\/www.vogelsanginstitut.at\/at\/wp-content\/uploads\/2019\/05\/0678.jpg 469w, http:\/\/www.vogelsanginstitut.at\/at\/wp-content\/uploads\/2019\/05\/0678-203x300.jpg 203w\" sizes=\"(max-width: 469px) 100vw, 469px\" \/><\/figure>\n\n\n\n<figure class=\"wp-block-image\"><img loading=\"lazy\" decoding=\"async\" width=\"457\" height=\"667\" data-id=\"1654\" src=\"https:\/\/www.vogelsanginstitut.at\/at\/wp-content\/uploads\/2019\/05\/0677.jpg\" alt=\"\" class=\"wp-image-1654\" srcset=\"http:\/\/www.vogelsanginstitut.at\/at\/wp-content\/uploads\/2019\/05\/0677.jpg 457w, http:\/\/www.vogelsanginstitut.at\/at\/wp-content\/uploads\/2019\/05\/0677-206x300.jpg 206w\" sizes=\"(max-width: 457px) 100vw, 457px\" \/><\/figure>\n\n\n\n<figure class=\"wp-block-image\"><img loading=\"lazy\" decoding=\"async\" width=\"460\" height=\"667\" data-id=\"1653\" src=\"https:\/\/www.vogelsanginstitut.at\/at\/wp-content\/uploads\/2019\/05\/0676.jpg\" alt=\"\" class=\"wp-image-1653\" srcset=\"http:\/\/www.vogelsanginstitut.at\/at\/wp-content\/uploads\/2019\/05\/0676.jpg 460w, http:\/\/www.vogelsanginstitut.at\/at\/wp-content\/uploads\/2019\/05\/0676-207x300.jpg 207w\" sizes=\"(max-width: 460px) 100vw, 460px\" \/><\/figure>\n\n\n\n<figure class=\"wp-block-image\"><img loading=\"lazy\" decoding=\"async\" width=\"457\" height=\"670\" data-id=\"1652\" src=\"https:\/\/www.vogelsanginstitut.at\/at\/wp-content\/uploads\/2019\/05\/0675.jpg\" alt=\"\" class=\"wp-image-1652\" srcset=\"http:\/\/www.vogelsanginstitut.at\/at\/wp-content\/uploads\/2019\/05\/0675.jpg 457w, http:\/\/www.vogelsanginstitut.at\/at\/wp-content\/uploads\/2019\/05\/0675-205x300.jpg 205w\" sizes=\"(max-width: 457px) 100vw, 457px\" \/><\/figure>\n\n\n\n<figure class=\"wp-block-image\"><img loading=\"lazy\" decoding=\"async\" width=\"457\" height=\"667\" data-id=\"1651\" src=\"https:\/\/www.vogelsanginstitut.at\/at\/wp-content\/uploads\/2019\/05\/0674.jpg\" alt=\"\" class=\"wp-image-1651\" srcset=\"http:\/\/www.vogelsanginstitut.at\/at\/wp-content\/uploads\/2019\/05\/0674.jpg 457w, http:\/\/www.vogelsanginstitut.at\/at\/wp-content\/uploads\/2019\/05\/0674-206x300.jpg 206w\" sizes=\"(max-width: 457px) 100vw, 457px\" \/><\/figure>\n\n\n\n<figure class=\"wp-block-image\"><img loading=\"lazy\" decoding=\"async\" width=\"460\" height=\"667\" data-id=\"1649\" src=\"https:\/\/www.vogelsanginstitut.at\/at\/wp-content\/uploads\/2019\/05\/0775.jpg\" alt=\"\" class=\"wp-image-1649\" srcset=\"http:\/\/www.vogelsanginstitut.at\/at\/wp-content\/uploads\/2019\/05\/0775.jpg 460w, http:\/\/www.vogelsanginstitut.at\/at\/wp-content\/uploads\/2019\/05\/0775-207x300.jpg 207w\" sizes=\"(max-width: 460px) 100vw, 460px\" \/><\/figure>\n\n\n\n<figure class=\"wp-block-image\"><img loading=\"lazy\" decoding=\"async\" width=\"445\" height=\"664\" data-id=\"1650\" src=\"https:\/\/www.vogelsanginstitut.at\/at\/wp-content\/uploads\/2019\/05\/0785.jpg\" alt=\"\" class=\"wp-image-1650\" srcset=\"http:\/\/www.vogelsanginstitut.at\/at\/wp-content\/uploads\/2019\/05\/0785.jpg 445w, http:\/\/www.vogelsanginstitut.at\/at\/wp-content\/uploads\/2019\/05\/0785-201x300.jpg 201w\" sizes=\"(max-width: 445px) 100vw, 445px\" \/><\/figure>\n\n\n\n<figure class=\"wp-block-image\"><img loading=\"lazy\" decoding=\"async\" width=\"460\" height=\"658\" data-id=\"1648\" src=\"https:\/\/www.vogelsanginstitut.at\/at\/wp-content\/uploads\/2019\/05\/0761.jpg\" alt=\"\" class=\"wp-image-1648\" srcset=\"http:\/\/www.vogelsanginstitut.at\/at\/wp-content\/uploads\/2019\/05\/0761.jpg 460w, http:\/\/www.vogelsanginstitut.at\/at\/wp-content\/uploads\/2019\/05\/0761-210x300.jpg 210w\" sizes=\"(max-width: 460px) 100vw, 460px\" \/><\/figure>\n\n\n\n<figure class=\"wp-block-image\"><img loading=\"lazy\" decoding=\"async\" width=\"400\" height=\"619\" data-id=\"1647\" src=\"https:\/\/www.vogelsanginstitut.at\/at\/wp-content\/uploads\/2019\/05\/0759.jpg\" alt=\"\" class=\"wp-image-1647\" srcset=\"http:\/\/www.vogelsanginstitut.at\/at\/wp-content\/uploads\/2019\/05\/0759.jpg 400w, http:\/\/www.vogelsanginstitut.at\/at\/wp-content\/uploads\/2019\/05\/0759-194x300.jpg 194w\" sizes=\"(max-width: 400px) 100vw, 400px\" \/><\/figure>\n\n\n\n<figure class=\"wp-block-image\"><img loading=\"lazy\" decoding=\"async\" width=\"481\" height=\"700\" data-id=\"1646\" src=\"https:\/\/www.vogelsanginstitut.at\/at\/wp-content\/uploads\/2019\/05\/0854.jpg\" alt=\"\" class=\"wp-image-1646\" srcset=\"http:\/\/www.vogelsanginstitut.at\/at\/wp-content\/uploads\/2019\/05\/0854.jpg 481w, http:\/\/www.vogelsanginstitut.at\/at\/wp-content\/uploads\/2019\/05\/0854-206x300.jpg 206w\" sizes=\"(max-width: 481px) 100vw, 481px\" \/><\/figure>\n<\/figure>\n\n\n\n<p><\/p>\n","protected":false},"excerpt":{"rendered":"<p>Einen besonderen Stellenwert im Gesamtbestand nehmen Plakate und Photographien ein. Die umfangreiche Plakatsammlung des Karl von Vogelsang-Instituts ist eine der gr\u00f6\u00dften Kollektionen politischer Plakate in \u00d6sterreich. Inhaltlich umfasst der Plakatbestand &#8230;<\/p>\n","protected":false},"author":1,"featured_media":0,"parent":0,"menu_order":0,"comment_status":"closed","ping_status":"closed","template":"","meta":{"footnotes":""},"_links":{"self":[{"href":"http:\/\/www.vogelsanginstitut.at\/at\/index.php?rest_route=\/wp\/v2\/pages\/1673"}],"collection":[{"href":"http:\/\/www.vogelsanginstitut.at\/at\/index.php?rest_route=\/wp\/v2\/pages"}],"about":[{"href":"http:\/\/www.vogelsanginstitut.at\/at\/index.php?rest_route=\/wp\/v2\/types\/page"}],"author":[{"embeddable":true,"href":"http:\/\/www.vogelsanginstitut.at\/at\/index.php?rest_route=\/wp\/v2\/users\/1"}],"replies":[{"embeddable":true,"href":"http:\/\/www.vogelsanginstitut.at\/at\/index.php?rest_route=%2Fwp%2Fv2%2Fcomments&post=1673"}],"version-history":[{"count":5,"href":"http:\/\/www.vogelsanginstitut.at\/at\/index.php?rest_route=\/wp\/v2\/pages\/1673\/revisions"}],"predecessor-version":[{"id":4541,"href":"http:\/\/www.vogelsanginstitut.at\/at\/index.php?rest_route=\/wp\/v2\/pages\/1673\/revisions\/4541"}],"wp:attachment":[{"href":"http:\/\/www.vogelsanginstitut.at\/at\/index.php?rest_route=%2Fwp%2Fv2%2Fmedia&parent=1673"}],"curies":[{"name":"wp","href":"https:\/\/api.w.org\/{rel}","templated":true}]}}